{"id":427,"date":"2023-11-10T19:23:35","date_gmt":"2023-11-10T19:23:35","guid":{"rendered":"https:\/\/sites.ifi.unicamp.br\/holanda\/?page_id=427"},"modified":"2023-11-10T19:34:44","modified_gmt":"2023-11-10T19:34:44","slug":"seminarios-e-apresentacoes","status":"publish","type":"page","link":"https:\/\/sites.ifi.unicamp.br\/holanda\/seminarios-e-apresentacoes\/","title":{"rendered":"Semin\u00e1rios e Apresenta\u00e7\u00f5es"},"content":{"rendered":"<p><\/p>\n<ul>\n<li><a href=\"https:\/\/www.youtube.com\/watch?v=EZSSYU9jXzw\">Col\u00f3quio do IFGW<\/a>, 14\/09\/2023 &#8211; <em>Neutrinos Solares e o M\u00e9todo Cient\u00edfico<\/em><\/li>\n<li><a href=\"https:\/\/www.youtube.com\/watch?v=O5N8YlP4g6A\">Entrevista no Instituto Princ\u00edpia<\/a>, 09\/03\/2023 &#8211; <em>O sol como fonte de part\u00edculas fantasmag\u00f3ricas<\/em><\/li>\n<\/ul>\n<p><\/p>","protected":false},"excerpt":{"rendered":"<p>Col\u00f3quio do IFGW, 14\/09\/2023 &#8211; Neutrinos Solares e o M\u00e9todo Cient\u00edfico Entrevista no Instituto Princ\u00edpia, 09\/03\/2023 &#8211; O sol como fonte de part\u00edculas fantasmag\u00f3ricas<\/p>\n","protected":false},"author":28,"featured_media":0,"parent":0,"menu_order":0,"comment_status":"closed","ping_status":"closed","template":"","meta":{"ngg_post_thumbnail":0,"footnotes":""},"class_list":["post-427","page","type-page","status-publish","hentry","nodate","item-wrap"],"_links":{"self":[{"href":"https:\/\/sites.ifi.unicamp.br\/holanda\/wp-json\/wp\/v2\/pages\/427","targetHints":{"allow":["GET"]}}],"collection":[{"href":"https:\/\/sites.ifi.unicamp.br\/holanda\/wp-json\/wp\/v2\/pages"}],"about":[{"href":"https:\/\/sites.ifi.unicamp.br\/holanda\/wp-json\/wp\/v2\/types\/page"}],"author":[{"embeddable":true,"href":"https:\/\/sites.ifi.unicamp.br\/holanda\/wp-json\/wp\/v2\/users\/28"}],"replies":[{"embeddable":true,"href":"https:\/\/sites.ifi.unicamp.br\/holanda\/wp-json\/wp\/v2\/comments?post=427"}],"version-history":[{"count":4,"href":"https:\/\/sites.ifi.unicamp.br\/holanda\/wp-json\/wp\/v2\/pages\/427\/revisions"}],"predecessor-version":[{"id":435,"href":"https:\/\/sites.ifi.unicamp.br\/holanda\/wp-json\/wp\/v2\/pages\/427\/revisions\/435"}],"wp:attachment":[{"href":"https:\/\/sites.ifi.unicamp.br\/holanda\/wp-json\/wp\/v2\/media?parent=427"}],"curies":[{"name":"wp","href":"https:\/\/api.w.org\/{rel}","templated":true}]}}