{"id":448,"date":"2024-09-15T20:51:07","date_gmt":"2024-09-15T20:51:07","guid":{"rendered":"https:\/\/sites.ifi.unicamp.br\/holanda\/?page_id=448"},"modified":"2024-09-15T23:03:49","modified_gmt":"2024-09-15T23:03:49","slug":"redefor","status":"publish","type":"page","link":"https:\/\/sites.ifi.unicamp.br\/holanda\/ensino\/redefor\/","title":{"rendered":"Redefor"},"content":{"rendered":"<p>O Programa Rede S\u00e3o Paulo de Forma\u00e7\u00e3o Docente \u2013 REDEFOR foi um programa voltado \u00e0 capacita\u00e7\u00e3o profissional de educadores da rede estadual, em diversas \u00e1reas do conhecimento, por meio de conv\u00eanios com a Universidade de S\u00e3o Paulo (USP), Universidade Estadual de Campinas (UNICAMP) e Universidade Estadual Paulista \u201cJ\u00falio de Mesquita Filho\u201d (UNESP).. Participei desse programa entre 2010 e 2012, sendo respons\u00e1vel por criar o conte\u00fado do curso <strong>Equipamentos el\u00e9tricos e telecomunica\u00e7\u00f5es<\/strong>. O programa foi descontinuado, e a divulga\u00e7\u00e3o do material pelo estado foi interrompida. Apresento aqui as minhas c\u00f3pias do material desenvolvido.<\/p>\n<p>H\u00e1 problemas de formata\u00e7\u00e3o, aus\u00eancia de figuras, e links quebrados, que pretendo corrigir com o tempo.<\/p>\n<hr>\n<p align=\"justify\">Neste curso, intitulado &#8220;<strong>Equipamentos el\u00e9tricos e telecomunica\u00e7\u00f5es<\/strong>&#8220;, ser\u00e3o apresentados os princ\u00edpios fundamentais que regem o funcionamento de aparelhos e dispositivos que utilizam de alguma forma energia eletromagn\u00e9tica.<\/p>\n<p align=\"justify\">&nbsp;<\/p>\n<p align=\"justify\">O curso est\u00e1 dividido em 3 t\u00f3picos principais, listados abaixo. O material est\u00e1 dispon\u00edvel seguindo os links em cada t\u00f3pico e sub-t\u00f3pico.<\/p>\n<p><\/p>","protected":false},"excerpt":{"rendered":"<p>O Programa Rede S\u00e3o Paulo de Forma\u00e7\u00e3o Docente \u2013 REDEFOR foi um programa voltado \u00e0 capacita\u00e7\u00e3o profissional de educadores da rede estadual, em diversas \u00e1reas do conhecimento, por meio de conv\u00eanios com a Universidade de S\u00e3o Paulo (USP), Universidade Estadual de Campinas (UNICAMP) e Universidade Estadual Paulista \u201cJ\u00falio de Mesquita Filho\u201d (UNESP).. Participei desse programa &hellip; <\/p>\n<p><a class=\"more-link btn\" href=\"https:\/\/sites.ifi.unicamp.br\/holanda\/ensino\/redefor\/\">Continue lendo<\/a><\/p>\n","protected":false},"author":28,"featured_media":0,"parent":86,"menu_order":0,"comment_status":"closed","ping_status":"closed","template":"","meta":{"ngg_post_thumbnail":0,"footnotes":""},"class_list":["post-448","page","type-page","status-publish","hentry","nodate","item-wrap"],"_links":{"self":[{"href":"https:\/\/sites.ifi.unicamp.br\/holanda\/wp-json\/wp\/v2\/pages\/448","targetHints":{"allow":["GET"]}}],"collection":[{"href":"https:\/\/sites.ifi.unicamp.br\/holanda\/wp-json\/wp\/v2\/pages"}],"about":[{"href":"https:\/\/sites.ifi.unicamp.br\/holanda\/wp-json\/wp\/v2\/types\/page"}],"author":[{"embeddable":true,"href":"https:\/\/sites.ifi.unicamp.br\/holanda\/wp-json\/wp\/v2\/users\/28"}],"replies":[{"embeddable":true,"href":"https:\/\/sites.ifi.unicamp.br\/holanda\/wp-json\/wp\/v2\/comments?post=448"}],"version-history":[{"count":6,"href":"https:\/\/sites.ifi.unicamp.br\/holanda\/wp-json\/wp\/v2\/pages\/448\/revisions"}],"predecessor-version":[{"id":505,"href":"https:\/\/sites.ifi.unicamp.br\/holanda\/wp-json\/wp\/v2\/pages\/448\/revisions\/505"}],"up":[{"embeddable":true,"href":"https:\/\/sites.ifi.unicamp.br\/holanda\/wp-json\/wp\/v2\/pages\/86"}],"wp:attachment":[{"href":"https:\/\/sites.ifi.unicamp.br\/holanda\/wp-json\/wp\/v2\/media?parent=448"}],"curies":[{"name":"wp","href":"https:\/\/api.w.org\/{rel}","templated":true}]}}