{"id":95,"date":"2014-01-06T16:08:16","date_gmt":"2014-01-06T16:08:16","guid":{"rendered":"https:\/\/sites.ifi.unicamp.br\/modelodocente\/?page_id=77"},"modified":"2015-09-11T12:17:04","modified_gmt":"2015-09-11T12:17:04","slug":"quem-sou","status":"publish","type":"page","link":"https:\/\/sites.ifi.unicamp.br\/holanda\/","title":{"rendered":"Quem sou"},"content":{"rendered":"<p><a href=\"https:\/\/sites.ifi.unicamp.br\/holanda\/files\/2014\/01\/PedroHolanda.jpg\"><img loading=\"lazy\" decoding=\"async\" class=\" wp-image-193 size-medium alignleft\" src=\"https:\/\/sites.ifi.unicamp.br\/holanda\/files\/2014\/01\/PedroHolanda-235x300.jpg\" alt=\"\" width=\"235\" height=\"300\" srcset=\"https:\/\/sites.ifi.unicamp.br\/holanda\/files\/2014\/01\/PedroHolanda-235x300.jpg 235w, https:\/\/sites.ifi.unicamp.br\/holanda\/files\/2014\/01\/PedroHolanda-805x1024.jpg 805w\" sizes=\"auto, (max-width: 235px) 100vw, 235px\" \/><\/a>Possui gradua\u00e7\u00e3o em F\u00edsica pela Universidade Estadual de Campinas (1995), mestrado (1997) e doutorado (2001) em F\u00edsica pela Universidade Estadual de Campinas (2001). Obteve o t\u00edtulo de livre-doc\u00eancia pela Universidade Estadual de Campinas em 2012. Atualmente \u00e9 professor MS5 do Instituto de F\u00edsica Gleb Wataghin &#8211; Universidade Estadual de Campinas. Tem experi\u00eancia na \u00e1rea de F\u00edsica de Part\u00edculas, com \u00eanfase em Propriedades Espec\u00edficas de Neutrinos, atuando principalmente nos seguintes temas: oscila\u00e7\u00e3o de neutrinos e neutrinos em cosmologia.<\/p>","protected":false},"excerpt":{"rendered":"<p>Possui gradua\u00e7\u00e3o em F\u00edsica pela Universidade Estadual de Campinas (1995), mestrado (1997) e doutorado (2001) em F\u00edsica pela Universidade Estadual de Campinas (2001). Obteve o t\u00edtulo de livre-doc\u00eancia pela Universidade Estadual de Campinas em 2012. Atualmente \u00e9 professor MS5 do Instituto de F\u00edsica Gleb Wataghin &#8211; Universidade Estadual de Campinas. Tem experi\u00eancia na \u00e1rea de &hellip; <\/p>\n<p><a class=\"more-link btn\" href=\"https:\/\/sites.ifi.unicamp.br\/holanda\/\">Continue lendo<\/a><\/p>\n","protected":false},"author":28,"featured_media":0,"parent":0,"menu_order":0,"comment_status":"open","ping_status":"open","template":"","meta":{"ngg_post_thumbnail":0,"footnotes":""},"class_list":["post-95","page","type-page","status-publish","hentry","nodate","item-wrap"],"_links":{"self":[{"href":"https:\/\/sites.ifi.unicamp.br\/holanda\/wp-json\/wp\/v2\/pages\/95","targetHints":{"allow":["GET"]}}],"collection":[{"href":"https:\/\/sites.ifi.unicamp.br\/holanda\/wp-json\/wp\/v2\/pages"}],"about":[{"href":"https:\/\/sites.ifi.unicamp.br\/holanda\/wp-json\/wp\/v2\/types\/page"}],"author":[{"embeddable":true,"href":"https:\/\/sites.ifi.unicamp.br\/holanda\/wp-json\/wp\/v2\/users\/28"}],"replies":[{"embeddable":true,"href":"https:\/\/sites.ifi.unicamp.br\/holanda\/wp-json\/wp\/v2\/comments?post=95"}],"version-history":[{"count":6,"href":"https:\/\/sites.ifi.unicamp.br\/holanda\/wp-json\/wp\/v2\/pages\/95\/revisions"}],"predecessor-version":[{"id":251,"href":"https:\/\/sites.ifi.unicamp.br\/holanda\/wp-json\/wp\/v2\/pages\/95\/revisions\/251"}],"wp:attachment":[{"href":"https:\/\/sites.ifi.unicamp.br\/holanda\/wp-json\/wp\/v2\/media?parent=95"}],"curies":[{"name":"wp","href":"https:\/\/api.w.org\/{rel}","templated":true}]}}