{"id":323,"date":"2017-01-23T10:49:30","date_gmt":"2017-01-23T12:49:30","guid":{"rendered":"https:\/\/sites.ifi.unicamp.br\/hpc\/?page_id=323"},"modified":"2025-03-21T15:38:42","modified_gmt":"2025-03-21T18:38:42","slug":"normas-e-procedimentos-para-utilizacao-da-sala-de-equipamentos-do-data-center-do-ccjdr","status":"publish","type":"page","link":"https:\/\/sites.ifi.unicamp.br\/hpc\/politicas\/normas-e-procedimentos-para-utilizacao-da-sala-de-equipamentos-do-data-center-do-ccjdr\/","title":{"rendered":"Regras b\u00e1sicas de utiliza\u00e7\u00e3o dos computadores de alto desempenho do CCJDR (IFGW)"},"content":{"rendered":"<p>Depois de amplo per\u00edodo de estudos, foi concebido um conjunto de normas para uso do data center do CCJDR em rela\u00e7\u00e3o ao hardware e software, al\u00e9m de outras diretrizes.<\/p>\n<p>Um dos itens para destaque, de acordo com a Resolu\u00e7\u00e3o ComTIC 002\/2015, descrevem quais s\u00e3o as caracter\u00edsticas para os equipamentos de HPC utilizarem a infraestrutura do CCJDR.<\/p>\n<p>As normas completas est\u00e3o dispon\u00edveis em <a class=\"moz-txt-link-freetext\" href=\"https:\/\/portal.ifi.unicamp.br\/images\/files\/intranet\/comtic\/ComTIC022015v2.pdf\">https:\/\/portal.ifi.unicamp.br\/images\/files\/intranet\/comtic\/ComTIC022015v2.pdf<\/a><\/p>\n<p>Em caso de d\u00favidas, estamos \u00e0 disposi\u00e7\u00e3o pelo <a class=\"moz-txt-link-freetext\" href=\"https:\/\/os.ifi.unicamp.br\/\">https:\/\/os.ifi.unicamp.br<\/a>.<\/p>\n<div>\n<div>&nbsp;<\/div>\n<div class=\"entry-container fix\">Para ter acesso ao cluster \u00e9 necess\u00e1rio um projeto aprovado de um docente do IFGW. O formul\u00e1rio de inscri\u00e7\u00e3o est\u00e1 dispon\u00edvel dos seguintes modos:<\/div>\n<p>&nbsp;<\/p>\n<p>1) Para docentes do IFGW: Acesso ao formul\u00e1rio \u00e9 atrav\u00e9s do site interno do IFGW <a href=\"https:\/\/os.ifi.unicamp.br\">https:\/\/os.ifi.unicamp.br<\/a>, na fila CCJDR-HPC-Inclusao-Projeto ;<\/p>\n<p>2) Para n\u00e3o-docentes do IFGW: Formul\u00e1rio dispon\u00edvel, <a href=\"https:\/\/survey4.ccuec.unicamp.br\/index.php\/568976?lang=pt-BR\">clique aqui.<\/a><\/p>\n<\/div>\n<p>&nbsp;<\/p>\n","protected":false},"excerpt":{"rendered":"<p>Depois de amplo per\u00edodo de estudos, foi concebido um conjunto de normas para uso do data center do CCJDR em rela\u00e7\u00e3o ao hardware e software, al\u00e9m de outras diretrizes. Um dos itens para destaque, de acordo com a Resolu\u00e7\u00e3o ComTIC 002\/2015, descrevem quais s\u00e3o as caracter\u00edsticas para os equipamentos de HPC utilizarem a infraestrutura do &hellip; <\/p>\n<p><a class=\"more-link btn\" href=\"https:\/\/sites.ifi.unicamp.br\/hpc\/politicas\/normas-e-procedimentos-para-utilizacao-da-sala-de-equipamentos-do-data-center-do-ccjdr\/\">Continue lendo<\/a><\/p>\n","protected":false},"author":62,"featured_media":0,"parent":321,"menu_order":0,"comment_status":"closed","ping_status":"closed","template":"","meta":{"ngg_post_thumbnail":0,"footnotes":""},"class_list":["post-323","page","type-page","status-publish","hentry","nodate","item-wrap"],"_links":{"self":[{"href":"https:\/\/sites.ifi.unicamp.br\/hpc\/wp-json\/wp\/v2\/pages\/323","targetHints":{"allow":["GET"]}}],"collection":[{"href":"https:\/\/sites.ifi.unicamp.br\/hpc\/wp-json\/wp\/v2\/pages"}],"about":[{"href":"https:\/\/sites.ifi.unicamp.br\/hpc\/wp-json\/wp\/v2\/types\/page"}],"author":[{"embeddable":true,"href":"https:\/\/sites.ifi.unicamp.br\/hpc\/wp-json\/wp\/v2\/users\/62"}],"replies":[{"embeddable":true,"href":"https:\/\/sites.ifi.unicamp.br\/hpc\/wp-json\/wp\/v2\/comments?post=323"}],"version-history":[{"count":5,"href":"https:\/\/sites.ifi.unicamp.br\/hpc\/wp-json\/wp\/v2\/pages\/323\/revisions"}],"predecessor-version":[{"id":602,"href":"https:\/\/sites.ifi.unicamp.br\/hpc\/wp-json\/wp\/v2\/pages\/323\/revisions\/602"}],"up":[{"embeddable":true,"href":"https:\/\/sites.ifi.unicamp.br\/hpc\/wp-json\/wp\/v2\/pages\/321"}],"wp:attachment":[{"href":"https:\/\/sites.ifi.unicamp.br\/hpc\/wp-json\/wp\/v2\/media?parent=323"}],"curies":[{"name":"wp","href":"https:\/\/api.w.org\/{rel}","templated":true}]}}