{"id":87,"date":"2014-03-17T15:27:41","date_gmt":"2014-03-17T15:27:41","guid":{"rendered":"https:\/\/sites.ifi.unicamp.br\/modelogrupo\/?page_id=35"},"modified":"2014-10-10T08:57:18","modified_gmt":"2014-10-10T11:57:18","slug":"links","status":"publish","type":"page","link":"https:\/\/sites.ifi.unicamp.br\/hpc\/links\/","title":{"rendered":"Links"},"content":{"rendered":"<p><\/p>\n<ol>\n<ol>\n<li><a href=\"http:\/\/software.intel.com\/en-us\/articles\/intel-mkl-link-line-advisor\/\" target=\"_blank\">P\u00e1gina da Intel para auxilio da escolha dos flags do MKL;<\/a><\/li>\n<li><a href=\"http:\/\/software.intel.com\/en-us\/articles\/getting-started-with-openmp\/\" target=\"_blank\">Introdu\u00e7\u00e3o ao OpenMP;<\/a><\/li>\n<li><a href=\"http:\/\/techpubs.sgi.com\/library\/manuals\/3000\/007-3773-003\/pdf\/007-3773-003.pdf\">Documenta\u00e7\u00e3o do MPT (MPI da SGI);<\/a><\/li>\n<li><a href=\"https:\/\/computing.llnl.gov\/tutorials\/totalview\/#Part1\" target=\"_blank\">Tutorial para Totalview;<\/a><\/li>\n<li><a href=\"http:\/\/software.intel.com\/en-us\/articles\/intel-mkl-link-line-advisor\/\">MKL link advisor;<\/a><\/li>\n<li><a href=\"http:\/\/reference.wolfram.com\/mathematica\/CUDALink\/tutorial\/Overview.html\">Manual do mathematica para utiliza\u00e7\u00e3o com CUDA;<\/a><\/li>\n<li><a title=\"HPC Advisory Council Best Practices\" href=\"http:\/\/www.hpcadvisorycouncil.com\/best_practices.php\">HPC Advisory Council Best Practices;<\/a><\/li>\n<\/ol>\n<\/ol>\n<p><\/p>","protected":false},"excerpt":{"rendered":"<p>P\u00e1gina da Intel para auxilio da escolha dos flags do MKL; Introdu\u00e7\u00e3o ao OpenMP; Documenta\u00e7\u00e3o do MPT (MPI da SGI); Tutorial para Totalview; MKL link advisor; Manual do mathematica para utiliza\u00e7\u00e3o com CUDA; HPC Advisory Council Best Practices;<\/p>\n","protected":false},"author":71,"featured_media":0,"parent":0,"menu_order":3,"comment_status":"closed","ping_status":"closed","template":"","meta":{"ngg_post_thumbnail":0,"footnotes":""},"class_list":["post-87","page","type-page","status-publish","hentry","nodate","item-wrap"],"_links":{"self":[{"href":"https:\/\/sites.ifi.unicamp.br\/hpc\/wp-json\/wp\/v2\/pages\/87","targetHints":{"allow":["GET"]}}],"collection":[{"href":"https:\/\/sites.ifi.unicamp.br\/hpc\/wp-json\/wp\/v2\/pages"}],"about":[{"href":"https:\/\/sites.ifi.unicamp.br\/hpc\/wp-json\/wp\/v2\/types\/page"}],"author":[{"embeddable":true,"href":"https:\/\/sites.ifi.unicamp.br\/hpc\/wp-json\/wp\/v2\/users\/71"}],"replies":[{"embeddable":true,"href":"https:\/\/sites.ifi.unicamp.br\/hpc\/wp-json\/wp\/v2\/comments?post=87"}],"version-history":[{"count":4,"href":"https:\/\/sites.ifi.unicamp.br\/hpc\/wp-json\/wp\/v2\/pages\/87\/revisions"}],"predecessor-version":[{"id":173,"href":"https:\/\/sites.ifi.unicamp.br\/hpc\/wp-json\/wp\/v2\/pages\/87\/revisions\/173"}],"wp:attachment":[{"href":"https:\/\/sites.ifi.unicamp.br\/hpc\/wp-json\/wp\/v2\/media?parent=87"}],"curies":[{"name":"wp","href":"https:\/\/api.w.org\/{rel}","templated":true}]}}