{"id":32,"date":"2014-03-17T13:53:26","date_gmt":"2014-03-17T13:53:26","guid":{"rendered":"https:\/\/sites.ifi.unicamp.br\/modelogrupo\/?page_id=27"},"modified":"2017-08-02T19:39:55","modified_gmt":"2017-08-02T19:39:55","slug":"programacao","status":"publish","type":"page","link":"https:\/\/sites.ifi.unicamp.br\/iienfi\/programacao\/","title":{"rendered":"Programa"},"content":{"rendered":"<p><strong>ENFI 2015 \u2013 Encontro Nacional de F\u00edsica na Ind\u00fastria<\/strong><\/p>\n<p><strong>10 e 11 de Agosto de 2015<\/strong><\/p>\n<p><strong>Campinas \u2013 SP <\/strong><\/p>\n<p><strong>Segunda-feira (23 de outubro de 2017)<\/strong><\/p>\n<p><strong>8:00&nbsp;&nbsp;&nbsp;&nbsp;<\/strong>&nbsp;&nbsp;&nbsp;&nbsp;&nbsp;&nbsp;&nbsp;&nbsp;&nbsp;&nbsp;&nbsp;&nbsp; Recep\u00e7\u00e3o<\/p>\n<p><strong>8:30-9:15&nbsp;&nbsp;<\/strong>&nbsp;&nbsp;&nbsp;&nbsp;&nbsp; Abertura<\/p>\n<p>&nbsp;<\/p>\n<p><b>Pascoal Pagliuso<\/b> \u2013 Diretor do Instituto de F\u00edsica da Unicamp<\/p>\n<p><strong>9:15&nbsp;<\/strong>&nbsp;&nbsp;&nbsp;&nbsp;&nbsp;&nbsp;&nbsp;&nbsp;&nbsp;&nbsp;&nbsp;&nbsp;&nbsp;&nbsp;&nbsp; <em><strong>Sess\u00e3o 1: A competitividade atrav\u00e9s de pesquisa e inova\u00e7\u00e3o<\/strong><\/em><\/p>\n<p><strong>Coordenador de sess\u00e3o: Paulo Dainese<\/strong><\/p>\n<p>Nesta sess\u00e3o, ser\u00e3o discutidos aspectos gerais de pesquisa e inova\u00e7\u00e3o em grandes empresas e o que elas oferecem para atrair jovens brilhantes:<\/p>\n<ul>\n<li>a import\u00e2ncia da pesquisa para que a empresa seja competitiva;<\/li>\n<li>exemplos de produtos de alta tecnologia desenvolvidos dentro da empresa que a tenha ajudado a se posicionar como l\u00edder em seu mercado;<\/li>\n<li>quais as principais \u00e1reas de investimento em pesquisa;<\/li>\n<li>como a empresas se organizam para fazer pesquisa e inova\u00e7\u00e3o;<\/li>\n<li>perspectivas para o cientista que busca atuar fora do meio acad\u00eamico;<\/li>\n<\/ul>\n<p><strong>9:15-10:00&nbsp;&nbsp;<\/strong>&nbsp;&nbsp;&nbsp; <strong>Embraer \u2013 Giorgia Taiacol Aleixo, Engenharia de Materiais e Processos<\/strong><\/p>\n<p><strong>10:00-10:30<\/strong>&nbsp;&nbsp;&nbsp; COFFEE BREAK<\/p>\n<p><strong>10:30-11:15&nbsp;&nbsp;&nbsp; CPqD \u2013 Juliano Rodrigues F. de Oliveira, Gerente de Comunica\u00e7\u00f5es \u00d3pticas<\/strong><\/p>\n<p><strong>11:15-12:00&nbsp;&nbsp;&nbsp; IPT \u2013 Fernando Landgraff, Diretor Presidente<\/strong><\/p>\n<p><strong>12:00-14:00<\/strong> &nbsp;Almo\u00e7o<\/p>\n<p><strong>14:00&nbsp;&nbsp;&nbsp;<\/strong>&nbsp;&nbsp;&nbsp;&nbsp;&nbsp;&nbsp;&nbsp;&nbsp;&nbsp;&nbsp;<em>&nbsp; <strong>Sess\u00e3o 2: Empreendedorismo em alta tecnologia<\/strong><\/em><\/p>\n<p><strong>Coordenador de sess\u00e3o: Adriano R. De Lima<\/strong><\/p>\n<p>O objetivo desta sess\u00e3o \u00e9 discutir elementos importantes para futuros empreendedores, desde mecanismos de apoio para cria\u00e7\u00e3o de startups, financiamento de pesquisa, ag\u00eancias de inova\u00e7\u00e3o, busca de parceiros comerciais e finalmente ouvir sobre a experi\u00eancias daqueles que j\u00e1 est\u00e3o seguindo esta trajet\u00f3ria.<\/p>\n<p><strong>14:00-14:45&nbsp;&nbsp;<\/strong>&nbsp; <strong>FAPESP \u2013 Dr. S\u00e9rgio Queiroz, Programas de Financiamento para Start-ups<\/strong><\/p>\n<p><strong>14:45-15:30&nbsp;&nbsp;&nbsp; INOVA \u2013 Infra-estrutura e apoio a jovens empreendedores, Prof. Milton Moura, Diretor INOVA Unicamp<\/strong><\/p>\n<p><strong>15:30-16:00&nbsp;&nbsp;<\/strong>&nbsp; COFFEE-BREAK<\/p>\n<p><strong>16:00-16:45&nbsp;&nbsp;&nbsp; Dr. Dario Sassi Thober (Centro Wernher von Braun)<\/strong><\/p>\n<p><strong>16:45-18:00<\/strong>&nbsp;&nbsp;&nbsp; Mesa redonda<\/p>\n<p><strong>Adriano R. De Lima (InMetrics)<\/strong><\/p>\n<p><strong>Dario Sassi Thober (Centro Wernher von Braun)<\/strong><\/p>\n<p><strong>Armando Alaminos (MEVIS)<\/strong><\/p>\n<p><strong>Jaqueline Vaz Maiolino (Orbital Engenharia)<\/strong><\/p>\n<p><strong>18:00-19:00<\/strong>&nbsp;&nbsp;&nbsp; Sess\u00e3o de p\u00f4ster e exposi\u00e7\u00e3o<\/p>\n<p><strong>Ter\u00e7a-feira (11 de agosto de 2015)<\/strong><\/p>\n<p><strong>8:30<\/strong>&nbsp;&nbsp;&nbsp;&nbsp;&nbsp;&nbsp;&nbsp;&nbsp;&nbsp;&nbsp;&nbsp;&nbsp;&nbsp;&nbsp;&nbsp;&nbsp;<em><strong> Sess\u00e3o 3: O f\u00edsico no setor empresarial:<\/strong><\/em><\/p>\n<p><strong>Cordenador de sess\u00e3o: Mario Bernal<\/strong><\/p>\n<p>Discutir diferentes formas de atua\u00e7\u00e3o do f\u00edsico ou engenheiro f\u00edsico no setor empresarial. A habilidade de pensar de forma estruturada e de interagir com profissionais de diferentes \u00e1reas do conhecimento lhe d\u00e3o uma posi\u00e7\u00e3o \u00fanica como&#8230;<\/p>\n<p><strong>8:30-9:15&nbsp;&nbsp;&nbsp;&nbsp;<\/strong>&nbsp;&nbsp;&nbsp;&nbsp;&nbsp;&nbsp;&nbsp;&nbsp;&nbsp;&nbsp;&nbsp;&nbsp;&nbsp;&nbsp;<strong>&nbsp; &#8230;como l\u00edder de projetos de pesquisa e inova\u00e7\u00e3o \u2013 Harry Westfahl<\/strong><strong>, LNLS<\/strong><\/p>\n<p><strong>9:15-10:00&nbsp;&nbsp;&nbsp;&nbsp;&nbsp;&nbsp;&nbsp;&nbsp;&nbsp;&nbsp;&nbsp;&nbsp;&nbsp;&nbsp;&nbsp;&nbsp;&nbsp; &#8230;como empreendedor \u2013 J\u00falio Oliveira, BR Photonics<\/strong><\/p>\n<p><strong>10:00-10:30&nbsp;&nbsp;<\/strong>&nbsp;&nbsp;&nbsp;&nbsp;&nbsp;&nbsp;&nbsp;&nbsp;&nbsp;&nbsp;&nbsp;&nbsp;&nbsp; COFFEE-BREAK<\/p>\n<p><strong>10:30-11:15&nbsp;&nbsp;&nbsp;&nbsp;&nbsp;&nbsp;&nbsp;&nbsp;&nbsp;&nbsp;&nbsp;&nbsp;&nbsp;&nbsp;&nbsp; &#8230;como analista no setor financeiro \u2013 Alessandro Marques, Bank of America<\/strong><\/p>\n<p><strong>11:15-12:00&nbsp;&nbsp;&nbsp;&nbsp;&nbsp;&nbsp;&nbsp;&nbsp;&nbsp;&nbsp;&nbsp;&nbsp;&nbsp;&nbsp;&nbsp; &#8230;como consultor \u2013 Clemente N\u00f3brega, Consultor<\/strong><\/p>\n<p><strong>12:00-14:00&nbsp;<\/strong>&nbsp;&nbsp;&nbsp;&nbsp;&nbsp;&nbsp;&nbsp;&nbsp;&nbsp;&nbsp;&nbsp;&nbsp;&nbsp;&nbsp; Almo\u00e7o<\/p>\n<p><strong>14:00&nbsp;&nbsp;&nbsp;&nbsp;<\/strong>&nbsp;&nbsp;&nbsp;&nbsp;&nbsp;&nbsp;&nbsp;&nbsp;&nbsp;&nbsp; <strong><em>Sess\u00e3o 4: Treinamento: uma boa ideia, um bom plano.<\/em><\/strong><\/p>\n<p><strong>Coordenador de sess\u00e3o: Pascoal Pagliuso<\/strong><\/p>\n<p>O objetivo desta sess\u00e3o \u00e9 introduzir alguns elementos b\u00e1sicos de sobre modelo de neg\u00f3cios, elementos importantes para estruturar sua ideia em um projeto convincente (a voc\u00ea mesmo e a outros). Tamb\u00e9m discutiremos aspectos da educa\u00e7\u00e3o\/forma\u00e7\u00e3o em n\u00edvel de gradua\u00e7\u00e3o e p\u00f3s-gradua\u00e7\u00e3o (o que fazemos bem e o que precisamos melhorar).<\/p>\n<p><strong>14:00-15:30&nbsp;&nbsp;&nbsp; Transforming Ideas and Inventions to Products in the Market \u2013 Dr. Surya Raghu (American Physical Society and Advanced Fluidics, Inc.)<\/strong><\/p>\n<p><strong>15:30-16:00<\/strong>&nbsp;&nbsp;&nbsp; COFFEE BREAK<\/p>\n<p><strong>16:00-17:30&nbsp;&nbsp;&nbsp;&nbsp; Mesa redonda: a forma\u00e7\u00e3o do F\u00edsico e Engenheiro F\u00edsico e sua participa\u00e7\u00e3o no setor empresarial<\/strong><\/p>\n<p>&#8211; Quais atividades est\u00e3o ou devem ser feitas para melhorar a forma\u00e7\u00e3o?<\/p>\n<p>&#8211; Papel das empresas j\u00fanior<\/p>\n<p><strong>R\u00e9gis Terenzi \u2013 LNLS<\/strong><\/p>\n<p><strong>Adriano R. De Lima (InMetrics)<\/strong><\/p>\n<p><strong>Elso Rigon (FiberWork e LamasBier)<\/strong><\/p>\n<p><strong>Paulo Dainese e Pascoal Pagliuso (Eng. F\u00edsica, UNICAMP)<\/strong><\/p>\n<p><strong>Fernando M. Araujo-Moreira \u2013 (Eng. F\u00edsica, UFSCAR)<\/strong><\/p>\n<p><strong>17:30-19:00<\/strong>&nbsp;&nbsp;&nbsp;<em><strong> Sess\u00e3o de p\u00f4ster, exposi\u00e7\u00e3o e entrega de certificados<\/strong> <\/em>&nbsp; &nbsp; &nbsp; &nbsp; &nbsp; &nbsp; &nbsp; &nbsp; &nbsp; &nbsp; &nbsp; &nbsp; &nbsp; &nbsp; &nbsp; &nbsp; &nbsp; (Atualiza\u00e7\u00e3o 17 de junho de 2015)<\/p>","protected":false},"excerpt":{"rendered":"<p>ENFI 2015 \u2013 Encontro Nacional de F\u00edsica na Ind\u00fastria 10 e 11 de Agosto de 2015 Campinas \u2013 SP Segunda-feira (23 de outubro de 2017) 8:00&nbsp;&nbsp;&nbsp;&nbsp;&nbsp;&nbsp;&nbsp;&nbsp;&nbsp;&nbsp;&nbsp;&nbsp;&nbsp;&nbsp;&nbsp;&nbsp; Recep\u00e7\u00e3o 8:30-9:15&nbsp;&nbsp;&nbsp;&nbsp;&nbsp;&nbsp;&nbsp; Abertura &nbsp; Pascoal Pagliuso \u2013 Diretor do Instituto de F\u00edsica da Unicamp 9:15&nbsp;&nbsp;&nbsp;&nbsp;&nbsp;&nbsp;&nbsp;&nbsp;&nbsp;&nbsp;&nbsp;&nbsp;&nbsp;&nbsp;&nbsp;&nbsp; Sess\u00e3o 1: A competitividade atrav\u00e9s de pesquisa e inova\u00e7\u00e3o Coordenador de sess\u00e3o: Paulo Dainese &hellip; <\/p>\n<p><a class=\"more-link btn\" href=\"https:\/\/sites.ifi.unicamp.br\/iienfi\/programacao\/\">Continue lendo<\/a><\/p>\n","protected":false},"author":7,"featured_media":0,"parent":0,"menu_order":0,"comment_status":"open","ping_status":"open","template":"","meta":{"ngg_post_thumbnail":0,"footnotes":""},"class_list":["post-32","page","type-page","status-publish","hentry","nodate","item-wrap"],"_links":{"self":[{"href":"https:\/\/sites.ifi.unicamp.br\/iienfi\/wp-json\/wp\/v2\/pages\/32","targetHints":{"allow":["GET"]}}],"collection":[{"href":"https:\/\/sites.ifi.unicamp.br\/iienfi\/wp-json\/wp\/v2\/pages"}],"about":[{"href":"https:\/\/sites.ifi.unicamp.br\/iienfi\/wp-json\/wp\/v2\/types\/page"}],"author":[{"embeddable":true,"href":"https:\/\/sites.ifi.unicamp.br\/iienfi\/wp-json\/wp\/v2\/users\/7"}],"replies":[{"embeddable":true,"href":"https:\/\/sites.ifi.unicamp.br\/iienfi\/wp-json\/wp\/v2\/comments?post=32"}],"version-history":[{"count":33,"href":"https:\/\/sites.ifi.unicamp.br\/iienfi\/wp-json\/wp\/v2\/pages\/32\/revisions"}],"predecessor-version":[{"id":364,"href":"https:\/\/sites.ifi.unicamp.br\/iienfi\/wp-json\/wp\/v2\/pages\/32\/revisions\/364"}],"wp:attachment":[{"href":"https:\/\/sites.ifi.unicamp.br\/iienfi\/wp-json\/wp\/v2\/media?parent=32"}],"curies":[{"name":"wp","href":"https:\/\/api.w.org\/{rel}","templated":true}]}}