{"id":33,"date":"2014-03-17T13:53:39","date_gmt":"2014-03-17T13:53:39","guid":{"rendered":"https:\/\/sites.ifi.unicamp.br\/modelogrupo\/?page_id=29"},"modified":"2017-08-14T19:15:22","modified_gmt":"2017-08-14T19:15:22","slug":"inscricoes","status":"publish","type":"page","link":"https:\/\/sites.ifi.unicamp.br\/iienfi\/inscricoes\/","title":{"rendered":"Inscri\u00e7\u00f5es"},"content":{"rendered":"<p><strong>INSCRI\u00c7\u00d5ES ESGOTADAS!<\/strong><\/p>\n<p>&nbsp;<\/p>\n<p>Para efetuar sua inscri\u00e7\u00e3o corretamente \u00e9 necess\u00e1rio que sejam cumpridos os seguintes procedimentos:<\/p>\n<ul>\n<li><strong>clique aqui,&nbsp;<\/strong>preencha o&nbsp;<strong>Formul\u00e1rio de Inscri\u00e7\u00e3o.&nbsp;<\/strong>Para garantir sua vaga<strong>,&nbsp;<\/strong>gere e pague o<strong> boleto banc\u00e1rio<\/strong> no valor de R$ 50,00 (Cinquenta Reais). Em 3 dias \u00fateis voc\u00ea receber\u00e1 a confirma\u00e7\u00e3o da inscri\u00e7\u00e3o por email.<strong>&nbsp;IMPORTANTE: No seu primeiro acesso ao<\/strong>&nbsp;Formul\u00e1rio de Inscri\u00e7\u00e3o<strong>&nbsp;<\/strong>voc\u00ea receber\u00e1 um e-mail gerado pelo Sistema. <strong>GUARDE ESTE E-MAIL,<\/strong> para o caso de precisar sair do&nbsp;Formul\u00e1rio de Inscri\u00e7\u00e3o&nbsp;e acessar novamente, regerar boleto e etc.<\/li>\n<li><strong>Para alunos de Gradua\u00e7\u00e3o do IFGW: <\/strong>poder\u00e3o requerer reembolso do valor da inscri\u00e7\u00e3o ap\u00f3s o evento, mediante apresenta\u00e7\u00e3o do Certificado&nbsp;de Participa\u00e7\u00e3o, na Coordenadoria&nbsp;de Extens\u00e3o.<\/li>\n<li><strong>Para alunos de P\u00f3s-Gradua\u00e7\u00e3o do IFGW:<\/strong> consulte&nbsp;a respectiva Secretaria para reembolso da taxa de inscri\u00e7\u00e3o.\n<ul>\n<li><strong>Para alunos de outras institui\u00e7\u00f5es<\/strong>, n\u00e3o residentes em&nbsp;Campinas e que necessitem de&nbsp;<strong>aux\u00edlio financeiro para estadia e transporte,&nbsp;<\/strong>no ato da inscri\u00e7\u00e3o selecione a op\u00e7\u00e3o &#8220;Sim&#8221; em &#8220;Necessita de aux\u00edlio?&#8221; e carregue seu&nbsp;Hist\u00f3rico Escolar em vers\u00e3o PDF. Ser\u00e1 necess\u00e1rio requisitar at\u00e9 01&nbsp;<a href=\"https:\/\/sites.ifi.unicamp.br\/iienfi\/files\/2014\/03\/carta-recomendacao-2015.doc\"><strong>carta de recomenda\u00e7\u00e3o <\/strong><\/a>(obtenha o modelo&nbsp;<strong><a href=\"https:\/\/sites.ifi.unicamp.br\/iienfi\/files\/2014\/03\/carta-recomendacao-2015.doc\">clicando aqui<\/a>)<\/strong>&nbsp;e solicitar que o recomendante envie a carta em at\u00e9 2 dias ap\u00f3s a sua inscri\u00e7\u00e3o para o endere\u00e7o&nbsp;<a href=\"mailto:extensao@ifi.unicamp.br\" target=\"_blank\" rel=\"noopener\"><strong>extensao@ifi.unicamp.br<\/strong><\/a>, informando o nome completo do solicitante no campo &#8220;Assunto\u201d.&nbsp;Somente as cartas recebidas atrav\u00e9s do e-mail institucional do recomendante ser\u00e3o consideradas.&nbsp;O resultado&nbsp;da an\u00e1lise dos aux\u00edlios &nbsp;solicitados ser\u00e1 enviado por email, de acordo com a disponibilidade de recursos.&nbsp;Para confirmar a participa\u00e7\u00e3o, os selecionados que n\u00e3o quitaram o boleto banc\u00e1rio, dever\u00e3o regerar e quitar o boleto. Para regerar acesse o link encaminhado por email no seu primeiro acesso ao sistema de inscri\u00e7\u00f5es e na op\u00e7\u00e3o de inscri\u00e7\u00e3o escolher \u201cregerar boleto de inscri\u00e7\u00e3o j\u00e1 preenchida&#8221;. <strong>PRAZO PARA SOLICITA\u00c7\u00c3O DE AUXILIO: 3\/08. PRAZO PARA ENVIO DE CARTA DE RECOMENDA\u00c7\u00c3O: 04\/08. RESULTADO: AT\u00c9 DIA 05\/08.<\/strong><\/li>\n<\/ul>\n<\/li>\n<li>Aqueles que n\u00e3o quitarem o boleto banc\u00e1rio&nbsp;n\u00e3o ter\u00e3o a inscri\u00e7\u00e3o confirmada.<\/li>\n<li>Vai apresentar p\u00f4ster? Envie o T\u00edtulo do p\u00f4ster <strong>AT\u00c9 O DIA 30\/07<\/strong> para:&nbsp;&nbsp;<strong><a href=\"mailto:extensao@ifi.unicamp.br\" target=\"_blank\" rel=\"noopener\">extensao@ifi.unicamp.br<\/a>,<\/strong> colocando no assunto do email <strong>P\u00d4STER<\/strong><\/li>\n<\/ul>\n<p><\/p>","protected":false},"excerpt":{"rendered":"<p>INSCRI\u00c7\u00d5ES ESGOTADAS! &nbsp; Para efetuar sua inscri\u00e7\u00e3o corretamente \u00e9 necess\u00e1rio que sejam cumpridos os seguintes procedimentos: clique aqui,&nbsp;preencha o&nbsp;Formul\u00e1rio de Inscri\u00e7\u00e3o.&nbsp;Para garantir sua vaga,&nbsp;gere e pague o boleto banc\u00e1rio no valor de R$ 50,00 (Cinquenta Reais). Em 3 dias \u00fateis voc\u00ea receber\u00e1 a confirma\u00e7\u00e3o da inscri\u00e7\u00e3o por email.&nbsp;IMPORTANTE: No seu primeiro acesso ao&nbsp;Formul\u00e1rio de Inscri\u00e7\u00e3o&nbsp;voc\u00ea &hellip; <\/p>\n<p><a class=\"more-link btn\" href=\"https:\/\/sites.ifi.unicamp.br\/iienfi\/inscricoes\/\">Continue lendo<\/a><\/p>\n","protected":false},"author":7,"featured_media":0,"parent":0,"menu_order":0,"comment_status":"open","ping_status":"open","template":"","meta":{"ngg_post_thumbnail":0,"footnotes":""},"class_list":["post-33","page","type-page","status-publish","hentry","nodate","item-wrap"],"_links":{"self":[{"href":"https:\/\/sites.ifi.unicamp.br\/iienfi\/wp-json\/wp\/v2\/pages\/33","targetHints":{"allow":["GET"]}}],"collection":[{"href":"https:\/\/sites.ifi.unicamp.br\/iienfi\/wp-json\/wp\/v2\/pages"}],"about":[{"href":"https:\/\/sites.ifi.unicamp.br\/iienfi\/wp-json\/wp\/v2\/types\/page"}],"author":[{"embeddable":true,"href":"https:\/\/sites.ifi.unicamp.br\/iienfi\/wp-json\/wp\/v2\/users\/7"}],"replies":[{"embeddable":true,"href":"https:\/\/sites.ifi.unicamp.br\/iienfi\/wp-json\/wp\/v2\/comments?post=33"}],"version-history":[{"count":49,"href":"https:\/\/sites.ifi.unicamp.br\/iienfi\/wp-json\/wp\/v2\/pages\/33\/revisions"}],"predecessor-version":[{"id":365,"href":"https:\/\/sites.ifi.unicamp.br\/iienfi\/wp-json\/wp\/v2\/pages\/33\/revisions\/365"}],"wp:attachment":[{"href":"https:\/\/sites.ifi.unicamp.br\/iienfi\/wp-json\/wp\/v2\/media?parent=33"}],"curies":[{"name":"wp","href":"https:\/\/api.w.org\/{rel}","templated":true}]}}