{"id":35,"date":"2014-03-17T13:54:06","date_gmt":"2014-03-17T13:54:06","guid":{"rendered":"https:\/\/sites.ifi.unicamp.br\/modelogrupo\/?page_id=33"},"modified":"2015-05-19T13:16:58","modified_gmt":"2015-05-19T13:16:58","slug":"local","status":"publish","type":"page","link":"https:\/\/sites.ifi.unicamp.br\/iienfi\/local\/","title":{"rendered":"Local"},"content":{"rendered":"<p>&nbsp;<\/p>\n<p>O Encontro ser\u00e1 realizado no Audit\u00f3rio do \u00a0Instituto de Matem\u00e1tica, Estat\u00edstica e Computa\u00e7\u00e3o Cient\u00edfica &#8211; IMECC que est\u00e1 localizado na Universidade Estadual de Campinas (UNICAMP), no distrito de Bar\u00e3o Geraldo, Campinas, SP.<\/p>\n<p>&nbsp;<\/p>\n<div>\n<table>\n<tbody>\n<tr>\n<td>\n<div><a href=\"https:\/\/maps.google.com.br\/maps?f=q&amp;source=s_q&amp;hl=pt-BR&amp;geocode=&amp;q=IMECC+-+Instituto+de+Matem%C3%A1tica,+Estat%C3%ADstica+e+Computa%C3%A7%C3%A3o+Cient%C3%ADfica+-+Rua+S%C3%A9rgio+Buarque+de+Holanda+-+Cidade+Universit%C3%A1ria,+Cidade+Universit%C3%A1ria,+Campinas+-+SP&amp;aq=0&amp;oq=im&amp;sll=-14.239424,-53.186502&amp;sspn=60.318571,93.076172&amp;vpsrc=0&amp;ie=UTF8&amp;hq=IMECC+-+Instituto+de+Matem%C3%A1tica,+Estat%C3%ADstica+e+Computa%C3%A7%C3%A3o+Cient%C3%ADfica+-+Rua+S%C3%A9rgio+Buarque+de+Holanda+-+Cidade+Universit%C3%A1ria,+Cidade+Universit%C3%A1ria,+Campinas+-+SP&amp;t=m&amp;z=17&amp;cid=3959209739212258177&amp;iwloc=A\" target=\"_blank\">IMECC &#8211; Instituto de Matem\u00e1tica, Estat\u00edstica e Computa\u00e7\u00e3o Cient\u00edfica<\/a><br \/>\nRua S\u00e9rgio Buarque de Holanda, 651 &#8211; Cidade Universit\u00e1ria<br \/>\nCampinas &#8211; SP, 13083-859<br \/>\n(19) 3521-5921<\/div>\n<\/td>\n<\/tr>\n<\/tbody>\n<\/table>\n<\/div>\n<p>&nbsp;<\/p>\n<p>Clique no mapa para ampliar.<\/p>\n<p><a href=\"http:\/\/goo.gl\/maps\/anUF7\" target=\"_blank\"><img decoding=\"async\" src=\"https:\/\/maps.google.com\/maps\/api\/staticmap?size=300x300&amp;maptype=roadmap&amp;sensor=false&amp;markers=color:red%7Clabel:A%7C-22.815716,-47.067503&amp;client=google-maps-sharing&amp;signature=6lVtusm8ElMLV8h155TvVQIn86k=\" alt=\"\" \/><\/a><\/p>\n<p>Para informa\u00e7\u00f5es sobre como chegar \u00e0 UNICAMP, consulte <a href=\"http:\/\/portal.ifi.unicamp.br\/como-chegar\" target=\"_blank\">Como Chegar<\/a>.<\/p>","protected":false},"excerpt":{"rendered":"<p>&nbsp; O Encontro ser\u00e1 realizado no Audit\u00f3rio do \u00a0Instituto de Matem\u00e1tica, Estat\u00edstica e Computa\u00e7\u00e3o Cient\u00edfica &#8211; IMECC que est\u00e1 localizado na Universidade Estadual de Campinas (UNICAMP), no distrito de Bar\u00e3o Geraldo, Campinas, SP. &nbsp; IMECC &#8211; Instituto de Matem\u00e1tica, Estat\u00edstica e Computa\u00e7\u00e3o Cient\u00edfica Rua S\u00e9rgio Buarque de Holanda, 651 &#8211; Cidade Universit\u00e1ria Campinas &#8211; SP, &hellip; <\/p>\n<p><a class=\"more-link btn\" href=\"https:\/\/sites.ifi.unicamp.br\/iienfi\/local\/\">Continue lendo<\/a><\/p>\n","protected":false},"author":1,"featured_media":0,"parent":0,"menu_order":0,"comment_status":"open","ping_status":"open","template":"","meta":{"ngg_post_thumbnail":0,"footnotes":""},"class_list":["post-35","page","type-page","status-publish","hentry","nodate","item-wrap"],"_links":{"self":[{"href":"https:\/\/sites.ifi.unicamp.br\/iienfi\/wp-json\/wp\/v2\/pages\/35","targetHints":{"allow":["GET"]}}],"collection":[{"href":"https:\/\/sites.ifi.unicamp.br\/iienfi\/wp-json\/wp\/v2\/pages"}],"about":[{"href":"https:\/\/sites.ifi.unicamp.br\/iienfi\/wp-json\/wp\/v2\/types\/page"}],"author":[{"embeddable":true,"href":"https:\/\/sites.ifi.unicamp.br\/iienfi\/wp-json\/wp\/v2\/users\/1"}],"replies":[{"embeddable":true,"href":"https:\/\/sites.ifi.unicamp.br\/iienfi\/wp-json\/wp\/v2\/comments?post=35"}],"version-history":[{"count":23,"href":"https:\/\/sites.ifi.unicamp.br\/iienfi\/wp-json\/wp\/v2\/pages\/35\/revisions"}],"predecessor-version":[{"id":148,"href":"https:\/\/sites.ifi.unicamp.br\/iienfi\/wp-json\/wp\/v2\/pages\/35\/revisions\/148"}],"wp:attachment":[{"href":"https:\/\/sites.ifi.unicamp.br\/iienfi\/wp-json\/wp\/v2\/media?parent=35"}],"curies":[{"name":"wp","href":"https:\/\/api.w.org\/{rel}","templated":true}]}}