{"id":118,"date":"2014-07-04T12:24:34","date_gmt":"2014-07-04T12:24:34","guid":{"rendered":"https:\/\/sites.ifi.unicamp.br\/imre\/?page_id=118"},"modified":"2014-07-04T12:28:25","modified_gmt":"2014-07-04T12:28:25","slug":"textos","status":"publish","type":"page","link":"https:\/\/sites.ifi.unicamp.br\/imre\/textos\/","title":{"rendered":"Textos"},"content":{"rendered":"<p><\/p>\n<h1><strong>F\u00edsica para Crian\u00e7as.<\/strong><\/h1>\n<h1><strong>O calend\u00e1rio e a medida do tempo.<\/strong><\/h1>\n<ul>\n<li><a href=\"https:\/\/sites.ifi.unicamp.br\/imre\/category\/alunos\/\">Alunos<\/a><\/li>\n<li><a href=\"https:\/\/sites.ifi.unicamp.br\/imre\/category\/professores\/\">Professores<\/a><\/li>\n<li><a href=\"https:\/\/sites.ifi.unicamp.br\/imre\/category\/atividades\/\">Atividades<\/a><\/li>\n<\/ul>\n<p><\/p>","protected":false},"excerpt":{"rendered":"<p>F\u00edsica para Crian\u00e7as. O calend\u00e1rio e a medida do tempo. Alunos Professores Atividades<\/p>\n","protected":false},"author":1,"featured_media":0,"parent":0,"menu_order":0,"comment_status":"open","ping_status":"open","template":"","meta":{"ngg_post_thumbnail":0,"footnotes":""},"class_list":["post-118","page","type-page","status-publish","hentry","nodate","item-wrap"],"_links":{"self":[{"href":"https:\/\/sites.ifi.unicamp.br\/imre\/wp-json\/wp\/v2\/pages\/118","targetHints":{"allow":["GET"]}}],"collection":[{"href":"https:\/\/sites.ifi.unicamp.br\/imre\/wp-json\/wp\/v2\/pages"}],"about":[{"href":"https:\/\/sites.ifi.unicamp.br\/imre\/wp-json\/wp\/v2\/types\/page"}],"author":[{"embeddable":true,"href":"https:\/\/sites.ifi.unicamp.br\/imre\/wp-json\/wp\/v2\/users\/1"}],"replies":[{"embeddable":true,"href":"https:\/\/sites.ifi.unicamp.br\/imre\/wp-json\/wp\/v2\/comments?post=118"}],"version-history":[{"count":4,"href":"https:\/\/sites.ifi.unicamp.br\/imre\/wp-json\/wp\/v2\/pages\/118\/revisions"}],"predecessor-version":[{"id":123,"href":"https:\/\/sites.ifi.unicamp.br\/imre\/wp-json\/wp\/v2\/pages\/118\/revisions\/123"}],"wp:attachment":[{"href":"https:\/\/sites.ifi.unicamp.br\/imre\/wp-json\/wp\/v2\/media?parent=118"}],"curies":[{"name":"wp","href":"https:\/\/api.w.org\/{rel}","templated":true}]}}