{"id":127,"date":"2025-10-29T19:40:46","date_gmt":"2025-10-29T22:40:46","guid":{"rendered":"https:\/\/sites.ifi.unicamp.br\/inct-mqa\/?page_id=127"},"modified":"2026-05-06T08:59:22","modified_gmt":"2026-05-06T11:59:22","slug":"chamadas","status":"publish","type":"page","link":"https:\/\/sites.ifi.unicamp.br\/inct-mqa\/chamadas\/","title":{"rendered":"Chamadas"},"content":{"rendered":"<p><em>CHAMADAS ABERTAS:<\/em><\/p>\n<ul>\n<li><a href=\"https:\/\/sites.ifi.unicamp.br\/inct-mqa\/files\/2026\/03\/2026-02_Ferramentas-computacionais.pdf\">Chamada INCT-MQA 2026-02 &#8211; Ferramentas computacionais de pequeno e m\u00e9dio porte<\/a> (prazo para submiss\u00e3o: 15\/05\/2026, recursos CNPq e FAPESP)<\/li>\n<li><a href=\"https:\/\/sites.ifi.unicamp.br\/inct-mqa\/files\/2025\/10\/Regras-de-solicitacao-de-visitas-tecnicas-e-missoes_29Out2025b.pdf\">Chamada INCT-MQA 2025\/01 &#8211; <\/a><a href=\"https:\/\/sites.ifi.unicamp.br\/inct-mqa\/files\/2025\/10\/Regras-de-solicitacao-de-visitas-tecnicas-e-missoes_29Out2025b.pdf\">Visitas t\u00e9cnicas, congressos e miss\u00f5es<\/a> (fluxo cont\u00ednuo, recursos CNPq custeio)<\/li>\n<\/ul>\n<p>&nbsp;<\/p>\n<p><em>CHAMADAS ENCERRADAS:<\/em><\/p>\n<ul>\n<li><a href=\"https:\/\/sites.ifi.unicamp.br\/inct-mqa\/files\/2026\/03\/2026-01_Reagentes-Quimicos.pdf\">Chamada INCT-MQA 2026\/01 &#8211; Reagentes Qu\u00edmicos<\/a> (prazo para submiss\u00e3o: 30\/04\/2026, recursos FAPESP custeio\/RT)&nbsp;<\/li>\n<li><a href=\"https:\/\/sites.ifi.unicamp.br\/inct-mqa\/files\/2025\/12\/Primeira-chamada-para-solicitacoes-de-auxilio-para-reparo-de-equipamentos_rev2.pdf\">Chamada INCT-MQA 2025\/05 &#8211; Reparo de equipamentos <\/a>&nbsp;(prazo para submiss\u00e3o: 15\/03\/2026, recursos CNPq custeio)<\/li>\n<li><a href=\"https:\/\/sites.ifi.unicamp.br\/inct-mqa\/files\/2025\/11\/Chamada_DR_2026-2030.pdf\">Chamada INCT-MQA 2025\/04 &#8211; Bolsas Doutorado (DR) 2026-2030<\/a> (recursos&nbsp; CAPES bolsas)<\/li>\n<li><a href=\"https:\/\/sites.ifi.unicamp.br\/inct-mqa\/files\/2025\/11\/Chamada_PDJ_2025.pdf\">Chamada INCT-MQA 2025\/03 &#8211; Bolsas P\u00f3s-doutorado Junior (PDJ) <\/a>(recursos&nbsp; CNPq bolsas)<\/li>\n<li><a href=\"https:\/\/sites.ifi.unicamp.br\/inct-mqa\/files\/2025\/11\/Chamada_PDS_2025.pdf\">Chamada INCT-MQA 2025\/02 &#8211; Bolsas P\u00f3s-doutorado S\u00eanior (PDS) <\/a>(recursos CNPq bolsas)<\/li>\n<\/ul>\n","protected":false},"excerpt":{"rendered":"<p>CHAMADAS ABERTAS: Chamada INCT-MQA 2026-02 &#8211; Ferramentas computacionais de pequeno e m\u00e9dio porte (prazo para submiss\u00e3o: 15\/05\/2026, recursos CNPq e FAPESP) Chamada INCT-MQA 2025\/01 &#8211; Visitas t\u00e9cnicas, congressos e miss\u00f5es (fluxo cont\u00ednuo, recursos CNPq custeio) &nbsp; CHAMADAS ENCERRADAS: Chamada INCT-MQA 2026\/01 &#8211; Reagentes Qu\u00edmicos (prazo para submiss\u00e3o: 30\/04\/2026, recursos FAPESP custeio\/RT)&nbsp; Chamada INCT-MQA 2025\/05 &#8211; &hellip; <\/p>\n<p><a class=\"more-link btn\" href=\"https:\/\/sites.ifi.unicamp.br\/inct-mqa\/chamadas\/\">Continue lendo<\/a><\/p>\n","protected":false},"author":9,"featured_media":0,"parent":0,"menu_order":0,"comment_status":"closed","ping_status":"closed","template":"","meta":{"ngg_post_thumbnail":0,"footnotes":""},"class_list":["post-127","page","type-page","status-publish","hentry","nodate","item-wrap"],"_links":{"self":[{"href":"https:\/\/sites.ifi.unicamp.br\/inct-mqa\/wp-json\/wp\/v2\/pages\/127","targetHints":{"allow":["GET"]}}],"collection":[{"href":"https:\/\/sites.ifi.unicamp.br\/inct-mqa\/wp-json\/wp\/v2\/pages"}],"about":[{"href":"https:\/\/sites.ifi.unicamp.br\/inct-mqa\/wp-json\/wp\/v2\/types\/page"}],"author":[{"embeddable":true,"href":"https:\/\/sites.ifi.unicamp.br\/inct-mqa\/wp-json\/wp\/v2\/users\/9"}],"replies":[{"embeddable":true,"href":"https:\/\/sites.ifi.unicamp.br\/inct-mqa\/wp-json\/wp\/v2\/comments?post=127"}],"version-history":[{"count":22,"href":"https:\/\/sites.ifi.unicamp.br\/inct-mqa\/wp-json\/wp\/v2\/pages\/127\/revisions"}],"predecessor-version":[{"id":259,"href":"https:\/\/sites.ifi.unicamp.br\/inct-mqa\/wp-json\/wp\/v2\/pages\/127\/revisions\/259"}],"wp:attachment":[{"href":"https:\/\/sites.ifi.unicamp.br\/inct-mqa\/wp-json\/wp\/v2\/media?parent=127"}],"curies":[{"name":"wp","href":"https:\/\/api.w.org\/{rel}","templated":true}]}}