{"id":25,"date":"2014-03-17T13:53:09","date_gmt":"2014-03-17T13:53:09","guid":{"rendered":"http:\/\/sites.ifi.unicamp.br\/modelogrupo\/?page_id=25"},"modified":"2026-04-10T17:25:35","modified_gmt":"2026-04-10T20:25:35","slug":"o-grupo","status":"publish","type":"page","link":"https:\/\/sites.ifi.unicamp.br\/inct-mqa\/","title":{"rendered":"INCT-Materiais Qu\u00e2nticos Avan\u00e7ados"},"content":{"rendered":"<p>Materiais s\u00f3lidos, compostos por muitos bilh\u00f5es de \u00edons e el\u00e9trons interagentes, apresentam oportunidades ilimitadas para novas descobertas e constituem a base da tecnologia moderna. &nbsp;As pr\u00f3ximas gera\u00e7\u00f5es de dispositivos eletr\u00f4nicos provavelmente explorar\u00e3o materiais avan\u00e7ados com propriedades f\u00edsicas que n\u00e3o s\u00e3o encontradas atualmente nos materiais conhecidos. Para descobrir e desvendar tais materiais avan\u00e7ados, \u00e9 necess\u00e1rio um esfor\u00e7o de pesquisa amplo e coordenado, envolvendo investiga\u00e7\u00f5es tanto em ci\u00eancia fundamental quanto aplicada. Os materiais qu\u00e2nticos s\u00e3o sistemas nos quais as intera\u00e7\u00f5es entre os el\u00e9trons constituintes e os fortes efeitos inerentes \u00e0 mec\u00e2nica qu\u00e2ntica levam a uma grande variedade de fen\u00f4menos emergentes \u2013 comportamentos cooperativos que n\u00e3o podem ser previstos a partir das propriedades dos el\u00e9trons individuais. A compreens\u00e3o dos fen\u00f4menos emergentes decorrentes das intera\u00e7\u00f5es eletr\u00f4nicas ainda est\u00e1 em est\u00e1gio inicial, e muito provavelmente a combina\u00e7\u00e3o dessas intera\u00e7\u00f5es em um ambiente de dimens\u00f5es (e\/ou dimensionalidade) reduzidas e topologia n\u00e3o trivial pode hospedar efeitos que alimentar\u00e3o as futuras gera\u00e7\u00f5es de dispositivos tecnol\u00f3gicos. Os supercondutores, em particular, s\u00e3o materiais qu\u00e2nticos por excel\u00eancia. As propriedades \u00fanicas destes sistemas os tornam objeto preferencial de intensos esfor\u00e7os da comunidade cient\u00edfica e tecnol\u00f3gica internacional, tanto na investiga\u00e7\u00e3o fundamental quanto no desenvolvimento de dispositivos. Os supercondutores est\u00e3o entre os poucos sistemas em que propriedades qu\u00e2nticas se manifestam em escalas de tamanho macrosc\u00f3picas, o que abre possibilidades \u00fanicas de aproveitamento tanto em dispositivos nanosc\u00f3picos aplic\u00e1veis em circuitos l\u00f3gicos miniaturizados tais como jun\u00e7\u00f5es Josephson, base f\u00edsica da computa\u00e7\u00e3o qu\u00e2ntica, quanto em sistemas de grande e m\u00e9dio porte para gera\u00e7\u00e3o, transporte e armazenamento de energia.<\/p>\n<p>O pa\u00eds precisa se posicionar estrategicamente para esta iminente mudan\u00e7a de paradigma em dire\u00e7\u00e3o a tecnologias explorando materiais qu\u00e2nticos, em particular materiais supercondutores. Para isso, \u00e9 importante uma s\u00f3lida base de pesquisa fundamental e aplicada nessa classe de materiais, tanto experimental quanto te\u00f3rica. H\u00e1 uma comunidade formada de pesquisadores atuantes e\/ou com s\u00f3lida forma\u00e7\u00e3o nessa \u00e1rea, por\u00e9m pouco coordenada. Al\u00e9m disso, muitos atuam em institui\u00e7\u00f5es com infraestrutura incipiente, fazendo com que investimentos sejam necess\u00e1rios para possibilitar uma contribui\u00e7\u00e3o mais ampla para os esfor\u00e7os nesta \u00e1rea.<\/p>\n<p>Este projeto INCT-Materiais Qu\u00e2nticos Avan\u00e7ados, iniciado em Setembro de 2025 no contexto da <a href=\"http:\/\/memoria2.cnpq.br\/web\/guest\/chamadas-publicas?p_p_id=resultadosportlet_WAR_resultadoscnpqportlet_INSTANCE_0ZaM&amp;filtro=abertas&amp;detalha=chamadaDivulgada&amp;idDivulgacao=12625\">chamada CNPq\/SECTICS\/CAPES\/FAPs N\u00ba 46\/2024<\/a>, est\u00e1 integrando nacionalmente, de forma articulada, pesquisadores experimentais e te\u00f3ricos com produtividade e compet\u00eancia comprovados. Pessoal especializado na s\u00edntese e caracteriza\u00e7\u00e3o macrosc\u00f3pica e microsc\u00f3pica de materiais avan\u00e7ados est\u00e3o atuando em sinergia com especialistas te\u00f3ricos na an\u00e1lise, interpreta\u00e7\u00e3o e modeliza\u00e7\u00e3o dos resultados obtidos em laborat\u00f3rio. Tamb\u00e9m presente na equipe est\u00e3o pesquisadores da \u00e1rea aplicada, f\u00edsicos e engenheiros, voltados a concep\u00e7\u00e3o e realiza\u00e7\u00e3o de dispositivos variados.&nbsp; Est\u00e3o sendo realizadas investiga\u00e7\u00f5es de propriedades t\u00e9rmicas, magn\u00e9ticas, de magnetotransporte dos materiais, que est\u00e3o sendo acompanhadas de an\u00e1lises com&nbsp; t\u00e9cnicas espectrosc\u00f3picas como resson\u00e2ncias de spin eletr\u00f4nico (ESR), nuclear (NMR) e quadrupolar (NQR), espalhamento Raman, difra\u00e7\u00e3o de raios-X, absor\u00e7\u00e3o de raios-X (XANES, EXAFS, XMCD), an\u00e1lise elementar (EDS e WDS), espectroscopia de fotoemiss\u00e3o resolvida em \u00e2ngulo (ARPES), espalhamento ressonante inel\u00e1stico de raios- X (RIXS) e espectroscopia M\u00f6ssbauer. T\u00e9cnicas de microscopia de ponta (STM, AFM, ponta Hall) tamb\u00e9m est\u00e3o dispon\u00edveis. Quatro premissas b\u00e1sicas norteiam o&nbsp; esfor\u00e7o investigativo do presente projeto. (i) Cria\u00e7\u00e3o e s\u00edntese de materiais e dispositivos qu\u00e2nticos avan\u00e7ados com propriedades emergentes \u00fanicas e ajust\u00e1veis atrav\u00e9s de rotas bem estabelecidas com suporte em design digital. (ii)&nbsp; Aplica\u00e7\u00e3o de t\u00e9cnicas de caracteriza\u00e7\u00e3o macrosc\u00f3picas e microsc\u00f3picas ultrassens\u00edveis que permitam a sondagem de propriedades estruturais, eletr\u00f4nicas e magn\u00e9ticas dos materiais propostos. (iii) Aplica\u00e7\u00e3o de modelos te\u00f3ricos para entendimento das propriedades eletr\u00f4nicas e estruturais dos novos materiais complexos. (iV) Proposi\u00e7\u00e3o e desenvolvimento de aplica\u00e7\u00f5es tecnol\u00f3gicas dos materiais qu\u00e2nticos, com \u00eanfase naquelas relacionadas \u00e0 supercondutividade. Assim, o Instituto Nacional de Materiais Qu\u00e2nticos Avan\u00e7ados (INCT-MQA) \u00e9 um programa nacional integrado de pesquisa em materiais complexos que inclui cria\u00e7\u00e3o,&nbsp; s\u00edntese, experimento e teoria de materiais, e que cruza as fronteiras entre f\u00edsica, qu\u00edmica e ci\u00eancia dos materiais.&nbsp;<\/p>\n<p>Com essa iniciativa, estamos realizando uma pesquisa explorat\u00f3ria em \u00e2mbito nacional com o objetivo de acelerar o progresso desse campo em v\u00e1rias regi\u00f5es do pa\u00eds e impulsion\u00e1-lo para um n\u00edvel de entendimento microsc\u00f3pico mais profundo, no qual novas e mais intrigantes perguntas ir\u00e3o surgir e toda a potencialidade tecnol\u00f3gica desses materiais finalmente possa gerar dispositivos e prot\u00f3tipos baseados em materiais qu\u00e2nticos que podem ser \u00fateis \u00e0 sociedade.<\/p>","protected":false},"excerpt":{"rendered":"<p>Materiais s\u00f3lidos, compostos por muitos bilh\u00f5es de \u00edons e el\u00e9trons interagentes, apresentam oportunidades ilimitadas para novas descobertas e constituem a base da tecnologia moderna. &nbsp;As pr\u00f3ximas gera\u00e7\u00f5es de dispositivos eletr\u00f4nicos provavelmente explorar\u00e3o materiais avan\u00e7ados com propriedades f\u00edsicas que n\u00e3o s\u00e3o encontradas atualmente nos materiais conhecidos. Para descobrir e desvendar tais materiais avan\u00e7ados, \u00e9 necess\u00e1rio um &hellip; <\/p>\n<p><a class=\"more-link btn\" href=\"https:\/\/sites.ifi.unicamp.br\/inct-mqa\/\">Continue lendo<\/a><\/p>\n","protected":false},"author":7,"featured_media":0,"parent":0,"menu_order":0,"comment_status":"closed","ping_status":"closed","template":"","meta":{"ngg_post_thumbnail":0,"footnotes":""},"class_list":["post-25","page","type-page","status-publish","hentry","nodate","item-wrap"],"_links":{"self":[{"href":"https:\/\/sites.ifi.unicamp.br\/inct-mqa\/wp-json\/wp\/v2\/pages\/25","targetHints":{"allow":["GET"]}}],"collection":[{"href":"https:\/\/sites.ifi.unicamp.br\/inct-mqa\/wp-json\/wp\/v2\/pages"}],"about":[{"href":"https:\/\/sites.ifi.unicamp.br\/inct-mqa\/wp-json\/wp\/v2\/types\/page"}],"author":[{"embeddable":true,"href":"https:\/\/sites.ifi.unicamp.br\/inct-mqa\/wp-json\/wp\/v2\/users\/7"}],"replies":[{"embeddable":true,"href":"https:\/\/sites.ifi.unicamp.br\/inct-mqa\/wp-json\/wp\/v2\/comments?post=25"}],"version-history":[{"count":13,"href":"https:\/\/sites.ifi.unicamp.br\/inct-mqa\/wp-json\/wp\/v2\/pages\/25\/revisions"}],"predecessor-version":[{"id":248,"href":"https:\/\/sites.ifi.unicamp.br\/inct-mqa\/wp-json\/wp\/v2\/pages\/25\/revisions\/248"}],"wp:attachment":[{"href":"https:\/\/sites.ifi.unicamp.br\/inct-mqa\/wp-json\/wp\/v2\/media?parent=25"}],"curies":[{"name":"wp","href":"https:\/\/api.w.org\/{rel}","templated":true}]}}