{"id":27,"date":"2014-03-17T13:53:26","date_gmt":"2014-03-17T13:53:26","guid":{"rendered":"http:\/\/sites.ifi.unicamp.br\/modelogrupo\/?page_id=27"},"modified":"2026-04-10T17:27:16","modified_gmt":"2026-04-10T20:27:16","slug":"la","status":"publish","type":"page","link":"https:\/\/sites.ifi.unicamp.br\/inct-mqa\/la\/","title":{"rendered":"LAs"},"content":{"rendered":"<p>O<strong> Instituto Nacional em Ci\u00eancia e Tecnologia &#8211; Materiais Qu\u00e2nticos Avan\u00e7ados<\/strong> (INCT-MQA) est\u00e1 sediado na<span style=\"text-decoration: underline\"> <em>Universidade Estadual de Campinas &#8211; UNICAMP<\/em><\/span> e conta com os seguintes Laborat\u00f3rios Associados (LAs):<\/p>\n<ul>\n<li>Centro Brasileiro de Pesquisas F\u00edsicas &#8211; CBPF, RJ<\/li>\n<li>Centro Nacional de Pesquisa em Energia e Materiais &#8211; CNPEM, SP<\/li>\n<li>Escola de Engenharia de Lorena &#8211; EEL\/USP, SP<\/li>\n<li>Pontif\u00edcia Universidade Cat\u00f3lica do Rio de Janeiro &#8211; PUC-Rio, RJ<\/li>\n<li>Universidade do Estado do Rio de Janeiro &#8211; UERJ, RJ<\/li>\n<li>Universidade Estadual Paulista J\u00falio de Mesquita Filho &#8211; UNESP, SP<\/li>\n<li>Universidade Federal do ABC &#8211; UFABC, SP<\/li>\n<li>Universidade Federal do Amazonas &#8211; UFAM, AM<\/li>\n<li>Universidade Federal do Cear\u00e1 &#8211; UFC, CE<\/li>\n<li>Universidade Federal do Esp\u00edrito Santo &#8211; UFES, ES<\/li>\n<li>Universidade Federal Fluminense &#8211; UFF, RJ<\/li>\n<li>Universidade Federal de Goi\u00e1s &#8211; UFG, GO<\/li>\n<li>Universidade Federal do Maranh\u00e3o &#8211; UFMA, MA<\/li>\n<li>Universidade Federal de Mato Grosso do Sul &#8211; UFMS, MS<\/li>\n<li>Universidade Federal de Minas Gerais &#8211; UFMG, MG<\/li>\n<li>Universidade Federal do Paran\u00e1 &#8211; UFPR, PR<\/li>\n<li>Universidade Federal de Pelotas &#8211; UFPEL, RS<\/li>\n<li>Universidade Federal de Pernambuco &#8211; UFPE, PE<\/li>\n<li>Universidade Federal do Rec\u00f4ncavo da Bahia &#8211; UFRB, BA<\/li>\n<li>Universidade Federal do Rio Grande &#8211; FURG, RS<\/li>\n<li>Universidade Federal do Rio Grande do Norte &#8211; UFRN, RN<\/li>\n<li>Universidade Federal do Rio Grande do Sul &#8211; UFRGS, RS<\/li>\n<li>Universidade Federal do Rio de Janeiro &#8211; UFRJ, RJ<\/li>\n<li>Universidade Federal Rural do Rio de Janeiro &#8211; UFRRJ, RJ<\/li>\n<li>Universidade Federal de S\u00e3o Carlos &#8211; UFSCAR, SP<\/li>\n<li>Universidade Federal de S\u00e3o Jo\u00e3o Del Rei &#8211; UFSJ, MG<\/li>\n<li>Universidade Federal de Sergipe &#8211; UFS, SE<\/li>\n<li>Universidade Federal de Uberl\u00e2ndia &#8211; UFU, MG<\/li>\n<li>Universidade Federal de Vi\u00e7osa &#8211; UFV, MG<\/li>\n<li>Universidade de S\u00e3o Paulo &#8211; USP, SP<\/li>\n<li>Universidade Tecnol\u00f3gica Federal do Paran\u00e1 &#8211; UTFPR, PR<\/li>\n<\/ul>\n<p>Al\u00e9m dos Laborat\u00f3rios Associados, dezenas de institui\u00e7\u00f5es estrangeiras participam como colaboradoras deste grande projeto de Ci\u00eancia e Tecnologia.<\/p>","protected":false},"excerpt":{"rendered":"<p>O Instituto Nacional em Ci\u00eancia e Tecnologia &#8211; Materiais Qu\u00e2nticos Avan\u00e7ados (INCT-MQA) est\u00e1 sediado na Universidade Estadual de Campinas &#8211; UNICAMP e conta com os seguintes Laborat\u00f3rios Associados (LAs): Centro Brasileiro de Pesquisas F\u00edsicas &#8211; CBPF, RJ Centro Nacional de Pesquisa em Energia e Materiais &#8211; CNPEM, SP Escola de Engenharia de Lorena &#8211; EEL\/USP, &hellip; <\/p>\n<p><a class=\"more-link btn\" href=\"https:\/\/sites.ifi.unicamp.br\/inct-mqa\/la\/\">Continue lendo<\/a><\/p>\n","protected":false},"author":7,"featured_media":0,"parent":0,"menu_order":0,"comment_status":"closed","ping_status":"closed","template":"","meta":{"ngg_post_thumbnail":0,"footnotes":""},"class_list":["post-27","page","type-page","status-publish","hentry","nodate","item-wrap"],"_links":{"self":[{"href":"https:\/\/sites.ifi.unicamp.br\/inct-mqa\/wp-json\/wp\/v2\/pages\/27","targetHints":{"allow":["GET"]}}],"collection":[{"href":"https:\/\/sites.ifi.unicamp.br\/inct-mqa\/wp-json\/wp\/v2\/pages"}],"about":[{"href":"https:\/\/sites.ifi.unicamp.br\/inct-mqa\/wp-json\/wp\/v2\/types\/page"}],"author":[{"embeddable":true,"href":"https:\/\/sites.ifi.unicamp.br\/inct-mqa\/wp-json\/wp\/v2\/users\/7"}],"replies":[{"embeddable":true,"href":"https:\/\/sites.ifi.unicamp.br\/inct-mqa\/wp-json\/wp\/v2\/comments?post=27"}],"version-history":[{"count":10,"href":"https:\/\/sites.ifi.unicamp.br\/inct-mqa\/wp-json\/wp\/v2\/pages\/27\/revisions"}],"predecessor-version":[{"id":249,"href":"https:\/\/sites.ifi.unicamp.br\/inct-mqa\/wp-json\/wp\/v2\/pages\/27\/revisions\/249"}],"wp:attachment":[{"href":"https:\/\/sites.ifi.unicamp.br\/inct-mqa\/wp-json\/wp\/v2\/media?parent=27"}],"curies":[{"name":"wp","href":"https:\/\/api.w.org\/{rel}","templated":true}]}}