{"id":33,"date":"2014-03-17T13:54:06","date_gmt":"2014-03-17T13:54:06","guid":{"rendered":"http:\/\/sites.ifi.unicamp.br\/modelogrupo\/?page_id=33"},"modified":"2026-02-09T13:57:43","modified_gmt":"2026-02-09T16:57:43","slug":"equipe","status":"publish","type":"page","link":"https:\/\/sites.ifi.unicamp.br\/inct-mqa\/equipe\/","title":{"rendered":"Equipe"},"content":{"rendered":"<p><strong>Coordenador do INCT:<\/strong> Eduardo Granado Monteiro da Silva (UNICAMP)<\/p>\n<p><strong>Vice-coordenador do INCT:<\/strong> Sergio Garcia Magalh\u00e3es (UFRGS)<\/p>\n<p><strong>Comit\u00ea Gestor:<\/strong> Carlos William de Araujo Paschoal (UFC), Elisa Maria Baggio Saitovitch (CBPF), Jos\u00e9 Gerivaldo dos Santos Duque (UFS), Marcos de Abreu Avila (UFABC), Milton Andre Tumelero (UFRGS), Mucio Amado Continentino (CBPF), Pascoal Jose Giglio Pagliuso (UNICAMP), Paulo Pureur Neto (UFRGS), Ricardo Donizeth dos Reis (CNPEM)<\/p>\n<p><strong>Grupos Tem\u00e1ticos de Discuss\u00e3o e Trabalho (GTDT):<\/strong><\/p>\n<p><em>&#8211; Dispositivos supercondutores\/MQA e intera\u00e7\u00f5es com empresas.<\/em> Coordenador: Marcelo Neves (UFRRJ)<br \/>\n<em>&#8211; Fases magn\u00e9ticas complexas.<\/em> Coordenador: Fabio Zimmer (UFMS)<br \/>\n<em>&#8211; F\u00e9rmions pesados \/ transi\u00e7\u00f5es de fase qu\u00e2nticas.<\/em> Coordenador: Luiz Nunes de Oliveira (USP-IFSC)<br \/>\n<em>&#8211; Materiais supercondutores n\u00e3o convencionais e\/ou high-Tc&#8217;s.<\/em> Coordenador: Wilson Ortiz (UFSCar)<br \/>\n<em>&#8211; Materiais topol\u00f3gicos.<\/em> Coordenador: Hermann Freire (UFG)<br \/>\n<em>&#8211; Modelagem Te\u00f3rica de MQA.<\/em> Coordenador: Walber Brito (UFMG)<br \/>\n<em>&#8211; Multiferr\u00f3icos \/ termoel\u00e9tricos.<\/em> Coordenadora: Valentina Martelli (IFUSP)<\/p>\n<p><strong>PESQUISADORES:<\/strong><\/p>\n<p>*&nbsp; l\u00edder de laborat\u00f3rio associado &#8211; LLA<\/p>\n<p>Abner de Siervo* (UNICAMP)<br \/>\nAdilmo F. de Lima (UFS)<br \/>\nAlvaro Ferraz Filho* (UFRN)<br \/>\n\u00c1ly Ferreira Flores Filho* (UFRGS)<br \/>\nAntonio Jefferson da Silva Machado (USP-Lorena)<br \/>\nAriel Nonato Almeida de Abreu Silva* (UFMA)<br \/>\nCamilo Bruno Ramos de Jesus (UFS)<br \/>\nCarlos Alberto Moreira dos Santos (USP-Lorena)<br \/>\nCarlos W. Paschoal* (UFC)<br \/>\nCarsten Enderlein (UFRJ)<br \/>\nCl\u00e9cio Clemente de Souza Silva* (UFPE)<br \/>\nClodoaldo Araujo* (UFV)<br \/>\nCristiano Teles de Meneses (UFS)<br \/>\nDalber Ruben Sanchez Candela* (UFF)<br \/>\nDaniel Gustavo Barci* (UERJ)<br \/>\nDaniele Cristina Silva de Freitas (UFF)<br \/>\nDavid M\u00f6ckli (UFRGS)<br \/>\nDiego Muraca (UNICAMP)<br \/>\nDurval Jr.* (USP Lorena)<br \/>\nEdson Vernek (UFU)<br \/>\nEduardo Cantera Marino* (UFRJ)<br \/>\nEduardo Granado (UNICAMP)<br \/>\nEduardo Matzenbacher Bittar* (CBPF)<br \/>\nEduardo Miranda (UNICAMP)<br \/>\nElisa Maria Baggio Saitovitch (CBPF)<br \/>\nEric de Castro e Andrade* (USP)<br \/>\nEstefani Marchiori (CBPF)<br \/>\nFabiano Colauto (UFSCAR)<br \/>\nFabiano Mesquita da Rosa (UFRGS)<br \/>\nF\u00e1bio Mallmann Zimmer* (UFMS)<br \/>\nF\u00e1bio Teixeira Dias* (UFPel)<br \/>\nFanny B\u00e9ron (UNICAMP)<br \/>\nF\u00e9lix Guillermo Gonz\u00e1lez Hern\u00e1ndez (USP)<br \/>\nFernando Assis Garcia (USP)<br \/>\nGerson Ferreira Junior (UFU)<br \/>\nHermann Freire Ferreira Lima e Silva (UFG)<br \/>\nHeron Carlos de Godoy Caldas* (UFSJ)<br \/>\nHidembergue Ordozgoith da Frota* (UFAM)<br \/>\nIsa\u00edas Gonzaga de Oliveira (UFRRJ)<br \/>\nJonathas de Paula Siqueira (UNICAMP)<br \/>\nJorge Luiz Pimentel Junior* (FURG)<br \/>\nJose Candido Xavier (UFU)<br \/>\nJos\u00e9 Gerivaldo dos Santos Duque* (UFS)<br \/>\nJos\u00e9 Pedro Mansueto Serbena* (UFPR)<br \/>\nKeli Fabiana Seidel* (UTFPR)<br \/>\nKleber Roberto Pirota (UNICAMP)<br \/>\nLeandro Felix de Sousa Bufai\u00e7al* (UFG)<br \/>\nLeticie Mendon\u00e7a (UFABC)<br \/>\nLuis Greg\u00f3rio Godoy de Vasconcellos Dias da Silva (USP)<br \/>\nLuiz Nunes de Oliveira* (USP-IFSC)<br \/>\nMagda Fontes (CBPF)<br \/>\nMarcello Barbosa da Silva Neto (UFRJ)<br \/>\nMarcelo Azevedo Neves* (UFRRJ)<br \/>\nMarcos de Abreu Avila* (UFABC)<br \/>\nMarcos Tadeu D&#8217;Azeredo Orlando* (UFES)<br \/>\nMatheus Lazo (FURG)<br \/>\nMauro Melchiades Doria (UFRJ)<br \/>\nMaycon Motta (UFSCAR)<br \/>\nMilton Andr\u00e9 Tumelero (UFRGS)<br \/>\nMohammed El Massalami (UFRJ)<br \/>\nMucio Amado Continentino (CBPF)<br \/>\nNelson Moreno (UFS)<br \/>\nNilson Santos Ferreira (UFS)<br \/>\nPascoal Jose Giglio Pagliuso (UNICAMP)<br \/>\nPaulo Pureur (UFRGS)<br \/>\nPedro Schio* (CNPEM)<br \/>\nRafael S\u00e1 de Freitas (USP)<br \/>\nRafael Zadorosny* (Unesp-Ilha Solteira)<br \/>\nRa\u00ed Menezes (UFPE)<br \/>\nRaimundo Lora Serrano* (UFU)<br \/>\nRicardo Donizeth dos Reis (CNPEM)<br \/>\nRicardo Rodrigues Urbano (UNICAMP)<br \/>\nRodolfo Tartaglia (CNPEM)<br \/>\nRog\u00e9rio Magalh\u00e3es Paniago (UFMG)<br \/>\nRosivaldo Xavier da Silva* (UFRB)<br \/>\nSergio Garcia Magalhaes (UFRGS)<br \/>\nThais Trevisan (USP-SC)<br \/>\nThiago Jos\u00e9 de Almeida Mori (CNPEM)<br \/>\nTobias Micklitz (CBPF)<br \/>\nTulio Costa Rizuti da Rocha (CNPEM)<br \/>\nUlisses Ferreira Kaneko* (UNESP-Rio Claro)<br \/>\nValdemar das Neves Vieira (UFPel)<br \/>\nValentina Martelli (USP)<br \/>\nValmir Antonio Chitta (USP)<br \/>\nVanuildo Silva de Carvalho (UFG)<br \/>\nVictor Carozo Gois de Oliveira (Puc-Rio)<br \/>\nVictor Quito (USP-IFSC)<br \/>\nWalber Hugo de Brito* (UFMG)<br \/>\nWei Chen* (PUC-Rio)<br \/>\nWillian Massashi Hisano Natori (UNICAMP)<br \/>\nWilson Aires Ortiz* (UFSCAR)<br \/>\nYakov Kopelevich (UNICAMP)<br \/>\nYutao Xing (UFF)<\/p>\n<p><strong>APOIO ADMINISTRATIVO:<\/strong> Gustavo Torres Gon\u00e7alves (EAIP\/UNICAMP)<\/p>\n<p><strong>PESQUISADORES COLABORADORES:<\/strong><\/p>\n<p>Christopher Thomas ((UFRGS)<br \/>\nDaniel Reyes Lopez (IME)<br \/>\nEdson Passamani Caetano (UFES)<br \/>\nEleonir Calegari (UFSM)<br \/>\nEvandro Vidor Lins de Mello(UFF)<br \/>\nJorge Luis Gonzalez Alfonso (UFES)<br \/>\nLuiz Gustavo Pimenta Martins (USP)<br \/>\nMarcos Antonio de Souza (UFJ)<br \/>\nMariana Malard (UnB)<br \/>\nMiguel Alexandre Novak (UFF)<br \/>\nNei Lopes Junior (UFRRJ)<br \/>\nRodrigo Arouca (CBPF)<br \/>\nSt\u00e9phane Serge Yves J\u00e9r\u00f4me Soriano (UFF)<\/p>","protected":false},"excerpt":{"rendered":"<p>Coordenador do INCT: Eduardo Granado Monteiro da Silva (UNICAMP) Vice-coordenador do INCT: Sergio Garcia Magalh\u00e3es (UFRGS) Comit\u00ea Gestor: Carlos William de Araujo Paschoal (UFC), Elisa Maria Baggio Saitovitch (CBPF), Jos\u00e9 Gerivaldo dos Santos Duque (UFS), Marcos de Abreu Avila (UFABC), Milton Andre Tumelero (UFRGS), Mucio Amado Continentino (CBPF), Pascoal Jose Giglio Pagliuso (UNICAMP), Paulo Pureur &hellip; <\/p>\n<p><a class=\"more-link btn\" href=\"https:\/\/sites.ifi.unicamp.br\/inct-mqa\/equipe\/\">Continue lendo<\/a><\/p>\n","protected":false},"author":7,"featured_media":0,"parent":0,"menu_order":0,"comment_status":"closed","ping_status":"closed","template":"","meta":{"ngg_post_thumbnail":0,"footnotes":""},"class_list":["post-33","page","type-page","status-publish","hentry","nodate","item-wrap"],"_links":{"self":[{"href":"https:\/\/sites.ifi.unicamp.br\/inct-mqa\/wp-json\/wp\/v2\/pages\/33","targetHints":{"allow":["GET"]}}],"collection":[{"href":"https:\/\/sites.ifi.unicamp.br\/inct-mqa\/wp-json\/wp\/v2\/pages"}],"about":[{"href":"https:\/\/sites.ifi.unicamp.br\/inct-mqa\/wp-json\/wp\/v2\/types\/page"}],"author":[{"embeddable":true,"href":"https:\/\/sites.ifi.unicamp.br\/inct-mqa\/wp-json\/wp\/v2\/users\/7"}],"replies":[{"embeddable":true,"href":"https:\/\/sites.ifi.unicamp.br\/inct-mqa\/wp-json\/wp\/v2\/comments?post=33"}],"version-history":[{"count":11,"href":"https:\/\/sites.ifi.unicamp.br\/inct-mqa\/wp-json\/wp\/v2\/pages\/33\/revisions"}],"predecessor-version":[{"id":197,"href":"https:\/\/sites.ifi.unicamp.br\/inct-mqa\/wp-json\/wp\/v2\/pages\/33\/revisions\/197"}],"wp:attachment":[{"href":"https:\/\/sites.ifi.unicamp.br\/inct-mqa\/wp-json\/wp\/v2\/media?parent=33"}],"curies":[{"name":"wp","href":"https:\/\/api.w.org\/{rel}","templated":true}]}}