{"id":35,"date":"2014-03-17T15:27:41","date_gmt":"2014-03-17T15:27:41","guid":{"rendered":"http:\/\/sites.ifi.unicamp.br\/modelogrupo\/?page_id=35"},"modified":"2026-04-10T17:54:46","modified_gmt":"2026-04-10T20:54:46","slug":"formularios","status":"publish","type":"page","link":"https:\/\/sites.ifi.unicamp.br\/inct-mqa\/formularios\/","title":{"rendered":"Formul\u00e1rios"},"content":{"rendered":"<p><strong>FORMUL\u00c1RIOS PARA NOVAS SOLICITA\u00c7\u00d5ES<\/strong><\/p>\n<ul>\n<li><a href=\"https:\/\/docs.google.com\/forms\/d\/e\/1FAIpQLSe6ordn8aUbH2xXMqhhclEETvZdUrz3ZxRFy3SPKKS62wlsYw\/viewform?usp=publish-editor\">Solicita\u00e7\u00e3o de ferramentas computacionais de pequeno ou m\u00e9dio porte<\/a> (preenchimento por l\u00edderes de laborat\u00f3rio associado (LLA), envio at\u00e9 15\/05\/2026).<\/li>\n<li><a href=\"https:\/\/docs.google.com\/forms\/d\/e\/1FAIpQLSeSWnLtqv6Kh4dtbSzL9lOBNH7nC38Lz_CgmJDeIJaeAt8YhQ\/viewform?usp=publish-editor\">Solicita\u00e7\u00e3o de reagentes qu\u00edmicos<\/a> (preenchimento por pesquisadores do INCT-MQA vinculados a institui\u00e7\u00f5es do estado de S\u00e3o Paulo, envio at\u00e9 30\/04\/2026)<\/li>\n<li><a href=\"https:\/\/docs.google.com\/forms\/d\/e\/1FAIpQLSf5SXMcHbp0tKdHhYLZnzNkJb2Dne9gVwd_swKYSD2tS1NYAA\/viewform?usp=dialog\">Solicita\u00e7\u00e3o de Recursos Para Miss\u00f5es\/Visitas T\u00e9cnicas e Participa\u00e7\u00e3o em Eventos<\/a> (preenchimento por pesquisadores do INCT, fluxo cont\u00ednuo)<\/li>\n<li><a href=\"https:\/\/docs.google.com\/forms\/d\/e\/1FAIpQLSfkYELcLM2fkoPnJqPX74FbFUAkh9_G53hGxZqLk10jqcSf_g\/viewform?usp=sharing&amp;ouid=116013415321949066511\">Solicita\u00e7\u00e3o de inclus\u00e3o de alunos e p\u00f3s-doutorandos na equipe do projeto<\/a> (preenchimento por pesquisadores do INCT) &#8211; <strong><em>Preencher at\u00e9 30\/04\/26 para ser inclu\u00eddo na pr\u00f3xima atualiza\u00e7\u00e3o semestral !<\/em><\/strong><\/li>\n<\/ul>\n<p>&nbsp;<\/p>\n<p><strong>FORMUL\u00c1RIOS PARA ENVIO DE INFORMA\u00c7\u00d5ES \/ PRESTA\u00c7\u00c3O DE CONTAS<\/strong><\/p>\n<ul>\n<li><a href=\"https:\/\/docs.google.com\/forms\/d\/e\/1FAIpQLScSxfg8sJ-VPRRog-SXwTdE6t_C-1n-_OyIsYJZX7g_xZ-4Bw\/viewform?usp=dialog\">Envio de comprovantes referentes a Miss\u00f5es\/Visitas T\u00e9cnicas e Participa\u00e7\u00e3o em Eventos &#8211; presta\u00e7\u00e3o de contas<\/a> (preenchimento por pesquisadores do INCT)<\/li>\n<li><a href=\"https:\/\/docs.google.com\/forms\/d\/e\/1FAIpQLSeCpJlp1AxOUf_njVIOAcDURfDm-LO7m2Ibx4pkxAV-l4r7Xw\/viewform?usp=dialog\">Inclus\u00e3o de dados banc\u00e1rios de benefici\u00e1rios de aux\u00edlios para viagens<\/a> (preenchimento por qualquer integrante do INCT)<\/li>\n<\/ul>\n<p><\/p>","protected":false},"excerpt":{"rendered":"<p>FORMUL\u00c1RIOS PARA NOVAS SOLICITA\u00c7\u00d5ES Solicita\u00e7\u00e3o de ferramentas computacionais de pequeno ou m\u00e9dio porte (preenchimento por l\u00edderes de laborat\u00f3rio associado (LLA), envio at\u00e9 15\/05\/2026). Solicita\u00e7\u00e3o de reagentes qu\u00edmicos (preenchimento por pesquisadores do INCT-MQA vinculados a institui\u00e7\u00f5es do estado de S\u00e3o Paulo, envio at\u00e9 30\/04\/2026) Solicita\u00e7\u00e3o de Recursos Para Miss\u00f5es\/Visitas T\u00e9cnicas e Participa\u00e7\u00e3o em Eventos (preenchimento por &hellip; <\/p>\n<p><a class=\"more-link btn\" href=\"https:\/\/sites.ifi.unicamp.br\/inct-mqa\/formularios\/\">Continue lendo<\/a><\/p>\n","protected":false},"author":7,"featured_media":0,"parent":0,"menu_order":0,"comment_status":"closed","ping_status":"closed","template":"","meta":{"ngg_post_thumbnail":0,"footnotes":""},"class_list":["post-35","page","type-page","status-publish","hentry","nodate","item-wrap"],"_links":{"self":[{"href":"https:\/\/sites.ifi.unicamp.br\/inct-mqa\/wp-json\/wp\/v2\/pages\/35","targetHints":{"allow":["GET"]}}],"collection":[{"href":"https:\/\/sites.ifi.unicamp.br\/inct-mqa\/wp-json\/wp\/v2\/pages"}],"about":[{"href":"https:\/\/sites.ifi.unicamp.br\/inct-mqa\/wp-json\/wp\/v2\/types\/page"}],"author":[{"embeddable":true,"href":"https:\/\/sites.ifi.unicamp.br\/inct-mqa\/wp-json\/wp\/v2\/users\/7"}],"replies":[{"embeddable":true,"href":"https:\/\/sites.ifi.unicamp.br\/inct-mqa\/wp-json\/wp\/v2\/comments?post=35"}],"version-history":[{"count":13,"href":"https:\/\/sites.ifi.unicamp.br\/inct-mqa\/wp-json\/wp\/v2\/pages\/35\/revisions"}],"predecessor-version":[{"id":255,"href":"https:\/\/sites.ifi.unicamp.br\/inct-mqa\/wp-json\/wp\/v2\/pages\/35\/revisions\/255"}],"wp:attachment":[{"href":"https:\/\/sites.ifi.unicamp.br\/inct-mqa\/wp-json\/wp\/v2\/media?parent=35"}],"curies":[{"name":"wp","href":"https:\/\/api.w.org\/{rel}","templated":true}]}}