{"id":42,"date":"2014-03-17T15:27:52","date_gmt":"2014-03-17T15:27:52","guid":{"rendered":"http:\/\/sites.ifi.unicamp.br\/modelogrupo\/?page_id=37"},"modified":"2026-04-10T13:47:49","modified_gmt":"2026-04-10T16:47:49","slug":"contato","status":"publish","type":"page","link":"https:\/\/sites.ifi.unicamp.br\/inct-mqa\/contato\/","title":{"rendered":"Contato"},"content":{"rendered":"<p>Para entrar em contato com a Coordena\u00e7\u00e3o do INCT-MQA, envie mensagem para inctMQA at gmail.com<\/p>\n<p>Para comunica\u00e7\u00f5es e solicita\u00e7\u00f5es de divulga\u00e7\u00e3o de atividades em nosso Facebook ou Instagram, envie mensagem para inctmqa.media at gmail.com<\/p>\n<p>Para sugest\u00e3o de material para nosso Newsletter, envie mensagem para newsletter.inctmqa at gmail.com<\/p>\n<p>&nbsp;<\/p>","protected":false},"excerpt":{"rendered":"<p>Para entrar em contato com a Coordena\u00e7\u00e3o do INCT-MQA, envie mensagem para inctMQA at gmail.com Para comunica\u00e7\u00f5es e solicita\u00e7\u00f5es de divulga\u00e7\u00e3o de atividades em nosso Facebook ou Instagram, envie mensagem para inctmqa.media at gmail.com Para sugest\u00e3o de material para nosso Newsletter, envie mensagem para newsletter.inctmqa at gmail.com &nbsp;<\/p>\n","protected":false},"author":7,"featured_media":0,"parent":0,"menu_order":0,"comment_status":"closed","ping_status":"closed","template":"","meta":{"ngg_post_thumbnail":0,"footnotes":""},"class_list":["post-42","page","type-page","status-publish","hentry","nodate","item-wrap"],"_links":{"self":[{"href":"https:\/\/sites.ifi.unicamp.br\/inct-mqa\/wp-json\/wp\/v2\/pages\/42","targetHints":{"allow":["GET"]}}],"collection":[{"href":"https:\/\/sites.ifi.unicamp.br\/inct-mqa\/wp-json\/wp\/v2\/pages"}],"about":[{"href":"https:\/\/sites.ifi.unicamp.br\/inct-mqa\/wp-json\/wp\/v2\/types\/page"}],"author":[{"embeddable":true,"href":"https:\/\/sites.ifi.unicamp.br\/inct-mqa\/wp-json\/wp\/v2\/users\/7"}],"replies":[{"embeddable":true,"href":"https:\/\/sites.ifi.unicamp.br\/inct-mqa\/wp-json\/wp\/v2\/comments?post=42"}],"version-history":[{"count":5,"href":"https:\/\/sites.ifi.unicamp.br\/inct-mqa\/wp-json\/wp\/v2\/pages\/42\/revisions"}],"predecessor-version":[{"id":243,"href":"https:\/\/sites.ifi.unicamp.br\/inct-mqa\/wp-json\/wp\/v2\/pages\/42\/revisions\/243"}],"wp:attachment":[{"href":"https:\/\/sites.ifi.unicamp.br\/inct-mqa\/wp-json\/wp\/v2\/media?parent=42"}],"curies":[{"name":"wp","href":"https:\/\/api.w.org\/{rel}","templated":true}]}}