{"id":95,"date":"2014-01-06T16:08:16","date_gmt":"2014-01-06T16:08:16","guid":{"rendered":"https:\/\/sites.ifi.unicamp.br\/modelodocente\/?page_id=77"},"modified":"2014-02-06T18:12:34","modified_gmt":"2014-02-06T18:12:34","slug":"quem-sou","status":"publish","type":"page","link":"https:\/\/sites.ifi.unicamp.br\/kemp\/","title":{"rendered":"Quem sou"},"content":{"rendered":"<p><a href=\"https:\/\/sites.ifi.unicamp.br\/kemp\/files\/2014\/01\/servletrecuperafoto.gif\"><img loading=\"lazy\" decoding=\"async\" class=\"size-full wp-image-167 alignleft\" alt=\"servletrecuperafoto\" src=\"https:\/\/sites.ifi.unicamp.br\/kemp\/files\/2014\/01\/servletrecuperafoto.gif\" width=\"200\" height=\"288\" \/><\/a>Possui Gradua\u00e7\u00e3o em Fisica (1992), Mestrado em F\u00edsica (1995) e Doutorado em F\u00edsica (2000), todos pela Universidade Estadual de Campinas &#8211; UNICAMP. Tamb\u00e9m realizou dois est\u00e1gios de P\u00f3s-Doutoramento, um na Universidade de Roma II &#8220;Tor Vergata&#8221; &#8211; na se\u00e7\u00e3o local do Istituto Nazionale de Fisica Nucleare (INFN) &#8211; It\u00e1lia (2001), e outro na Universidade Estadual de Campinas &#8211; UNICAMP, no Departamento de Raios C\u00f3smicos e Cronologia (2002). Atualmente \u00e9 professor associado (livre-docente) da Universidade Estadual de Campinas. Tem experi\u00eancia na \u00e1rea de F\u00edsica, com \u00eanfase em Raios C\u00f3smicos e F\u00edsica de Astropart\u00edculas, atuando principalmente nos seguintes temas: Raios C\u00f3smicos de Alt\u00edssimas Energias, Observat\u00f3rio Pierre Auger, F\u00edsica e Astrof\u00edsica de neutrinos, desenvolvimento e constru\u00e7\u00e3o de novos detectores.<\/p>","protected":false},"excerpt":{"rendered":"<p>Possui Gradua\u00e7\u00e3o em Fisica (1992), Mestrado em F\u00edsica (1995) e Doutorado em F\u00edsica (2000), todos pela Universidade Estadual de Campinas &#8211; UNICAMP. Tamb\u00e9m realizou dois est\u00e1gios de P\u00f3s-Doutoramento, um na Universidade de Roma II &#8220;Tor Vergata&#8221; &#8211; na se\u00e7\u00e3o local do Istituto Nazionale de Fisica Nucleare (INFN) &#8211; It\u00e1lia (2001), e outro na Universidade Estadual &hellip; <\/p>\n<p><a class=\"more-link btn\" href=\"https:\/\/sites.ifi.unicamp.br\/kemp\/\">Continue lendo<\/a><\/p>\n","protected":false},"author":74,"featured_media":0,"parent":0,"menu_order":0,"comment_status":"open","ping_status":"open","template":"","meta":{"ngg_post_thumbnail":0,"footnotes":""},"class_list":["post-95","page","type-page","status-publish","hentry","nodate","item-wrap"],"_links":{"self":[{"href":"https:\/\/sites.ifi.unicamp.br\/kemp\/wp-json\/wp\/v2\/pages\/95","targetHints":{"allow":["GET"]}}],"collection":[{"href":"https:\/\/sites.ifi.unicamp.br\/kemp\/wp-json\/wp\/v2\/pages"}],"about":[{"href":"https:\/\/sites.ifi.unicamp.br\/kemp\/wp-json\/wp\/v2\/types\/page"}],"author":[{"embeddable":true,"href":"https:\/\/sites.ifi.unicamp.br\/kemp\/wp-json\/wp\/v2\/users\/74"}],"replies":[{"embeddable":true,"href":"https:\/\/sites.ifi.unicamp.br\/kemp\/wp-json\/wp\/v2\/comments?post=95"}],"version-history":[{"count":3,"href":"https:\/\/sites.ifi.unicamp.br\/kemp\/wp-json\/wp\/v2\/pages\/95\/revisions"}],"predecessor-version":[{"id":168,"href":"https:\/\/sites.ifi.unicamp.br\/kemp\/wp-json\/wp\/v2\/pages\/95\/revisions\/168"}],"wp:attachment":[{"href":"https:\/\/sites.ifi.unicamp.br\/kemp\/wp-json\/wp\/v2\/media?parent=95"}],"curies":[{"name":"wp","href":"https:\/\/api.w.org\/{rel}","templated":true}]}}