{"id":33,"date":"2014-03-17T13:54:06","date_gmt":"2014-03-17T13:54:06","guid":{"rendered":"https:\/\/sites.ifi.unicamp.br\/modelogrupo\/?page_id=33"},"modified":"2022-11-30T14:30:32","modified_gmt":"2022-11-30T17:30:32","slug":"publicacoes","status":"publish","type":"page","link":"https:\/\/sites.ifi.unicamp.br\/laboratorio-de-leptons\/publicacoes\/","title":{"rendered":"Publica\u00e7\u00f5es"},"content":{"rendered":"<p>Lista de publica\u00e7\u00f5es<\/p>","protected":false},"excerpt":{"rendered":"<p>Lista de publica\u00e7\u00f5es<\/p>\n","protected":false},"author":230,"featured_media":0,"parent":0,"menu_order":0,"comment_status":"closed","ping_status":"closed","template":"","meta":{"ngg_post_thumbnail":0,"footnotes":""},"class_list":["post-33","page","type-page","status-publish","hentry","nodate","item-wrap"],"_links":{"self":[{"href":"https:\/\/sites.ifi.unicamp.br\/laboratorio-de-leptons\/wp-json\/wp\/v2\/pages\/33","targetHints":{"allow":["GET"]}}],"collection":[{"href":"https:\/\/sites.ifi.unicamp.br\/laboratorio-de-leptons\/wp-json\/wp\/v2\/pages"}],"about":[{"href":"https:\/\/sites.ifi.unicamp.br\/laboratorio-de-leptons\/wp-json\/wp\/v2\/types\/page"}],"author":[{"embeddable":true,"href":"https:\/\/sites.ifi.unicamp.br\/laboratorio-de-leptons\/wp-json\/wp\/v2\/users\/230"}],"replies":[{"embeddable":true,"href":"https:\/\/sites.ifi.unicamp.br\/laboratorio-de-leptons\/wp-json\/wp\/v2\/comments?post=33"}],"version-history":[{"count":1,"href":"https:\/\/sites.ifi.unicamp.br\/laboratorio-de-leptons\/wp-json\/wp\/v2\/pages\/33\/revisions"}],"predecessor-version":[{"id":106,"href":"https:\/\/sites.ifi.unicamp.br\/laboratorio-de-leptons\/wp-json\/wp\/v2\/pages\/33\/revisions\/106"}],"wp:attachment":[{"href":"https:\/\/sites.ifi.unicamp.br\/laboratorio-de-leptons\/wp-json\/wp\/v2\/media?parent=33"}],"curies":[{"name":"wp","href":"https:\/\/api.w.org\/{rel}","templated":true}]}}