{"id":35,"date":"2014-03-17T15:27:41","date_gmt":"2014-03-17T15:27:41","guid":{"rendered":"https:\/\/sites.ifi.unicamp.br\/modelogrupo\/?page_id=35"},"modified":"2023-05-25T14:48:10","modified_gmt":"2023-05-25T17:48:10","slug":"links","status":"publish","type":"page","link":"https:\/\/sites.ifi.unicamp.br\/laboratorio-de-leptons\/links\/","title":{"rendered":"Links"},"content":{"rendered":"<p><\/p>\n<ul>\n<li>A explica\u00e7\u00e3o para a mat\u00e9ria ter superado a antimat\u00e9ria pode estar nos neutrinos. Por esse e outros motivos, o experimento DUNE (Fermilab) est\u00e1 em constru\u00e7\u00e3o.<\/li>\n<\/ul>\n<div class=\"embed-container\"><iframe loading=\"lazy\" title=\"The Science of the Deep Underground Neutrino Experiment (DUNE)\" width=\"750\" height=\"422\" src=\"https:\/\/www.youtube.com\/embed\/nv13DswIKr8?feature=oembed\" frameborder=\"0\" allow=\"accelerometer; autoplay; clipboard-write; encrypted-media; gyroscope; picture-in-picture; web-share\" allowfullscreen><\/iframe><\/div>\n<p>&nbsp;<\/p>\n<ul>\n<li>Entenda o experimento DUNE (Deep Underground Neutrino Experiment).<\/li>\n<\/ul>\n<div class=\"embed-container\"><iframe loading=\"lazy\" title=\"What is the DUNE experiment?\" width=\"750\" height=\"422\" src=\"https:\/\/www.youtube.com\/embed\/2os1rfVXRCM?feature=oembed\" frameborder=\"0\" allow=\"accelerometer; autoplay; clipboard-write; encrypted-media; gyroscope; picture-in-picture; web-share\" allowfullscreen><\/iframe><\/div>\n<p>&nbsp;<\/p>\n<ul>\n<li>Entrevista dos pesquisadores Ana Am\u00e9lia Machado e Ettore Segreto para a Fapesp sobre o Arapuca.<\/li>\n<\/ul>\n<div class=\"embed-container\"><iframe loading=\"lazy\" title=\"DUNE | Projeto brasileiro ser\u00e1 utilizado no sistema de fotodetec\u00e7\u00e3o\" width=\"750\" height=\"422\" src=\"https:\/\/www.youtube.com\/embed\/5I47Db7ijdM?feature=oembed\" frameborder=\"0\" allow=\"accelerometer; autoplay; clipboard-write; encrypted-media; gyroscope; picture-in-picture; web-share\" allowfullscreen><\/iframe><\/div>\n<p>&nbsp;<\/p>","protected":false},"excerpt":{"rendered":"<p>A explica\u00e7\u00e3o para a mat\u00e9ria ter superado a antimat\u00e9ria pode estar nos neutrinos. Por esse e outros motivos, o experimento DUNE (Fermilab) est\u00e1 em constru\u00e7\u00e3o. &nbsp; Entenda o experimento DUNE (Deep Underground Neutrino Experiment). &nbsp; Entrevista dos pesquisadores Ana Am\u00e9lia Machado e Ettore Segreto para a Fapesp sobre o Arapuca. &nbsp;<\/p>\n","protected":false},"author":232,"featured_media":0,"parent":0,"menu_order":0,"comment_status":"closed","ping_status":"closed","template":"","meta":{"ngg_post_thumbnail":0,"footnotes":""},"class_list":["post-35","page","type-page","status-publish","hentry","nodate","item-wrap"],"_links":{"self":[{"href":"https:\/\/sites.ifi.unicamp.br\/laboratorio-de-leptons\/wp-json\/wp\/v2\/pages\/35","targetHints":{"allow":["GET"]}}],"collection":[{"href":"https:\/\/sites.ifi.unicamp.br\/laboratorio-de-leptons\/wp-json\/wp\/v2\/pages"}],"about":[{"href":"https:\/\/sites.ifi.unicamp.br\/laboratorio-de-leptons\/wp-json\/wp\/v2\/types\/page"}],"author":[{"embeddable":true,"href":"https:\/\/sites.ifi.unicamp.br\/laboratorio-de-leptons\/wp-json\/wp\/v2\/users\/232"}],"replies":[{"embeddable":true,"href":"https:\/\/sites.ifi.unicamp.br\/laboratorio-de-leptons\/wp-json\/wp\/v2\/comments?post=35"}],"version-history":[{"count":26,"href":"https:\/\/sites.ifi.unicamp.br\/laboratorio-de-leptons\/wp-json\/wp\/v2\/pages\/35\/revisions"}],"predecessor-version":[{"id":304,"href":"https:\/\/sites.ifi.unicamp.br\/laboratorio-de-leptons\/wp-json\/wp\/v2\/pages\/35\/revisions\/304"}],"wp:attachment":[{"href":"https:\/\/sites.ifi.unicamp.br\/laboratorio-de-leptons\/wp-json\/wp\/v2\/media?parent=35"}],"curies":[{"name":"wp","href":"https:\/\/api.w.org\/{rel}","templated":true}]}}