{"id":191,"date":"2014-09-23T17:43:44","date_gmt":"2014-09-23T20:43:44","guid":{"rendered":"https:\/\/sites.ifi.unicamp.br\/labvacrio\/?page_id=191"},"modified":"2019-03-12T15:22:49","modified_gmt":"2019-03-12T18:22:49","slug":"equipamentos-do-laboratorio","status":"publish","type":"page","link":"https:\/\/sites.ifi.unicamp.br\/labvacrio\/equipamentos-do-laboratorio\/","title":{"rendered":"Equipamentos"},"content":{"rendered":"<p>Abaixo est\u00e3o os equipamentos do Laborat\u00f3rio de Ensino de V\u00e1cuo e Criogenia com uma breve descri\u00e7\u00e3o.<\/p>\n<p>&nbsp;<\/p>\n<h3><strong>&#8211; Experimento de filmes finos<\/strong><\/h3>\n<p><a href=\"https:\/\/sites.ifi.unicamp.br\/labvacrio\/files\/2014\/09\/AC2_9566-Large.jpg\"><img fetchpriority=\"high\" decoding=\"async\" class=\" wp-image-202 aligncenter\" src=\"https:\/\/sites.ifi.unicamp.br\/labvacrio\/files\/2014\/09\/AC2_9566-Large.jpg\" alt=\"AC2_9566 (Large)\" width=\"414\" height=\"621\" srcset=\"https:\/\/sites.ifi.unicamp.br\/labvacrio\/files\/2014\/09\/AC2_9566-Large.jpg 512w, https:\/\/sites.ifi.unicamp.br\/labvacrio\/files\/2014\/09\/AC2_9566-Large-200x300.jpg 200w\" sizes=\"(max-width: 414px) 100vw, 414px\" \/><\/a><\/p>\n<p>Conjunto de bomba mec\u00e2nica com sistema de controle de g\u00e1s para deposi\u00e7\u00e3o met\u00e1lica ou org\u00e2nica<\/p>\n<p>&nbsp;<\/p>\n<h3><strong>&#8211; Experimento de velocidade de bombeamento com bomba mec\u00e2nica<\/strong><\/h3>\n<p style=\"text-align: center\"><a href=\"https:\/\/sites.ifi.unicamp.br\/labvacrio\/files\/2014\/09\/AC2_9560-Large.jpg\"><img decoding=\"async\" class=\"wp-image-201 alignnone\" src=\"https:\/\/sites.ifi.unicamp.br\/labvacrio\/files\/2014\/09\/AC2_9560-Large.jpg\" alt=\"AC2_9560 (Large)\" width=\"407\" height=\"611\" srcset=\"https:\/\/sites.ifi.unicamp.br\/labvacrio\/files\/2014\/09\/AC2_9560-Large.jpg 512w, https:\/\/sites.ifi.unicamp.br\/labvacrio\/files\/2014\/09\/AC2_9560-Large-200x300.jpg 200w\" sizes=\"(max-width: 407px) 100vw, 407px\" \/><\/a><\/p>\n<p>A Determina\u00e7\u00e3o da velocidade de bombeamento \u00e9 feita pelo m\u00e9todo da corrente molecular de g\u00e1s<\/p>\n<p>&nbsp;<\/p>\n<h3><strong>&#8211; Experimento de Condut\u00e2ncia de Tubos de V\u00e1cuo<\/strong><\/h3>\n<p style=\"text-align: center\"><a href=\"https:\/\/sites.ifi.unicamp.br\/labvacrio\/files\/2014\/09\/AC2_9558-Large.jpg\"><img decoding=\"async\" class=\"wp-image-200 alignnone\" src=\"https:\/\/sites.ifi.unicamp.br\/labvacrio\/files\/2014\/09\/AC2_9558-Large.jpg\" alt=\"AC2_9558 (Large)\" width=\"396\" height=\"379\" srcset=\"https:\/\/sites.ifi.unicamp.br\/labvacrio\/files\/2014\/09\/AC2_9558-Large.jpg 803w, https:\/\/sites.ifi.unicamp.br\/labvacrio\/files\/2014\/09\/AC2_9558-Large-300x286.jpg 300w\" sizes=\"(max-width: 396px) 100vw, 396px\" \/><\/a><\/p>\n<p>&nbsp;<\/p>\n<p>Na foto &nbsp;acima observa-se a Bomba Mec\u00e2nica e 2&nbsp;medidores de v\u00e1cuo tipo Bourdon, <b>&nbsp;<\/b>v\u00e1lvula agulha, &nbsp;tubo cuja condut\u00e2ncia deve ser medida, &nbsp;seringa graduada invertida, e&nbsp;&nbsp;b\u00e9quer com \u00e1gua colorida.<\/p>\n<p>&nbsp;<\/p>\n<p>&nbsp;<\/p>\n<h3><strong>&#8211; Experimento de Criossor\u00e7\u00e3o em Zeolita e carv\u00e3o ativado<\/strong><\/h3>\n<p><a href=\"https:\/\/sites.ifi.unicamp.br\/labvacrio\/files\/2014\/09\/AC2_9568-Large.jpg\"><img loading=\"lazy\" decoding=\"async\" class=\"wp-image-206 aligncenter\" src=\"https:\/\/sites.ifi.unicamp.br\/labvacrio\/files\/2014\/09\/AC2_9568-Large.jpg\" alt=\"AC2_9568 (Large)\" width=\"388\" height=\"427\" srcset=\"https:\/\/sites.ifi.unicamp.br\/labvacrio\/files\/2014\/09\/AC2_9568-Large.jpg 698w, https:\/\/sites.ifi.unicamp.br\/labvacrio\/files\/2014\/09\/AC2_9568-Large-272x300.jpg 272w\" sizes=\"(max-width: 388px) 100vw, 388px\" \/><\/a><\/p>\n<p>O sistema da figura acima consiste de uma c\u00e2mara de a\u00e7o inox ligada por v\u00e1lvulas a um volume calibrado, a um man\u00f4metro tipo Bourdon, a uma v\u00e1lvula agulha e a uma bomba mec\u00e2nica e, finalmente, a um tubo de quartzo que cont\u00e9m a subst\u00e2ncia adsorsora.<\/p>\n<p>&nbsp;<\/p>\n<h3><strong>&#8211; Experimento de Espectroscopia de Plasma<\/strong><\/h3>\n<p><a href=\"https:\/\/sites.ifi.unicamp.br\/labvacrio\/files\/2014\/09\/AC2_9563-Large.jpg\"><img loading=\"lazy\" decoding=\"async\" class=\"wp-image-199 aligncenter\" src=\"https:\/\/sites.ifi.unicamp.br\/labvacrio\/files\/2014\/09\/AC2_9563-Large.jpg\" alt=\"AC2_9563 (Large)\" width=\"382\" height=\"574\" srcset=\"https:\/\/sites.ifi.unicamp.br\/labvacrio\/files\/2014\/09\/AC2_9563-Large.jpg 512w, https:\/\/sites.ifi.unicamp.br\/labvacrio\/files\/2014\/09\/AC2_9563-Large-200x300.jpg 200w\" sizes=\"(max-width: 382px) 100vw, 382px\" \/><\/a><\/p>\n<p>O aparato experimental acima utilizado para a realiza\u00e7\u00e3o deste trabalho \u00e9 constitu\u00eddo por um sistema de v\u00e1cuo (difusora em s\u00e9rie com mec\u00e2nica) cujo interior da c\u00e2mara cont\u00e9m um par de eletrodos ligados a uma fonte de alta tens\u00e3o d.c. A dist\u00e2ncia entre os eletrodos pode ser variada de alguns cent\u00edmetros. Acoplada \u00e0 c\u00e2mara, uma v\u00e1lvula agulha regula o fluxo de inje\u00e7\u00e3o do g\u00e1s a ser ionizado. Um espectr\u00f4metro acoplado a uma fibra \u00f3ptica e um microcomputador com o software de interface micro-espectr\u00f4metro para a aquisi\u00e7\u00e3o de dados.<\/p>\n<h3><strong>&#8211; Experimento com Criostatos e perdas de L\u00edquidos criog\u00eanicos<\/strong><\/h3>\n<p style=\"text-align: center\"><a href=\"https:\/\/sites.ifi.unicamp.br\/labvacrio\/files\/2014\/09\/AC2_9570-Large.jpg\"><img loading=\"lazy\" decoding=\"async\" class=\" wp-image-205 alignnone\" src=\"https:\/\/sites.ifi.unicamp.br\/labvacrio\/files\/2014\/09\/AC2_9570-Large.jpg\" alt=\"AC2_9570 (Large)\" width=\"378\" height=\"567\" srcset=\"https:\/\/sites.ifi.unicamp.br\/labvacrio\/files\/2014\/09\/AC2_9570-Large.jpg 512w, https:\/\/sites.ifi.unicamp.br\/labvacrio\/files\/2014\/09\/AC2_9570-Large-200x300.jpg 200w\" sizes=\"(max-width: 378px) 100vw, 378px\" \/><\/a><\/p>\n<p>Um criostato de pesquisa \u00e9 um recipiente de forma complexa feito para receber l\u00edquidos criog\u00eanicos como nitrog\u00eanio l\u00edquido e h\u00e9lio l\u00edquido. Em criostatos de h\u00e9lio, o nitrog\u00eanio serve para abaixar a temperatura do criostato at\u00e9 77 K, que \u00e9 a temperatura de sua ebuli\u00e7\u00e3o, e ao mesmo tempo formar uma blindagem t\u00e9rmica para o recipiente interno de h\u00e9lio l\u00edquido. O isolamento t\u00e9rmico desses l\u00edquidos do ambiente e entre si \u00e9 feito usando-se um sistema de alto v\u00e1cuo, que em geral permite alcan\u00e7ar press\u00f5es da ordem de 10<sup>-6<\/sup> torr, o que minimiza o transporte de calor via g\u00e1s rarefeito. A transfer\u00eancia de calor por condu\u00e7\u00e3o nas paredes do criostato \u00e9 minimizada utilizando-se materiais de baixa condutividade t\u00e9rmica, que no nosso caso espec\u00edfico \u00e9 a\u00e7o inox 304.<\/p>\n<p>&nbsp;<\/p>\n<h3><strong>&#8211; Experimento de Supercondutividade<\/strong><\/h3>\n<p>&nbsp;<\/p>\n<p><a href=\"https:\/\/sites.ifi.unicamp.br\/labvacrio\/files\/2014\/09\/AC2_9564-Large.jpg\"><img loading=\"lazy\" decoding=\"async\" class=\"wp-image-215 aligncenter\" src=\"https:\/\/sites.ifi.unicamp.br\/labvacrio\/files\/2014\/09\/AC2_9564-Large.jpg\" alt=\"AC2_9564 (Large)\" width=\"377\" height=\"252\" srcset=\"https:\/\/sites.ifi.unicamp.br\/labvacrio\/files\/2014\/09\/AC2_9564-Large.jpg 1150w, https:\/\/sites.ifi.unicamp.br\/labvacrio\/files\/2014\/09\/AC2_9564-Large-300x200.jpg 300w, https:\/\/sites.ifi.unicamp.br\/labvacrio\/files\/2014\/09\/AC2_9564-Large-1024x683.jpg 1024w\" sizes=\"(max-width: 377px) 100vw, 377px\" \/><\/a><\/p>\n<p>Neste experimento utilizaremos uma cer\u00e2mica supercondutora, preso a uma moldura met\u00e1lica e j\u00e1 com os fios conectados. A pastilha constitui-se de um supercondutor do tipo II , cuja temperatura de transi\u00e7\u00e3o \u00e9 relativamente alta e assim n\u00e3o \u00e9 necess\u00e1rio \u00e0 utiliza\u00e7\u00e3o de h\u00e9lio l\u00edquido para atingir a temperatura de transi\u00e7\u00e3o. Esta temperatura pode ser alcan\u00e7ada com nitrog\u00eanio l\u00edquido<\/p>\n<p><a href=\"https:\/\/sites.ifi.unicamp.br\/labvacrio\/files\/2019\/03\/pastilha.pdf\"><strong>Prepara\u00e7\u00e3o da Pastilha (s\u00e3o necess\u00e1rios 3 tipos de fornos para os tratamentos t\u00e9rmicos)<\/strong><\/a><\/p>\n<h3><strong>&#8211; Experimento de Superfluidez do H\u00e9lio<\/strong><\/h3>\n<p><a href=\"https:\/\/sites.ifi.unicamp.br\/labvacrio\/files\/2014\/09\/AC2_9569-Large.jpg\"><img loading=\"lazy\" decoding=\"async\" class=\"wp-image-207 aligncenter\" src=\"https:\/\/sites.ifi.unicamp.br\/labvacrio\/files\/2014\/09\/AC2_9569-Large.jpg\" alt=\"AC2_9569 (Large)\" width=\"366\" height=\"549\" srcset=\"https:\/\/sites.ifi.unicamp.br\/labvacrio\/files\/2014\/09\/AC2_9569-Large.jpg 512w, https:\/\/sites.ifi.unicamp.br\/labvacrio\/files\/2014\/09\/AC2_9569-Large-200x300.jpg 200w\" sizes=\"(max-width: 366px) 100vw, 366px\" \/><\/a><\/p>\n<p>&nbsp;<\/p>\n<p style=\"text-align: justify\">&nbsp;Sistema&nbsp;Fluidificador&#8230;..<\/p>\n<p>&nbsp;<\/p>\n<h3><strong>&#8211; Experimento de Detetor de vazamento com H\u00e9lio<\/strong><\/h3>\n<p><a href=\"https:\/\/sites.ifi.unicamp.br\/labvacrio\/files\/2014\/09\/L-detector.jpg\"><img loading=\"lazy\" decoding=\"async\" class=\"size-full wp-image-257 aligncenter\" src=\"https:\/\/sites.ifi.unicamp.br\/labvacrio\/files\/2014\/09\/L-detector.jpg\" alt=\"L detector\" width=\"413\" height=\"800\"><\/a><\/p>\n<p>&nbsp;<\/p>\n<h3>&#8211; Sistema para buscar vazamentos em tubula\u00e7\u00f5es e conex\u00f5es.<\/h3>\n<p style=\"text-align: center\"><a href=\"https:\/\/sites.ifi.unicamp.br\/labvacrio\/files\/2019\/03\/porta-test.pdf\"><strong>*****Manual do Sistema&nbsp; Leak Detector*****<\/strong><\/a><\/p>\n<p>&nbsp;<\/p>\n<p>&nbsp;<\/p>\n<p>&nbsp;<\/p>\n<p>&nbsp;<\/p>\n<p>&nbsp;<\/p>\n<p>&nbsp;<\/p>\n<p>&nbsp;<\/p>\n<p>&nbsp;<\/p>\n<p>&nbsp;<\/p>\n<p>&nbsp;<\/p>\n<p>&nbsp;<\/p>\n<p>&nbsp;<\/p>\n<p>&nbsp;<\/p>\n<p>&nbsp;<\/p>\n<p>&nbsp;<\/p>\n<p>&nbsp;<\/p>\n<p>&nbsp;<\/p>\n<p>&nbsp;<\/p>\n<p>&nbsp;<\/p>\n<p>&nbsp;<\/p>\n<p>&nbsp;<\/p>\n<p>&nbsp;<\/p>\n<p>&nbsp;<\/p>\n<p>&nbsp;<\/p>\n<p>&nbsp;<\/p>\n<p>&nbsp;<\/p>\n<p>&nbsp;<\/p>\n<p>&nbsp;<\/p>\n<p>&nbsp;<\/p>\n<p>&nbsp;<\/p>\n<p>&nbsp;<\/p>\n<p>&nbsp;<\/p>\n<p>&nbsp;<\/p>\n<p>&nbsp;<\/p>\n<p>&nbsp;<\/p>\n<p>&nbsp;<\/p>\n<p>&nbsp;<\/p>\n<p>&nbsp;<\/p>\n<p>&nbsp;<\/p>\n<p>&nbsp;<\/p>\n<p>&nbsp;<\/p>\n<p>&nbsp;<\/p>\n<p>&nbsp;<\/p>\n<p>&nbsp;<\/p>\n<p>&nbsp;<\/p>\n<p>&nbsp;<\/p>\n<p>&nbsp;<\/p>\n<p>&nbsp;<\/p>\n<p>&nbsp;<\/p>\n<p>&nbsp;<\/p>\n<p>&nbsp;<\/p>\n<p>&nbsp;<\/p>\n<p>&nbsp;<\/p>\n<p>&nbsp;<\/p>\n<p>&nbsp;<\/p>\n<p>&nbsp;<\/p>\n<p>&nbsp;<\/p>\n<p>&nbsp;<\/p>\n<p>&nbsp;<\/p>\n<p>&nbsp;<\/p>\n<p>&nbsp;<\/p>\n<p>&nbsp;<\/p>\n<p>&nbsp;<\/p>\n<p>&nbsp;<\/p>\n<p>&nbsp;<\/p>\n<p>&nbsp;<\/p>\n<p>&nbsp;<\/p>\n<p>&nbsp;<\/p>\n<p>&nbsp;<\/p>\n<p>&nbsp;<\/p>\n<p>&nbsp;<\/p>\n<p>&nbsp;<\/p>\n<p>&nbsp;<\/p>\n<p>&nbsp;<\/p>\n<p>&nbsp;<\/p>\n<p>&nbsp;<\/p>\n<p>&nbsp;<\/p>\n<p>&nbsp;<\/p>\n<p>&nbsp;<\/p>\n<p>&nbsp;<\/p>\n<p>&nbsp;<\/p>\n<p>&nbsp;<\/p>\n<p>&nbsp;<\/p>\n<p>&nbsp;<\/p>\n<p>&nbsp;<\/p>\n<p>&nbsp;<\/p>\n<p>&nbsp;<\/p>\n<p>&nbsp;<\/p>\n<p>&nbsp;<\/p>\n<p>&nbsp;<\/p>\n<p>&nbsp;<\/p>\n<p>&nbsp;<\/p>\n<p>&nbsp;<\/p>\n<p>&nbsp;<\/p>\n<p>&nbsp;<\/p>\n<p>&nbsp;<\/p>\n<p>&nbsp;<\/p>\n<p>&nbsp;<\/p>\n<p>&nbsp;<\/p>\n<p>&nbsp;<\/p>\n<p>&nbsp;<\/p>\n<p>&nbsp;<\/p>\n<p>&nbsp;<\/p>\n<p>&nbsp;<\/p>\n<p>&nbsp;<\/p>\n<p>&nbsp;<\/p>\n<p>&nbsp;<\/p>\n<p>&nbsp;<\/p>\n<p>&nbsp;<\/p>\n<p>&nbsp;<\/p>\n<p>&nbsp;<\/p>\n<p>&nbsp;<\/p>\n<p>&nbsp;<\/p>\n<p>&nbsp;<\/p>\n<p>&nbsp;<\/p>\n<p>&nbsp;<\/p>\n<p>&nbsp;<\/p>\n<p>&nbsp;<\/p>\n<p>&nbsp;<\/p>\n<p>&nbsp;<\/p>\n<p>&nbsp;<\/p>\n<p>&nbsp;<\/p>\n<p>&nbsp;<\/p>\n<p>&nbsp;<\/p>\n<p>&nbsp;<\/p>\n<p>&nbsp;<\/p>\n<p>&nbsp;<\/p>\n<p>&nbsp;<\/p>\n<p>&nbsp;<\/p>\n<p>&nbsp;<\/p>\n<p>&nbsp;<\/p>\n<p>&nbsp;<\/p>\n<p>&nbsp;<\/p>\n<p>&nbsp;<\/p>\n<p>&nbsp;<\/p>\n<p>&nbsp;<\/p>\n<p>&nbsp;<\/p>\n<p>&nbsp;<\/p>\n<p>&nbsp;<\/p>\n<p>&nbsp;<\/p>\n<p>&nbsp;<\/p>\n<p>&nbsp;<\/p>\n<p>&nbsp;<\/p>\n<p>&nbsp;<\/p>\n<p>&nbsp;<\/p>\n<p>&nbsp;<\/p>\n<p>&nbsp;<\/p>\n<p>&nbsp;<\/p>\n<p>&nbsp;<\/p>\n<p>&nbsp;<\/p>\n<p>&nbsp;<\/p>\n","protected":false},"excerpt":{"rendered":"<p>Abaixo est\u00e3o os equipamentos do Laborat\u00f3rio de Ensino de V\u00e1cuo e Criogenia com uma breve descri\u00e7\u00e3o. &nbsp; &#8211; Experimento de filmes finos Conjunto de bomba mec\u00e2nica com sistema de controle de g\u00e1s para deposi\u00e7\u00e3o met\u00e1lica ou org\u00e2nica &nbsp; &#8211; Experimento de velocidade de bombeamento com bomba mec\u00e2nica A Determina\u00e7\u00e3o da velocidade de bombeamento \u00e9 feita &hellip; <\/p>\n<p><a class=\"more-link btn\" href=\"https:\/\/sites.ifi.unicamp.br\/labvacrio\/equipamentos-do-laboratorio\/\">Continue lendo<\/a><\/p>\n","protected":false},"author":38,"featured_media":0,"parent":0,"menu_order":0,"comment_status":"closed","ping_status":"closed","template":"","meta":{"ngg_post_thumbnail":0,"footnotes":""},"class_list":["post-191","page","type-page","status-publish","hentry","nodate","item-wrap"],"_links":{"self":[{"href":"https:\/\/sites.ifi.unicamp.br\/labvacrio\/wp-json\/wp\/v2\/pages\/191","targetHints":{"allow":["GET"]}}],"collection":[{"href":"https:\/\/sites.ifi.unicamp.br\/labvacrio\/wp-json\/wp\/v2\/pages"}],"about":[{"href":"https:\/\/sites.ifi.unicamp.br\/labvacrio\/wp-json\/wp\/v2\/types\/page"}],"author":[{"embeddable":true,"href":"https:\/\/sites.ifi.unicamp.br\/labvacrio\/wp-json\/wp\/v2\/users\/38"}],"replies":[{"embeddable":true,"href":"https:\/\/sites.ifi.unicamp.br\/labvacrio\/wp-json\/wp\/v2\/comments?post=191"}],"version-history":[{"count":21,"href":"https:\/\/sites.ifi.unicamp.br\/labvacrio\/wp-json\/wp\/v2\/pages\/191\/revisions"}],"predecessor-version":[{"id":618,"href":"https:\/\/sites.ifi.unicamp.br\/labvacrio\/wp-json\/wp\/v2\/pages\/191\/revisions\/618"}],"wp:attachment":[{"href":"https:\/\/sites.ifi.unicamp.br\/labvacrio\/wp-json\/wp\/v2\/media?parent=191"}],"curies":[{"name":"wp","href":"https:\/\/api.w.org\/{rel}","templated":true}]}}