{"id":227,"date":"2014-09-23T20:27:50","date_gmt":"2014-09-23T23:27:50","guid":{"rendered":"https:\/\/sites.ifi.unicamp.br\/labvacrio\/?page_id=227"},"modified":"2014-09-23T20:49:52","modified_gmt":"2014-09-23T23:49:52","slug":"videos-do-lab","status":"publish","type":"page","link":"https:\/\/sites.ifi.unicamp.br\/labvacrio\/videos-do-lab\/","title":{"rendered":"Videos do Laborat\u00f3rio"},"content":{"rendered":"<p>1 &#8211; Super fluidez do h\u00e9lio<\/p>\n<p>&nbsp;<\/p>\n\n<p>&nbsp;<\/p>\n<p>2 &#8211; Super fluidez do H\u00e9lio (Prof. Jonhson Ordo\u00f1ez)<\/p>\n<p>&nbsp;<\/p>\n<p>https:\/\/www.youtube.com\/watch?v=0uut3zH-huU<\/p>","protected":false},"excerpt":{"rendered":"<p>1 &#8211; Super fluidez do h\u00e9lio &nbsp; &nbsp; 2 &#8211; Super fluidez do H\u00e9lio (Prof. Jonhson Ordo\u00f1ez) &nbsp; https:\/\/www.youtube.com\/watch?v=0uut3zH-huU<\/p>\n","protected":false},"author":38,"featured_media":0,"parent":0,"menu_order":0,"comment_status":"open","ping_status":"open","template":"","meta":{"ngg_post_thumbnail":0,"footnotes":""},"class_list":["post-227","page","type-page","status-publish","hentry","nodate","item-wrap"],"_links":{"self":[{"href":"https:\/\/sites.ifi.unicamp.br\/labvacrio\/wp-json\/wp\/v2\/pages\/227","targetHints":{"allow":["GET"]}}],"collection":[{"href":"https:\/\/sites.ifi.unicamp.br\/labvacrio\/wp-json\/wp\/v2\/pages"}],"about":[{"href":"https:\/\/sites.ifi.unicamp.br\/labvacrio\/wp-json\/wp\/v2\/types\/page"}],"author":[{"embeddable":true,"href":"https:\/\/sites.ifi.unicamp.br\/labvacrio\/wp-json\/wp\/v2\/users\/38"}],"replies":[{"embeddable":true,"href":"https:\/\/sites.ifi.unicamp.br\/labvacrio\/wp-json\/wp\/v2\/comments?post=227"}],"version-history":[{"count":4,"href":"https:\/\/sites.ifi.unicamp.br\/labvacrio\/wp-json\/wp\/v2\/pages\/227\/revisions"}],"predecessor-version":[{"id":243,"href":"https:\/\/sites.ifi.unicamp.br\/labvacrio\/wp-json\/wp\/v2\/pages\/227\/revisions\/243"}],"wp:attachment":[{"href":"https:\/\/sites.ifi.unicamp.br\/labvacrio\/wp-json\/wp\/v2\/media?parent=227"}],"curies":[{"name":"wp","href":"https:\/\/api.w.org\/{rel}","templated":true}]}}