{"id":279,"date":"2014-10-01T21:51:16","date_gmt":"2014-10-02T00:51:16","guid":{"rendered":"https:\/\/sites.ifi.unicamp.br\/labvacrio\/?page_id=279"},"modified":"2014-10-01T21:51:16","modified_gmt":"2014-10-02T00:51:16","slug":"plasma","status":"publish","type":"page","link":"https:\/\/sites.ifi.unicamp.br\/labvacrio\/plasma\/","title":{"rendered":"Plasma"},"content":{"rendered":"<p><\/p>\n<p style=\"text-align: center\"><a href=\"https:\/\/sites.ifi.unicamp.br\/labvacrio\/files\/2014\/10\/plasma.jpg\"><img decoding=\"async\" class=\"wp-image-280\" src=\"https:\/\/sites.ifi.unicamp.br\/labvacrio\/files\/2014\/10\/plasma.jpg\" alt=\"plasma\" width=\"203\" height=\"200\" srcset=\"https:\/\/sites.ifi.unicamp.br\/labvacrio\/files\/2014\/10\/plasma.jpg 370w, https:\/\/sites.ifi.unicamp.br\/labvacrio\/files\/2014\/10\/plasma-300x295.jpg 300w\" sizes=\"(max-width: 203px) 100vw, 203px\" \/><\/a><\/p>\n<p style=\"text-align: center\">\n<p style=\"text-align: center\">\n<p><span style=\"font-size: large\"><b>O que \u00e9 um plasma?<\/b><\/span><\/p>\n<p>Um plasma \u00e9 uma cole\u00e7\u00e3o de \u00e1tomos neutros, el\u00e9trons livres e \u00edons positivos, isto \u00e9, \u00e1tomos que perderam el\u00e9trons. Para formar um plasma \u00e9 necess\u00e1rio fornecer aos \u00e1tomos energia suficiente para que eles se dissociem, de modo que, normalmente, \u00e9 necess\u00e1ria uma alta temperatura para formar e manter um plasma.<\/p>\n<p>Embora um plasma seja um g\u00e1s ionizado, devido \u00e0 suas propriedades peculiares ele \u00e9 considerado o quarto estado da mat\u00e9ria; os outros tr\u00eas sendo o s\u00f3lido, o l\u00edquido e o gasoso.<\/p>","protected":false},"excerpt":{"rendered":"<p>O que \u00e9 um plasma? Um plasma \u00e9 uma cole\u00e7\u00e3o de \u00e1tomos neutros, el\u00e9trons livres e \u00edons positivos, isto \u00e9, \u00e1tomos que perderam el\u00e9trons. Para formar um plasma \u00e9 necess\u00e1rio fornecer aos \u00e1tomos energia suficiente para que eles se dissociem, de modo que, normalmente, \u00e9 necess\u00e1ria uma alta temperatura para formar e manter um plasma. &hellip; <\/p>\n<p><a class=\"more-link btn\" href=\"https:\/\/sites.ifi.unicamp.br\/labvacrio\/plasma\/\">Continue lendo<\/a><\/p>\n","protected":false},"author":38,"featured_media":0,"parent":0,"menu_order":0,"comment_status":"open","ping_status":"open","template":"","meta":{"ngg_post_thumbnail":0,"footnotes":""},"class_list":["post-279","page","type-page","status-publish","hentry","nodate","item-wrap"],"_links":{"self":[{"href":"https:\/\/sites.ifi.unicamp.br\/labvacrio\/wp-json\/wp\/v2\/pages\/279","targetHints":{"allow":["GET"]}}],"collection":[{"href":"https:\/\/sites.ifi.unicamp.br\/labvacrio\/wp-json\/wp\/v2\/pages"}],"about":[{"href":"https:\/\/sites.ifi.unicamp.br\/labvacrio\/wp-json\/wp\/v2\/types\/page"}],"author":[{"embeddable":true,"href":"https:\/\/sites.ifi.unicamp.br\/labvacrio\/wp-json\/wp\/v2\/users\/38"}],"replies":[{"embeddable":true,"href":"https:\/\/sites.ifi.unicamp.br\/labvacrio\/wp-json\/wp\/v2\/comments?post=279"}],"version-history":[{"count":1,"href":"https:\/\/sites.ifi.unicamp.br\/labvacrio\/wp-json\/wp\/v2\/pages\/279\/revisions"}],"predecessor-version":[{"id":282,"href":"https:\/\/sites.ifi.unicamp.br\/labvacrio\/wp-json\/wp\/v2\/pages\/279\/revisions\/282"}],"wp:attachment":[{"href":"https:\/\/sites.ifi.unicamp.br\/labvacrio\/wp-json\/wp\/v2\/media?parent=279"}],"curies":[{"name":"wp","href":"https:\/\/api.w.org\/{rel}","templated":true}]}}