{"id":359,"date":"2015-07-31T17:28:05","date_gmt":"2015-07-31T20:28:05","guid":{"rendered":"https:\/\/sites.ifi.unicamp.br\/labvacrio\/?page_id=359"},"modified":"2026-04-22T15:42:02","modified_gmt":"2026-04-22T18:42:02","slug":"vacuo-2","status":"publish","type":"page","link":"https:\/\/sites.ifi.unicamp.br\/labvacrio\/vacuo-2\/","title":{"rendered":"F 640 &#8211; 1\u00ba semestre 2026"},"content":{"rendered":"<p><strong>1\u00ba semestre\/2026 &#8211; Prof. Dr. Pascoal Jos\u00e9 Giglio Pagliuso<\/strong><\/p>\n<p>PDD: Plano de Desenvolvimento da Disciplina (<a href=\"https:\/\/sites.ifi.unicamp.br\/labvacrio\/files\/2026\/03\/Plano_Desenvolvimento_da_Disciplina_F640-1S-2026.pdf\">clique aqui<\/a>)&nbsp;<\/p>\n<p>&nbsp;<\/p>\n<p><strong>AULAS:&nbsp;<\/strong><\/p>\n<ul>\n<li>12\/03\/2026 &#8211; <a href=\"https:\/\/sites.ifi.unicamp.br\/labvacrio\/files\/2026\/03\/AulaI_12032026.pdf\">GASES IDEAIS, TEORIA CIN\u00c9TICA DOS GASES, CORRENTE MOLECULAR E ADSOR\u00c7\u00c3O<\/a><\/li>\n<li>05\/03\/2026 &#8211; <a href=\"https:\/\/sites.ifi.unicamp.br\/labvacrio\/files\/2026\/03\/Aula_05032026.pdf\">INTRODU\u00c7\u00c3O \u00c0 TECNOLOGIA DE V\u00c1CUO<\/a><\/li>\n<\/ul>\n<p>&nbsp;<\/p>\n<p><strong>ROTEIROS:&nbsp;<\/strong><\/p>\n<ul>\n<li>Experimento 1: <a href=\"https:\/\/sites.ifi.unicamp.br\/labvacrio\/files\/2026\/03\/Roteiro-do-Experimento-1-1S2026.pdf\">CONDUT\u00c2NCIA DE TUBOS DE V\u00c1CUO<\/a><\/li>\n<li>Experimento 2: <a href=\"https:\/\/sites.ifi.unicamp.br\/labvacrio\/files\/2026\/03\/Roteiro-do-Experimento-2-1S2026.pdf\">CRIOSSOR\u00c7\u00c3O EM ZEOLITA E CARV\u00c3O ATIVADO<\/a><\/li>\n<li>Experimento 3: <a href=\"https:\/\/sites.ifi.unicamp.br\/labvacrio\/files\/2026\/03\/Roteiro-do-Experimento-3-1S2026.pdf\">DESMONTAGEM E MONTAGEM DE UM SISTEMA DE V\u00c1CUO<\/a><\/li>\n<li>Experimento 4: <a href=\"https:\/\/sites.ifi.unicamp.br\/labvacrio\/files\/2026\/04\/Roteiro-do-Experimento-4-1S2026.pdf\">DETEC\u00c7\u00c3O DE VAZAMENTOS EM UM SISTEMA DE V\u00c1CUO<\/a><\/li>\n<li>Experimento 5:<a href=\"https:\/\/sites.ifi.unicamp.br\/labvacrio\/files\/2026\/04\/Roteiro-do-Experimento-5-2S2025.pdf\"> CRIOSTATOS<\/a><\/li>\n<li>Experimento 6: <a href=\"https:\/\/sites.ifi.unicamp.br\/labvacrio\/files\/2026\/04\/Roteiro-do-Experimento-6-1S2026.pdf\">SUPERCONDUTIVIDADE<\/a><\/li>\n<\/ul>\n<p>&nbsp;<\/p>\n<p><strong>MATERIAL DE APOIO:&nbsp;<\/strong><\/p>\n<ul>\n<li><a href=\"https:\/\/drive.google.com\/file\/d\/1NG6deg4zuYOPMpCpXMQ1c9R0pD-gOpoD\/view?usp=sharing\">Texto de Apoio 1 de F-640 &#8211; 1S 2026 (Introdu\u00e7\u00e3o \u00e0 Ci\u00eancia e Tecnologia de V\u00e1cuo)&nbsp;<\/a><\/li>\n<\/ul>\n<p>&nbsp;<\/p>\n","protected":false},"excerpt":{"rendered":"<p>1\u00ba semestre\/2026 &#8211; Prof. Dr. Pascoal Jos\u00e9 Giglio Pagliuso PDD: Plano de Desenvolvimento da Disciplina (clique aqui)&nbsp; &nbsp; AULAS:&nbsp; 12\/03\/2026 &#8211; GASES IDEAIS, TEORIA CIN\u00c9TICA DOS GASES, CORRENTE MOLECULAR E ADSOR\u00c7\u00c3O 05\/03\/2026 &#8211; INTRODU\u00c7\u00c3O \u00c0 TECNOLOGIA DE V\u00c1CUO &nbsp; ROTEIROS:&nbsp; Experimento 1: CONDUT\u00c2NCIA DE TUBOS DE V\u00c1CUO Experimento 2: CRIOSSOR\u00c7\u00c3O EM ZEOLITA E CARV\u00c3O ATIVADO &hellip; <\/p>\n<p><a class=\"more-link btn\" href=\"https:\/\/sites.ifi.unicamp.br\/labvacrio\/vacuo-2\/\">Continue lendo<\/a><\/p>\n","protected":false},"author":38,"featured_media":0,"parent":0,"menu_order":0,"comment_status":"closed","ping_status":"closed","template":"","meta":{"ngg_post_thumbnail":0,"footnotes":""},"class_list":["post-359","page","type-page","status-publish","hentry","nodate","item-wrap"],"_links":{"self":[{"href":"https:\/\/sites.ifi.unicamp.br\/labvacrio\/wp-json\/wp\/v2\/pages\/359","targetHints":{"allow":["GET"]}}],"collection":[{"href":"https:\/\/sites.ifi.unicamp.br\/labvacrio\/wp-json\/wp\/v2\/pages"}],"about":[{"href":"https:\/\/sites.ifi.unicamp.br\/labvacrio\/wp-json\/wp\/v2\/types\/page"}],"author":[{"embeddable":true,"href":"https:\/\/sites.ifi.unicamp.br\/labvacrio\/wp-json\/wp\/v2\/users\/38"}],"replies":[{"embeddable":true,"href":"https:\/\/sites.ifi.unicamp.br\/labvacrio\/wp-json\/wp\/v2\/comments?post=359"}],"version-history":[{"count":281,"href":"https:\/\/sites.ifi.unicamp.br\/labvacrio\/wp-json\/wp\/v2\/pages\/359\/revisions"}],"predecessor-version":[{"id":1002,"href":"https:\/\/sites.ifi.unicamp.br\/labvacrio\/wp-json\/wp\/v2\/pages\/359\/revisions\/1002"}],"wp:attachment":[{"href":"https:\/\/sites.ifi.unicamp.br\/labvacrio\/wp-json\/wp\/v2\/media?parent=359"}],"curies":[{"name":"wp","href":"https:\/\/api.w.org\/{rel}","templated":true}]}}