{"id":394,"date":"2015-08-05T19:08:08","date_gmt":"2015-08-05T22:08:08","guid":{"rendered":"https:\/\/sites.ifi.unicamp.br\/labvacrio\/?page_id=394"},"modified":"2024-08-06T10:59:44","modified_gmt":"2024-08-06T13:59:44","slug":"roteiros-2","status":"publish","type":"page","link":"https:\/\/sites.ifi.unicamp.br\/labvacrio\/roteiros-2\/","title":{"rendered":"Roteiros &#8211; Turmas Anteriores"},"content":{"rendered":"<p>Roteiros&nbsp; &#8211; Turmas anteriores&nbsp;<\/p>\n<p><a href=\"https:\/\/sites.ifi.unicamp.br\/labvacrio\/files\/2024\/06\/Plasma-e-Criogenia-1s-2024-divulgacao.pdf\"><strong>&#8211; Parte 2: Apostila Disciplina F 640 &#8211; 1\u00ba semestre\/2024 &#8211; Prof. Francisco das Chagas Marques<\/strong><\/a><\/p>\n<p><strong><a href=\"https:\/\/sites.ifi.unicamp.br\/labvacrio\/files\/2024\/03\/Apostila-1s-2024.pdf\">&#8211; Apostila Disciplina F640 &#8211; 1\u00ba semestre\/2024 &#8211; Prof. Francisco das Chagas Marques&nbsp;<\/a><\/strong><\/p>\n<p><a href=\"https:\/\/sites.ifi.unicamp.br\/labvacrio\/files\/2023\/09\/Cronograma-dos-experimentos-entre-15-09-e-10-11.pdf\"><strong>&#8211; Cronograma dos experimentos entre 15\/09 e 10\/11<\/strong><\/a><\/p>\n<p><a href=\"https:\/\/sites.ifi.unicamp.br\/labvacrio\/files\/2023\/08\/Roteiro-do-Experimento-1-2023.pdf\"><strong>&#8211; <\/strong><strong>Roteiro Experim<\/strong><strong>ento 1 (2023)&nbsp;<\/strong><\/a><\/p>\n<p><a href=\"https:\/\/sites.ifi.unicamp.br\/labvacrio\/files\/2023\/03\/Experimento-2-2023-Montagem-e-Medidas-de-Pressa\u0303o-em-um-Sistema-de-Va\u0301cuo.pdf\"><strong>&#8211; Roteiro Experimento 2 (2023)&nbsp;<\/strong><\/a><\/p>\n<p><a href=\"https:\/\/sites.ifi.unicamp.br\/labvacrio\/files\/2023\/03\/Experimento-3-2023-Crio-sorc\u0327a\u0303o-em-Zeolta-e-Carva\u0303o-Vegetal.pdf\"><strong>&#8211; &nbsp;Roteiro Experimento 3 (2023)&nbsp;<\/strong><\/a><\/p>\n<p><a href=\"https:\/\/sites.ifi.unicamp.br\/labvacrio\/files\/2023\/03\/Experimento-4-2023-Estudos-com-um-Analisador-de-Gases-Residuais.pdf\"><strong>&#8211; &nbsp;Roteiro Experimento 4 (2023<\/strong>)&nbsp;<\/a><\/p>\n<p><a href=\"https:\/\/sites.ifi.unicamp.br\/labvacrio\/files\/2023\/08\/Roteiro-do-Experimento-5-2023.pdf\"><strong>&#8211; Roteiro Experimento&nbsp; 5 (2023)<\/strong><\/a><\/p>\n<p><a href=\"https:\/\/sites.ifi.unicamp.br\/labvacrio\/files\/2023\/04\/Roteiro-Experimento-6-2023.pdf\"><strong>&#8211; Roteiro Experimento&nbsp; 6 (2023)<\/strong><\/a><\/p>\n<p><a href=\"https:\/\/sites.ifi.unicamp.br\/labvacrio\/files\/2019\/05\/EXP-7.pdf\"><strong>&#8211; Roteiro Experimento&nbsp; 7 (2023)<\/strong><\/a><\/p>\n<p><a href=\"https:\/\/sites.ifi.unicamp.br\/labvacrio\/files\/2023\/09\/Roteiro-Experimento-8.pdf\"><strong>&#8211; Roteiro Experimento&nbsp; 8 (2023)<\/strong><\/a><\/p>\n<p><a href=\"https:\/\/sites.ifi.unicamp.br\/labvacrio\/files\/2023\/09\/Roteiro-Experimento-9.pdf\"><strong>&#8211; Roteiro Experimento&nbsp; 9 (2023)<\/strong><\/a><\/p>\n<p><strong><a href=\"https:\/\/sites.ifi.unicamp.br\/labvacrio\/files\/2023\/08\/Tabela-resumida-de-espectrometria-de-massas.pdf\">&#8211; Tabela resumida de Espectrometria de Massas<\/a><\/strong><\/p>\n<p><strong>&#8211; <\/strong><a href=\"https:\/\/sites.ifi.unicamp.br\/labvacrio\/files\/2022\/11\/9-Low-Temperature-Thermometry_2008_The-Art-of-Cryogenics.pdf\"><strong>Texto: Low Temperature and Thermometry<\/strong>&nbsp;&nbsp;<\/a><\/p>\n<p>&#8211; <strong><a href=\"https:\/\/sites.ifi.unicamp.br\/labvacrio\/files\/2022\/11\/Bibliografia-de-Criogenia.pdf\">Bibliografia de Criogenia<\/a>&nbsp;<\/strong><\/p>\n<p><a href=\"https:\/\/sites.ifi.unicamp.br\/labvacrio\/files\/2022\/08\/Refrigerac\u0327a\u0303o-Crioge\u0302nica.pdf\"><strong>&#8211; Refrigera\u00e7\u00e3o Criog\u00eanica&nbsp;<\/strong><\/a><\/p>\n<p><strong><a href=\"https:\/\/sites.ifi.unicamp.br\/labvacrio\/files\/2022\/08\/Temometria-de-Baixas-Temperaturas.pdf\">&#8211; Termometria de Baixas Temperaturas<\/a>&nbsp;<\/strong><\/p>\n<p><strong>&nbsp;<a href=\"https:\/\/sites.ifi.unicamp.br\/labvacrio\/files\/2020\/04\/Problemas-de-Va\u0301cuo-Propostos.pdf\">&#8211; Problemas de v\u00e1cuo propostos<\/a><\/strong><\/p>\n<p><a href=\"https:\/\/sites.ifi.unicamp.br\/labvacrio\/files\/2020\/03\/Problemas-de-V\u00e1cuo-Resolvidos.pdf\"><strong>&#8211; Problemas de v\u00e1cuo resolvidos<\/strong><\/a><\/p>\n<p>&nbsp;<strong>&#8211; <\/strong><a href=\"https:\/\/sites.ifi.unicamp.br\/labvacrio\/files\/2020\/03\/Bombas-de-v\u00e1cuo.pdf\"><strong>Bombas de v\u00e1cuo<\/strong><\/a><\/p>\n<p><a href=\"https:\/\/sites.ifi.unicamp.br\/labvacrio\/files\/2015\/07\/Texto-de-F-640-Sem2-2015-v%C3%A1cuo1.pdf\"><strong>&#8211; Texto de F640 de V\u00e1cuo<\/strong><\/a><\/p>\n<p>&#8211;<strong>&nbsp;<a href=\"https:\/\/sites.ifi.unicamp.br\/labvacrio\/files\/2019\/03\/Formato-de-Relato\u0301rio-para-F-640.pdf\">Formato de Relat\u00f3rio &nbsp;F-640<\/a><\/strong><\/p>\n<p><strong>&#8211;&nbsp;<a href=\"https:\/\/sites.ifi.unicamp.br\/labvacrio\/files\/2015\/08\/Bibliografia.pdf\">Bibliografia<\/a><\/strong><\/p>\n<p><a href=\"https:\/\/sites.ifi.unicamp.br\/labvacrio\/files\/2019\/06\/Transfere\u0302ncia-de-calor-em-criogenia.pdf\"><strong>&#8211; Transfer\u00eancia de calor em criogenia<\/strong><\/a><\/p>\n<p><strong>&#8211; <\/strong><a href=\"https:\/\/sites.ifi.unicamp.br\/labvacrio\/files\/2019\/05\/Bombas-Magneto-I\u00f4nicas.pdf\"><strong>Bombas magnetoi\u00f4nicas<\/strong><\/a><\/p>\n<p><strong>&#8211;&nbsp; <a href=\"https:\/\/sites.ifi.unicamp.br\/labvacrio\/files\/2020\/03\/Man\u00f4metros-de-V\u00e1cuo-e-Sensores-de-Fluxo-de-G\u00e1s.pdf\">Man\u00f4metros de v\u00e1cuo e medidores de fluxo de g\u00e1s<\/a><\/strong><\/p>\n<p><a href=\"https:\/\/sites.ifi.unicamp.br\/labvacrio\/files\/2020\/07\/H\u00c9LIO-L\u00cdQUIDO-A-\u00faltimo.pdf\"><strong>&#8211; H\u00e9lio Liquido<\/strong><\/a><\/p>\n<p><a href=\"https:\/\/sites.ifi.unicamp.br\/labvacrio\/files\/2020\/07\/SUPERCONDUTIVIDADE-texto-resumido-A.pdf\"><strong>&#8211; Supercondutividade<\/strong><\/a><\/p>\n<p><a href=\"https:\/\/sites.ifi.unicamp.br\/labvacrio\/files\/2019\/06\/DESMAGNETIZAC\u0327A\u0303O-ADIABA\u0301TICA.pdf\"><strong>&#8211; Desmagnetiza\u00e7\u00e3o adiab\u00e1tica<\/strong><\/a><\/p>\n<p><strong><a href=\"https:\/\/sites.ifi.unicamp.br\/labvacrio\/files\/2016\/03\/Tabela-de-taxas-de-degaseifica\u00e7\u00e3o.pdf\">&#8211; Tabela de taxa de degaseifica\u00e7\u00e3o<\/a><\/strong><\/p>\n<p><strong><a href=\"https:\/\/sites.ifi.unicamp.br\/labvacrio\/files\/2016\/03\/Tabela-para-convers\u00e3o-de-press\u00f5es.pdf\">&#8211; Tabela para convers\u00e3o de press\u00f5es<\/a><\/strong><\/p>\n<p><strong><a href=\"https:\/\/sites.ifi.unicamp.br\/labvacrio\/files\/2016\/03\/Para-trabalhar-com-o-oscilosc\u00f3p.pdf\">&#8211; Como trabalhar com o Oscilosc\u00f3pio Digital<\/a><\/strong><\/p>\n<p><strong>&#8211; <a href=\"https:\/\/sites.ifi.unicamp.br\/labvacrio\/files\/2016\/08\/Trabalhar-arquivos-Tektronix.pdf\">Como trabalhar com arquivos no oscilosc\u00f3pio digital<\/a><\/strong><\/p>\n<p>&#8211; <a href=\"https:\/\/sites.ifi.unicamp.br\/labvacrio\/files\/2016\/05\/Bombas-de-v\u00e1cuo.pdf\"><strong>Apresenta\u00e7\u00e3o Bombas de V\u00e1cuo<\/strong><\/a><\/p>\n<p><a href=\"https:\/\/sites.ifi.unicamp.br\/labvacrio\/files\/2016\/05\/Sensores-de-V\u00e1cuo.pdf\">&#8211; <strong>Apresenta\u00e7\u00e3o&nbsp;Sensores de V\u00e1cuo<\/strong><\/a><\/p>\n<p><a href=\"https:\/\/sites.ifi.unicamp.br\/labvacrio\/files\/2016\/05\/RGA-Espectrometria-de-Massa.pdf\"><strong>&#8211; Apresenta\u00e7\u00e3o RGA Espectrometria de massa<\/strong><\/a><\/p>\n<p><strong>&#8211;&nbsp;<a href=\"https:\/\/sites.ifi.unicamp.br\/labvacrio\/files\/2015\/08\/condutancia.pdf\">Condut\u00e2ncia&nbsp;&nbsp;de um tubo longo no regime viscoso laminar.<\/a><\/strong><\/p>\n<p><strong>&#8211;&nbsp;<a href=\"https:\/\/sites.ifi.unicamp.br\/labvacrio\/files\/2015\/08\/Condut\u00e2ncia-de-um-tubo-longo-no-regime-molecular.pdf\">Condut\u00e2ncia de um tubo longo no regime molecular<\/a><\/strong><\/p>\n<p>&#8211; <strong><a href=\"https:\/\/sites.ifi.unicamp.br\/labvacrio\/texto-referencia-do-prof-sergio-gama-vacuo\/\">Texto refer\u00eancia do prof. S\u00e9rgio Gama (v\u00e1cuo<\/a>)&nbsp;<\/strong><\/p>\n","protected":false},"excerpt":{"rendered":"<p>Roteiros&nbsp; &#8211; Turmas anteriores&nbsp; &#8211; Parte 2: Apostila Disciplina F 640 &#8211; 1\u00ba semestre\/2024 &#8211; Prof. Francisco das Chagas Marques &#8211; Apostila Disciplina F640 &#8211; 1\u00ba semestre\/2024 &#8211; Prof. Francisco das Chagas Marques&nbsp; &#8211; Cronograma dos experimentos entre 15\/09 e 10\/11 &#8211; Roteiro Experimento 1 (2023)&nbsp; &#8211; Roteiro Experimento 2 (2023)&nbsp; &#8211; &nbsp;Roteiro Experimento 3 &hellip; <\/p>\n<p><a class=\"more-link btn\" href=\"https:\/\/sites.ifi.unicamp.br\/labvacrio\/roteiros-2\/\">Continue lendo<\/a><\/p>\n","protected":false},"author":38,"featured_media":0,"parent":0,"menu_order":0,"comment_status":"closed","ping_status":"closed","template":"","meta":{"ngg_post_thumbnail":0,"footnotes":""},"class_list":["post-394","page","type-page","status-publish","hentry","nodate","item-wrap"],"_links":{"self":[{"href":"https:\/\/sites.ifi.unicamp.br\/labvacrio\/wp-json\/wp\/v2\/pages\/394","targetHints":{"allow":["GET"]}}],"collection":[{"href":"https:\/\/sites.ifi.unicamp.br\/labvacrio\/wp-json\/wp\/v2\/pages"}],"about":[{"href":"https:\/\/sites.ifi.unicamp.br\/labvacrio\/wp-json\/wp\/v2\/types\/page"}],"author":[{"embeddable":true,"href":"https:\/\/sites.ifi.unicamp.br\/labvacrio\/wp-json\/wp\/v2\/users\/38"}],"replies":[{"embeddable":true,"href":"https:\/\/sites.ifi.unicamp.br\/labvacrio\/wp-json\/wp\/v2\/comments?post=394"}],"version-history":[{"count":7,"href":"https:\/\/sites.ifi.unicamp.br\/labvacrio\/wp-json\/wp\/v2\/pages\/394\/revisions"}],"predecessor-version":[{"id":836,"href":"https:\/\/sites.ifi.unicamp.br\/labvacrio\/wp-json\/wp\/v2\/pages\/394\/revisions\/836"}],"wp:attachment":[{"href":"https:\/\/sites.ifi.unicamp.br\/labvacrio\/wp-json\/wp\/v2\/media?parent=394"}],"curies":[{"name":"wp","href":"https:\/\/api.w.org\/{rel}","templated":true}]}}