{"id":78,"date":"2014-03-17T13:53:26","date_gmt":"2014-03-17T13:53:26","guid":{"rendered":"https:\/\/sites.ifi.unicamp.br\/modelogrupo\/?page_id=27"},"modified":"2024-10-15T15:56:21","modified_gmt":"2024-10-15T18:56:21","slug":"laboratorios","status":"publish","type":"page","link":"https:\/\/sites.ifi.unicamp.br\/labvacrio\/","title":{"rendered":"O Laborat\u00f3rio"},"content":{"rendered":"<p><\/p>\n<p style=\"text-align: center\"><a href=\"https:\/\/sites.ifi.unicamp.br\/labvacrio\/files\/2014\/03\/renatolab.jpg\"><img fetchpriority=\"high\" decoding=\"async\" class=\"wp-image-161\" src=\"https:\/\/sites.ifi.unicamp.br\/labvacrio\/files\/2014\/03\/renatolab.jpg\" alt=\"renatolab\" width=\"428\" height=\"352\" srcset=\"https:\/\/sites.ifi.unicamp.br\/labvacrio\/files\/2014\/03\/renatolab.jpg 746w, https:\/\/sites.ifi.unicamp.br\/labvacrio\/files\/2014\/03\/renatolab-300x246.jpg 300w\" sizes=\"(max-width: 428px) 100vw, 428px\" \/><\/a><\/p>\n<p><span style=\"color: #ccffff\">&#8230;&#8230;&#8230;&#8230;&#8230;&#8230;&#8230;&#8230;..<\/span><\/p>\n<div align=\"center\">\n<p>O Laborat\u00f3rio de Ensino de V\u00e1cuo e Criogenia&nbsp;(LF 24) est\u00e1 instalado &nbsp;no piso t\u00e9rreo do pr\u00e9dio D &nbsp;do &nbsp;Instituto de F\u00edsica da Unicamp &nbsp; e faz parte do LEP (Laborat\u00f3rios de Ensino Profissionais) do IFGW \u2013 Unicamp e foi reformulado&nbsp; em 2003.<\/p>\n<p>\u00c9 utilizado para&nbsp;cursos de F640 ( Tecnologia de v\u00e1cuo e criogenia) que est\u00e1 na ementa &nbsp; para o curso de F\u00edsica. &nbsp;Atende por ano aproximadamente 60&nbsp;alunos .<\/p>\n<\/div>\n<p><\/p>","protected":false},"excerpt":{"rendered":"<p>&#8230;&#8230;&#8230;&#8230;&#8230;&#8230;&#8230;&#8230;.. O Laborat\u00f3rio de Ensino de V\u00e1cuo e Criogenia&nbsp;(LF 24) est\u00e1 instalado &nbsp;no piso t\u00e9rreo do pr\u00e9dio D &nbsp;do &nbsp;Instituto de F\u00edsica da Unicamp &nbsp; e faz parte do LEP (Laborat\u00f3rios de Ensino Profissionais) do IFGW \u2013 Unicamp e foi reformulado&nbsp; em 2003. \u00c9 utilizado para&nbsp;cursos de F640 ( Tecnologia de v\u00e1cuo e criogenia) que &hellip; <\/p>\n<p><a class=\"more-link btn\" href=\"https:\/\/sites.ifi.unicamp.br\/labvacrio\/\">Continue lendo<\/a><\/p>\n","protected":false},"author":38,"featured_media":0,"parent":0,"menu_order":0,"comment_status":"open","ping_status":"open","template":"","meta":{"ngg_post_thumbnail":0,"footnotes":""},"class_list":["post-78","page","type-page","status-publish","hentry","nodate","item-wrap"],"_links":{"self":[{"href":"https:\/\/sites.ifi.unicamp.br\/labvacrio\/wp-json\/wp\/v2\/pages\/78","targetHints":{"allow":["GET"]}}],"collection":[{"href":"https:\/\/sites.ifi.unicamp.br\/labvacrio\/wp-json\/wp\/v2\/pages"}],"about":[{"href":"https:\/\/sites.ifi.unicamp.br\/labvacrio\/wp-json\/wp\/v2\/types\/page"}],"author":[{"embeddable":true,"href":"https:\/\/sites.ifi.unicamp.br\/labvacrio\/wp-json\/wp\/v2\/users\/38"}],"replies":[{"embeddable":true,"href":"https:\/\/sites.ifi.unicamp.br\/labvacrio\/wp-json\/wp\/v2\/comments?post=78"}],"version-history":[{"count":22,"href":"https:\/\/sites.ifi.unicamp.br\/labvacrio\/wp-json\/wp\/v2\/pages\/78\/revisions"}],"predecessor-version":[{"id":870,"href":"https:\/\/sites.ifi.unicamp.br\/labvacrio\/wp-json\/wp\/v2\/pages\/78\/revisions\/870"}],"wp:attachment":[{"href":"https:\/\/sites.ifi.unicamp.br\/labvacrio\/wp-json\/wp\/v2\/media?parent=78"}],"curies":[{"name":"wp","href":"https:\/\/api.w.org\/{rel}","templated":true}]}}