{"id":747,"date":"2014-03-17T15:35:27","date_gmt":"2014-03-17T15:35:27","guid":{"rendered":"http:\/\/sites.ifi.unicamp.br\/modelogrupo\/?page_id=46"},"modified":"2026-01-15T10:35:35","modified_gmt":"2026-01-15T13:35:35","slug":"colaboradores","status":"publish","type":"page","link":"https:\/\/sites.ifi.unicamp.br\/lafe\/?page_id=747","title":{"rendered":"Colaboradores"},"content":{"rendered":"<p><\/p>\n<table style=\"width: 100%;\" border=\"0\">\n<tbody>\n<tr>\n<td><a href=\"https:\/\/sites.ifi.unicamp.br\/lafe\/files\/2014\/03\/people.jpg\"><img loading=\"lazy\" decoding=\"async\" class=\"alignleft size-full wp-image-76\" src=\"https:\/\/sites.ifi.unicamp.br\/lafe\/files\/2014\/03\/people.jpg\" alt=\"people\" width=\"62\" height=\"80\"><\/a><\/td>\n<td>Nome Completo<\/p>\n<p>Informa\u00e7\u00f5es de contato<\/td>\n<\/tr>\n<tr>\n<td>&nbsp;<a href=\"https:\/\/sites.ifi.unicamp.br\/lafe\/files\/2014\/03\/people.jpg\"><img loading=\"lazy\" decoding=\"async\" class=\"alignleft size-full wp-image-76\" src=\"https:\/\/sites.ifi.unicamp.br\/lafe\/files\/2014\/03\/people.jpg\" alt=\"people\" width=\"62\" height=\"80\"><\/a><\/td>\n<td>Nome Completo<\/p>\n<p>Informa\u00e7\u00f5es de contato<\/td>\n<\/tr>\n<\/tbody>\n<\/table>\n<p><\/p>","protected":false},"excerpt":{"rendered":"<p>Nome Completo Informa\u00e7\u00f5es de contato &nbsp; Nome Completo Informa\u00e7\u00f5es de contato<\/p>\n","protected":false},"author":7,"featured_media":0,"parent":31,"menu_order":0,"comment_status":"closed","ping_status":"open","template":"","meta":{"ngg_post_thumbnail":0,"footnotes":""},"class_list":["post-747","page","type-page","status-publish","hentry","nodate","item-wrap"],"_links":{"self":[{"href":"https:\/\/sites.ifi.unicamp.br\/lafe\/index.php?rest_route=\/wp\/v2\/pages\/747","targetHints":{"allow":["GET"]}}],"collection":[{"href":"https:\/\/sites.ifi.unicamp.br\/lafe\/index.php?rest_route=\/wp\/v2\/pages"}],"about":[{"href":"https:\/\/sites.ifi.unicamp.br\/lafe\/index.php?rest_route=\/wp\/v2\/types\/page"}],"author":[{"embeddable":true,"href":"https:\/\/sites.ifi.unicamp.br\/lafe\/index.php?rest_route=\/wp\/v2\/users\/7"}],"replies":[{"embeddable":true,"href":"https:\/\/sites.ifi.unicamp.br\/lafe\/index.php?rest_route=%2Fwp%2Fv2%2Fcomments&post=747"}],"version-history":[{"count":1,"href":"https:\/\/sites.ifi.unicamp.br\/lafe\/index.php?rest_route=\/wp\/v2\/pages\/747\/revisions"}],"predecessor-version":[{"id":757,"href":"https:\/\/sites.ifi.unicamp.br\/lafe\/index.php?rest_route=\/wp\/v2\/pages\/747\/revisions\/757"}],"up":[{"embeddable":true,"href":"https:\/\/sites.ifi.unicamp.br\/lafe\/index.php?rest_route=\/wp\/v2\/pages\/31"}],"wp:attachment":[{"href":"https:\/\/sites.ifi.unicamp.br\/lafe\/index.php?rest_route=%2Fwp%2Fv2%2Fmedia&parent=747"}],"curies":[{"name":"wp","href":"https:\/\/api.w.org\/{rel}","templated":true}]}}