{"id":112,"date":"2012-03-01T18:13:02","date_gmt":"2012-03-01T18:13:02","guid":{"rendered":"https:\/\/sites.ifi.unicamp.br\/lamult\/?page_id=112"},"modified":"2020-06-01T11:04:31","modified_gmt":"2020-06-01T14:04:31","slug":"consultores","status":"publish","type":"page","link":"https:\/\/sites.ifi.unicamp.br\/lamult\/pessoas-equipe-comite-gestor-consultores\/consultores\/","title":{"rendered":"Consultores"},"content":{"rendered":"<p>Os consultores&nbsp;do LAMULT s\u00e3o&nbsp;um elenco de pesquisadores do IFGW escolhidos pelo Coordenador do Lamult.&nbsp; Esta equipe \u00e9 formada por especialistas com&nbsp; experi\u00eancia na utiliza\u00e7\u00e3o de equipamentos espec\u00edficos existentes no LAMULT e s\u00e3o convidados a atuarem tamb\u00e9m como consultores. Caso&nbsp;haja demanda de consulta destes&nbsp;pesquisadores, os profissionais do LAMULT poder\u00e3o instruir os usu\u00e1rios como faz\u00ea-lo.<\/p>","protected":false},"excerpt":{"rendered":"<p>Os consultores&nbsp;do LAMULT s\u00e3o&nbsp;um elenco de pesquisadores do IFGW escolhidos pelo Coordenador do Lamult.&nbsp; Esta equipe \u00e9 formada por especialistas com&nbsp; experi\u00eancia na utiliza\u00e7\u00e3o de equipamentos espec\u00edficos existentes no LAMULT e s\u00e3o convidados a atuarem tamb\u00e9m como consultores. Caso&nbsp;haja demanda de consulta destes&nbsp;pesquisadores, os profissionais do LAMULT poder\u00e3o instruir os usu\u00e1rios como faz\u00ea-lo.<\/p>\n","protected":false},"author":21,"featured_media":0,"parent":1133,"menu_order":5,"comment_status":"closed","ping_status":"closed","template":"","meta":{"ngg_post_thumbnail":0,"footnotes":""},"class_list":["post-112","page","type-page","status-publish","hentry","nodate","item-wrap"],"_links":{"self":[{"href":"https:\/\/sites.ifi.unicamp.br\/lamult\/wp-json\/wp\/v2\/pages\/112","targetHints":{"allow":["GET"]}}],"collection":[{"href":"https:\/\/sites.ifi.unicamp.br\/lamult\/wp-json\/wp\/v2\/pages"}],"about":[{"href":"https:\/\/sites.ifi.unicamp.br\/lamult\/wp-json\/wp\/v2\/types\/page"}],"author":[{"embeddable":true,"href":"https:\/\/sites.ifi.unicamp.br\/lamult\/wp-json\/wp\/v2\/users\/21"}],"replies":[{"embeddable":true,"href":"https:\/\/sites.ifi.unicamp.br\/lamult\/wp-json\/wp\/v2\/comments?post=112"}],"version-history":[{"count":40,"href":"https:\/\/sites.ifi.unicamp.br\/lamult\/wp-json\/wp\/v2\/pages\/112\/revisions"}],"predecessor-version":[{"id":1717,"href":"https:\/\/sites.ifi.unicamp.br\/lamult\/wp-json\/wp\/v2\/pages\/112\/revisions\/1717"}],"up":[{"embeddable":true,"href":"https:\/\/sites.ifi.unicamp.br\/lamult\/wp-json\/wp\/v2\/pages\/1133"}],"wp:attachment":[{"href":"https:\/\/sites.ifi.unicamp.br\/lamult\/wp-json\/wp\/v2\/media?parent=112"}],"curies":[{"name":"wp","href":"https:\/\/api.w.org\/{rel}","templated":true}]}}