{"id":1120,"date":"2018-04-25T14:58:03","date_gmt":"2018-04-25T17:58:03","guid":{"rendered":"https:\/\/sites.ifi.unicamp.br\/lamult\/?page_id=1120"},"modified":"2020-02-13T09:27:46","modified_gmt":"2020-02-13T12:27:46","slug":"capelas-quimicas-lista-de-produtos-permitidos","status":"publish","type":"page","link":"https:\/\/sites.ifi.unicamp.br\/lamult\/como-usar\/capelas-quimicas-como-usar\/capelas-quimicas-lista-de-produtos-permitidos\/","title":{"rendered":"CAPELAS QU\u00cdMICAS  &#8211; Lista de produtos permitidos"},"content":{"rendered":"<p>Abaixo se encontra a lista de produtos qu\u00edmicos que s\u00e3o permitidos para uso nas Capelas Qu\u00edmicas do LAMULT, sem autoriza\u00e7\u00e3o pr\u00e9via. Caso seu experimento use algum produto n\u00e3o pertencente a lista, ser\u00e1 feita uma avalia\u00e7\u00e3o para aprova\u00e7\u00e3o do uso do produto qu\u00edmico desejado.<\/p>\n<p>Acetona P.A.&nbsp;&nbsp;&nbsp;&nbsp;&nbsp;&nbsp;&nbsp;&nbsp;&nbsp;&nbsp;&nbsp;&nbsp;&nbsp;&nbsp;&nbsp;&nbsp;&nbsp;&nbsp;&nbsp;&nbsp;&nbsp;&nbsp;&nbsp;&nbsp;&nbsp;&nbsp;&nbsp;&nbsp;&nbsp;&nbsp; <a href=\"https:\/\/sites.ifi.unicamp.br\/lamult\/files\/2018\/04\/FISPQ-Acetona.pdf\">FISPQ- Acetona<\/a>&nbsp;<br \/>\n\u00c1lcool Et\u00edlico Absoluto &nbsp; &nbsp; &nbsp;&nbsp; <a href=\"https:\/\/sites.ifi.unicamp.br\/lamult\/files\/2018\/04\/FISPQ-Alcool-Etilico-Absoluto.pdf\">FISPQ- Alcool Et\u00edlico Absoluto<br \/>\n<\/a>\u00c1lcool Isoprop\u00edlico<a href=\"https:\/\/sites.ifi.unicamp.br\/lamult\/files\/2018\/04\/FISPQ-Alcool-Isopropilico.pdf\">&nbsp;&nbsp;&nbsp;&nbsp;&nbsp;&nbsp;&nbsp;&nbsp;&nbsp;&nbsp;&nbsp;&nbsp;&nbsp;&nbsp;&nbsp;&nbsp; FISPQ- Alcool Isoprop\u00edlico<\/a> &nbsp;&nbsp;&nbsp;<\/p>\n<p>&nbsp;<\/p>\n","protected":false},"excerpt":{"rendered":"<p>Abaixo se encontra a lista de produtos qu\u00edmicos que s\u00e3o permitidos para uso nas Capelas Qu\u00edmicas do LAMULT, sem autoriza\u00e7\u00e3o pr\u00e9via. Caso seu experimento use algum produto n\u00e3o pertencente a lista, ser\u00e1 feita uma avalia\u00e7\u00e3o para aprova\u00e7\u00e3o do uso do produto qu\u00edmico desejado. Acetona P.A.&nbsp;&nbsp;&nbsp;&nbsp;&nbsp;&nbsp;&nbsp;&nbsp;&nbsp;&nbsp;&nbsp;&nbsp;&nbsp;&nbsp;&nbsp;&nbsp;&nbsp;&nbsp;&nbsp;&nbsp;&nbsp;&nbsp;&nbsp;&nbsp;&nbsp;&nbsp;&nbsp;&nbsp;&nbsp;&nbsp; FISPQ- Acetona&nbsp; \u00c1lcool Et\u00edlico Absoluto &nbsp; &nbsp; &nbsp;&nbsp; FISPQ- Alcool &hellip; <\/p>\n<p><a class=\"more-link btn\" href=\"https:\/\/sites.ifi.unicamp.br\/lamult\/como-usar\/capelas-quimicas-como-usar\/capelas-quimicas-lista-de-produtos-permitidos\/\">Continue lendo<\/a><\/p>\n","protected":false},"author":44,"featured_media":0,"parent":1242,"menu_order":1,"comment_status":"closed","ping_status":"closed","template":"","meta":{"ngg_post_thumbnail":0,"footnotes":""},"class_list":["post-1120","page","type-page","status-publish","hentry","nodate","item-wrap"],"_links":{"self":[{"href":"https:\/\/sites.ifi.unicamp.br\/lamult\/wp-json\/wp\/v2\/pages\/1120","targetHints":{"allow":["GET"]}}],"collection":[{"href":"https:\/\/sites.ifi.unicamp.br\/lamult\/wp-json\/wp\/v2\/pages"}],"about":[{"href":"https:\/\/sites.ifi.unicamp.br\/lamult\/wp-json\/wp\/v2\/types\/page"}],"author":[{"embeddable":true,"href":"https:\/\/sites.ifi.unicamp.br\/lamult\/wp-json\/wp\/v2\/users\/44"}],"replies":[{"embeddable":true,"href":"https:\/\/sites.ifi.unicamp.br\/lamult\/wp-json\/wp\/v2\/comments?post=1120"}],"version-history":[{"count":6,"href":"https:\/\/sites.ifi.unicamp.br\/lamult\/wp-json\/wp\/v2\/pages\/1120\/revisions"}],"predecessor-version":[{"id":1696,"href":"https:\/\/sites.ifi.unicamp.br\/lamult\/wp-json\/wp\/v2\/pages\/1120\/revisions\/1696"}],"up":[{"embeddable":true,"href":"https:\/\/sites.ifi.unicamp.br\/lamult\/wp-json\/wp\/v2\/pages\/1242"}],"wp:attachment":[{"href":"https:\/\/sites.ifi.unicamp.br\/lamult\/wp-json\/wp\/v2\/media?parent=1120"}],"curies":[{"name":"wp","href":"https:\/\/api.w.org\/{rel}","templated":true}]}}