{"id":1244,"date":"2019-10-07T14:28:47","date_gmt":"2019-10-07T17:28:47","guid":{"rendered":"https:\/\/sites.ifi.unicamp.br\/lamult\/?page_id=1244"},"modified":"2019-12-13T15:09:31","modified_gmt":"2019-12-13T18:09:31","slug":"acervos-de-equipamentos","status":"publish","type":"page","link":"https:\/\/sites.ifi.unicamp.br\/lamult\/acervos-de-equipamentos\/","title":{"rendered":"Acervos de Equipamentos"},"content":{"rendered":"<p>O IFGW &#8211; Unicamp possui um parque de equipamentos multiusu\u00e1rios que est\u00e1 distribu\u00eddo em v\u00e1rios laborat\u00f3rios do Instituto.<\/p>\n<p>&#8211; O <a href=\"https:\/\/sites.ifi.unicamp.br\/lamult\/acervos-de-equipamentos\/acervo-lamult\/\" target=\"_blank\" rel=\"noopener noreferrer\"><strong>Acervo LAMULT<\/strong><\/a> \u00e9 do tipo <em>Open Facility<\/em>, onde num mesmo pr\u00e9dio se encontram v\u00e1rios equipamentos.<br \/>\n&#8211; O <em>Departamento de Eletr\u00f4nica Qu\u00e2ntica &#8211; DEQ<\/em> abriga o <strong><a href=\"https:\/\/sites.ifi.unicamp.br\/lamult\/acervos-de-equipamentos\/acervo-deq-lab108\/\" target=\"_blank\" rel=\"noopener noreferrer\">Acervo DEQ.<\/a><br \/>\n<\/strong>&#8211; O <em>Departamento de F\u00edsica da Mat\u00e9ria Condensada&nbsp; &#8211; DFMC <\/em>abriga o <strong><a href=\"https:\/\/sites.ifi.unicamp.br\/lamult\/acervos-de-equipamentos\/acervo-dfmc\/\" target=\"_blank\" rel=\"noopener noreferrer\">Acervo DFMC<\/a>.<\/strong><\/p>\n<p>&#8211; <a href=\"https:\/\/sites.ifi.unicamp.br\/lamult\/acervos-de-equipamentos\/capelas-quimicas\/capelas-quimicas-introducao\/\">Capelas Qu\u00edmicas &#8211; LAMULT<\/a><\/p>\n","protected":false},"excerpt":{"rendered":"<p>O IFGW &#8211; Unicamp possui um parque de equipamentos multiusu\u00e1rios que est\u00e1 distribu\u00eddo em v\u00e1rios laborat\u00f3rios do Instituto. &#8211; O Acervo LAMULT \u00e9 do tipo Open Facility, onde num mesmo pr\u00e9dio se encontram v\u00e1rios equipamentos. &#8211; O Departamento de Eletr\u00f4nica Qu\u00e2ntica &#8211; DEQ abriga o Acervo DEQ. &#8211; O Departamento de F\u00edsica da Mat\u00e9ria Condensada&nbsp; &hellip; <\/p>\n<p><a class=\"more-link btn\" href=\"https:\/\/sites.ifi.unicamp.br\/lamult\/acervos-de-equipamentos\/\">Continue lendo<\/a><\/p>\n","protected":false},"author":44,"featured_media":0,"parent":0,"menu_order":4,"comment_status":"closed","ping_status":"closed","template":"","meta":{"ngg_post_thumbnail":0,"footnotes":""},"class_list":["post-1244","page","type-page","status-publish","hentry","nodate","item-wrap"],"_links":{"self":[{"href":"https:\/\/sites.ifi.unicamp.br\/lamult\/wp-json\/wp\/v2\/pages\/1244","targetHints":{"allow":["GET"]}}],"collection":[{"href":"https:\/\/sites.ifi.unicamp.br\/lamult\/wp-json\/wp\/v2\/pages"}],"about":[{"href":"https:\/\/sites.ifi.unicamp.br\/lamult\/wp-json\/wp\/v2\/types\/page"}],"author":[{"embeddable":true,"href":"https:\/\/sites.ifi.unicamp.br\/lamult\/wp-json\/wp\/v2\/users\/44"}],"replies":[{"embeddable":true,"href":"https:\/\/sites.ifi.unicamp.br\/lamult\/wp-json\/wp\/v2\/comments?post=1244"}],"version-history":[{"count":7,"href":"https:\/\/sites.ifi.unicamp.br\/lamult\/wp-json\/wp\/v2\/pages\/1244\/revisions"}],"predecessor-version":[{"id":1629,"href":"https:\/\/sites.ifi.unicamp.br\/lamult\/wp-json\/wp\/v2\/pages\/1244\/revisions\/1629"}],"wp:attachment":[{"href":"https:\/\/sites.ifi.unicamp.br\/lamult\/wp-json\/wp\/v2\/media?parent=1244"}],"curies":[{"name":"wp","href":"https:\/\/api.w.org\/{rel}","templated":true}]}}