{"id":149,"date":"2012-03-07T13:54:19","date_gmt":"2012-03-07T13:54:19","guid":{"rendered":"https:\/\/sites.ifi.unicamp.br\/lamult\/?page_id=149"},"modified":"2023-05-10T14:52:20","modified_gmt":"2023-05-10T17:52:20","slug":"reserva","status":"publish","type":"page","link":"https:\/\/sites.ifi.unicamp.br\/lamult\/reserva\/","title":{"rendered":"RESERVAS"},"content":{"rendered":"<p><\/p>\n<p style=\"text-align: center\"><span style=\"font-size: 20px\"><strong>Consulte a DISPONIBILIDADE dos hor\u00e1rios em <span style=\"text-decoration: underline\"><a href=\"https:\/\/reserva.ifi.unicamp.br\/\">RESERVAS<\/a><\/span><\/strong><\/span><\/p>\n<p style=\"text-align: center\"><strong><span style=\"font-size: 20px\">N\u00c3O AGENDAR DIRETAMENTE NO CALEND\u00c1RIO DE RESERVAS<\/span><\/strong><\/p>\n<p>&nbsp;<\/p>\n<h3 style=\"text-align: center\"><span style=\"font-size: 24px\"><em>Para reservar qualquer equipamento multiusu\u00e1rio, entre em contato previamente para orienta\u00e7\u00f5es espec\u00edficas<\/em><\/span><\/h3>\n<p style=\"text-align: center\"><span style=\"font-size: 24px\"><em><strong>lamult@ifi.unicamp.br<\/strong><\/em><\/span><\/p>\n<p>&nbsp;<\/p>\n<h3 style=\"text-align: center\"><span style=\"font-size: 24px\"><em>ou siga as regras conforme abaixo:<\/em><\/span><\/h3>\n<p>&nbsp;<\/p>\n<h3 style=\"text-align: center\">&nbsp;<\/h3>\n<table style=\"width: 100%;border-collapse: collapse;border-color: #c9c3c3\">\n<tbody>\n<tr>\n<td style=\"width: 33.3333%\">&nbsp;<\/td>\n<td style=\"width: 37.7333%\">\n<h5><strong><a href=\"https:\/\/sites.ifi.unicamp.br\/lamult\/como-usar\/regras-gerais\/\"><span style=\"font-size: 20px\">Como Usar&nbsp; &#8211; Regras Gerais<\/span><\/a><\/strong><\/h5>\n<\/td>\n<td style=\"width: 28.9333%\">&nbsp;<\/td>\n<\/tr>\n<tr>\n<td style=\"width: 33.3333%\">\n<h3><strong>Acervo LAMULT<\/strong><\/h3>\n<\/td>\n<td style=\"width: 37.7333%\">\n<h5><strong><a href=\"https:\/\/sites.ifi.unicamp.br\/lamult\/como-usar\/regras-para-uso-acervo-lamult\/\"><span style=\"font-size: 20px\">Como Usar&nbsp; &#8211; LAMULT<\/span><\/a><span style=\"font-size: 20px\">&nbsp;<\/span><\/strong><\/h5>\n<\/td>\n<td style=\"width: 28.9333%\">\n<h5>&nbsp;<\/h5>\n<\/td>\n<\/tr>\n<tr>\n<td style=\"width: 33.3333%\">\n<h3><strong>Acervo DEQ<\/strong><\/h3>\n<\/td>\n<td style=\"width: 37.7333%\">\n<h5><a href=\"https:\/\/sites.ifi.unicamp.br\/lamult\/como-usar\/como-usar-acervo-deq\/\"><strong><span style=\"font-size: 20px\">Como Usar&nbsp; &#8211; Acervo DEQ<\/span><\/strong><\/a><\/h5>\n<\/td>\n<td style=\"width: 28.9333%\">\n<h5>&nbsp;<\/h5>\n<\/td>\n<\/tr>\n<tr>\n<td style=\"width: 33.3333%\">\n<h3><strong>Acervo DFMC<\/strong><\/h3>\n<\/td>\n<td style=\"width: 37.7333%\">\n<h5><strong><a href=\"https:\/\/sites.ifi.unicamp.br\/lamult\/como-usar\/como-usar-acervo-dfmc\/\"><span style=\"font-size: 20px\">Como Usar&nbsp; &#8211; Acervo DFMC<\/span><\/a><\/strong><\/h5>\n<\/td>\n<td style=\"width: 28.9333%\">&nbsp;<\/td>\n<\/tr>\n<\/tbody>\n<\/table>\n<h3>&nbsp;<\/h3>\n<h3 style=\"text-align: center\"><span style=\"font-size: 20px\"><br \/>\n&nbsp; <\/span><\/h3>\n<table style=\"border-color: #ffffff;width: 549px;background-color: #ffffff\">\n<tbody>\n<tr style=\"border-color: #ffffff;background-color: #ffffff\">\n<td style=\"width: 269px;border-color: #ffffff;background-color: #ffffff\">&nbsp;<\/td>\n<td style=\"width: 269px;border-color: #ffffff;background-color: #ffffff\">&nbsp;<\/td>\n<\/tr>\n<\/tbody>\n<\/table>\n<h4 style=\"text-align: left\"><strong>&nbsp;<\/strong><\/h4>\n<h4 style=\"text-align: left\"><strong>&nbsp;<\/strong><\/h4>\n<p>&nbsp;<\/p>\n<p>&nbsp;<\/p>\n<p>&nbsp;<\/p>\n<p>&nbsp;<\/p>","protected":false},"excerpt":{"rendered":"<p>Consulte a DISPONIBILIDADE dos hor\u00e1rios em RESERVAS N\u00c3O AGENDAR DIRETAMENTE NO CALEND\u00c1RIO DE RESERVAS &nbsp; Para reservar qualquer equipamento multiusu\u00e1rio, entre em contato previamente para orienta\u00e7\u00f5es espec\u00edficas lamult@ifi.unicamp.br &nbsp; ou siga as regras conforme abaixo: &nbsp; &nbsp; &nbsp; Como Usar&nbsp; &#8211; Regras Gerais &nbsp; Acervo LAMULT Como Usar&nbsp; &#8211; LAMULT&nbsp; &nbsp; Acervo DEQ Como Usar&nbsp; &hellip; <\/p>\n<p><a class=\"more-link btn\" href=\"https:\/\/sites.ifi.unicamp.br\/lamult\/reserva\/\">Continue lendo<\/a><\/p>\n","protected":false},"author":44,"featured_media":0,"parent":0,"menu_order":14,"comment_status":"closed","ping_status":"closed","template":"","meta":{"ngg_post_thumbnail":0,"footnotes":""},"class_list":["post-149","page","type-page","status-publish","hentry","nodate","item-wrap"],"_links":{"self":[{"href":"https:\/\/sites.ifi.unicamp.br\/lamult\/wp-json\/wp\/v2\/pages\/149","targetHints":{"allow":["GET"]}}],"collection":[{"href":"https:\/\/sites.ifi.unicamp.br\/lamult\/wp-json\/wp\/v2\/pages"}],"about":[{"href":"https:\/\/sites.ifi.unicamp.br\/lamult\/wp-json\/wp\/v2\/types\/page"}],"author":[{"embeddable":true,"href":"https:\/\/sites.ifi.unicamp.br\/lamult\/wp-json\/wp\/v2\/users\/44"}],"replies":[{"embeddable":true,"href":"https:\/\/sites.ifi.unicamp.br\/lamult\/wp-json\/wp\/v2\/comments?post=149"}],"version-history":[{"count":67,"href":"https:\/\/sites.ifi.unicamp.br\/lamult\/wp-json\/wp\/v2\/pages\/149\/revisions"}],"predecessor-version":[{"id":1957,"href":"https:\/\/sites.ifi.unicamp.br\/lamult\/wp-json\/wp\/v2\/pages\/149\/revisions\/1957"}],"wp:attachment":[{"href":"https:\/\/sites.ifi.unicamp.br\/lamult\/wp-json\/wp\/v2\/media?parent=149"}],"curies":[{"name":"wp","href":"https:\/\/api.w.org\/{rel}","templated":true}]}}