{"id":1601,"date":"2019-12-05T14:23:11","date_gmt":"2019-12-05T17:23:11","guid":{"rendered":"https:\/\/sites.ifi.unicamp.br\/lamult\/?page_id=1601"},"modified":"2023-04-18T14:27:14","modified_gmt":"2023-04-18T17:27:14","slug":"formularios","status":"publish","type":"page","link":"https:\/\/sites.ifi.unicamp.br\/lamult\/documentos\/formularios\/","title":{"rendered":"Formul\u00e1rios"},"content":{"rendered":"<h4>Nesta p\u00e1gina est\u00e3o listados todos os formul\u00e1rios dispon\u00edveis para permitir o acesso e uso dos&nbsp; Equipamentos Multiusu\u00e1rios do IFGW, cadastro de equipamentos EAC\/EMU, etc.<\/h4>\n<h4><span style=\"font-size: 20px\">LAMULT &#8211; Formul\u00e1rios usu\u00e1rios internos e externos<\/span><\/h4>\n<ul>\n<li><a href=\"https:\/\/sites.ifi.unicamp.br\/lamult\/documentos\/formularios\/formularios-usuarios-internos-e-externos-ao-lamult\/formularios-cadastro-de-usuarios\/\">Cadastro de Usu\u00e1rios<\/a><\/li>\n<li><a href=\"https:\/\/sites.ifi.unicamp.br\/lamult\/documentos\/formularios\/formularios-usuarios-internos-e-externos-ao-lamult\/dados-cadastrais-tomador-de-servicos\/\">Dados Cadastrais &#8211; Tomador de Servi\u00e7os<\/a><\/li>\n<li><a href=\"https:\/\/sites.ifi.unicamp.br\/lamult\/documentos\/formularios\/formularios-ficha-de-experimento-quimico\/\">Ficha de Experimento Qu\u00edmico<\/a><\/li>\n<\/ul>\n<p>&nbsp;<\/p>\n<p><span style=\"font-size: 20px\"><strong>Proposta para Uso de Equipamentos<\/strong><\/span><\/p>\n<ul>\n<li><a href=\"https:\/\/sites.ifi.unicamp.br\/lamult\/documentos\/formularios\/formularios-proposta-para-uso-equipamentos-acervo-deq\/\">Proposta para Uso de Equipamentos &#8211; Acervo DEQ<\/a><\/li>\n<li><a href=\"https:\/\/sites.ifi.unicamp.br\/lamult\/documentos\/formularios\/formularios-proposta-para-uso-equipamentos-acervo-dfmc\/\">Proposta para Uso de Equipamentos &#8211; Acervo DFMC<\/a><\/li>\n<\/ul>\n<h4>CADASTRO &#8211; Equipamentos EAC\/EMU<\/h4>\n<ul style=\"list-style-type: disc\">\n<li><a href=\"https:\/\/sites.ifi.unicamp.br\/lamult\/documentos\/formularios\/formulario-cadastro-equipamentos-emu-eac\/\">Cadastro de Equipamentos EAC\/EMU<\/a><\/li>\n<\/ul>\n<p>&nbsp;<\/p>\n<p>&nbsp;<\/p>\n<ul style=\"list-style-type: disc\">\n<li><a href=\"https:\/\/sites.ifi.unicamp.br\/lamult\/documentos\/formularios\/solicitacao-de-acolhimento-de-recursos-funcamp\/\">Solicita\u00e7\u00e3o para Acolhimento de Recursos &#8211; FUNCAMP<\/a><\/li>\n<\/ul>\n","protected":false},"excerpt":{"rendered":"<p>Nesta p\u00e1gina est\u00e3o listados todos os formul\u00e1rios dispon\u00edveis para permitir o acesso e uso dos&nbsp; Equipamentos Multiusu\u00e1rios do IFGW, cadastro de equipamentos EAC\/EMU, etc. LAMULT &#8211; Formul\u00e1rios usu\u00e1rios internos e externos Cadastro de Usu\u00e1rios Dados Cadastrais &#8211; Tomador de Servi\u00e7os Ficha de Experimento Qu\u00edmico &nbsp; Proposta para Uso de Equipamentos Proposta para Uso de Equipamentos &hellip; <\/p>\n<p><a class=\"more-link btn\" href=\"https:\/\/sites.ifi.unicamp.br\/lamult\/documentos\/formularios\/\">Continue lendo<\/a><\/p>\n","protected":false},"author":44,"featured_media":0,"parent":1342,"menu_order":2,"comment_status":"closed","ping_status":"closed","template":"","meta":{"ngg_post_thumbnail":0,"footnotes":""},"class_list":["post-1601","page","type-page","status-publish","hentry","nodate","item-wrap"],"_links":{"self":[{"href":"https:\/\/sites.ifi.unicamp.br\/lamult\/wp-json\/wp\/v2\/pages\/1601","targetHints":{"allow":["GET"]}}],"collection":[{"href":"https:\/\/sites.ifi.unicamp.br\/lamult\/wp-json\/wp\/v2\/pages"}],"about":[{"href":"https:\/\/sites.ifi.unicamp.br\/lamult\/wp-json\/wp\/v2\/types\/page"}],"author":[{"embeddable":true,"href":"https:\/\/sites.ifi.unicamp.br\/lamult\/wp-json\/wp\/v2\/users\/44"}],"replies":[{"embeddable":true,"href":"https:\/\/sites.ifi.unicamp.br\/lamult\/wp-json\/wp\/v2\/comments?post=1601"}],"version-history":[{"count":12,"href":"https:\/\/sites.ifi.unicamp.br\/lamult\/wp-json\/wp\/v2\/pages\/1601\/revisions"}],"predecessor-version":[{"id":2068,"href":"https:\/\/sites.ifi.unicamp.br\/lamult\/wp-json\/wp\/v2\/pages\/1601\/revisions\/2068"}],"up":[{"embeddable":true,"href":"https:\/\/sites.ifi.unicamp.br\/lamult\/wp-json\/wp\/v2\/pages\/1342"}],"wp:attachment":[{"href":"https:\/\/sites.ifi.unicamp.br\/lamult\/wp-json\/wp\/v2\/media?parent=1601"}],"curies":[{"name":"wp","href":"https:\/\/api.w.org\/{rel}","templated":true}]}}