{"id":2079,"date":"2025-04-23T10:25:36","date_gmt":"2025-04-23T13:25:36","guid":{"rendered":"https:\/\/sites.ifi.unicamp.br\/lamult\/?page_id=2079"},"modified":"2025-04-23T10:30:17","modified_gmt":"2025-04-23T13:30:17","slug":"como-usar-usuario-externo-ifgw","status":"publish","type":"page","link":"https:\/\/sites.ifi.unicamp.br\/lamult\/como-usar\/regras-para-uso-acervo-lamult\/como-usar-usuario-externo-ifgw\/","title":{"rendered":"Como usar &#8211; Usu\u00e1rio EXTERNO IFGW"},"content":{"rendered":"<table style=\"height: 1082px;width: 100%;border-collapse: collapse;border-color: #ffffff;border-style: none\">\n<tbody>\n<tr style=\"background-color: #bef0b1\">\n<td style=\"width: 100.133%\" colspan=\"3\">\n<h4 style=\"text-align: center\"><span style=\"font-size: 24px\"><strong>USU\u00c1RIO EXTERNO<br \/>\n<\/strong><\/span><\/h4>\n<h4 style=\"text-align: center\"><span style=\"font-size: 16px\"><strong>\u2013&nbsp; UNICAMP&nbsp;<em>\u2013 Considerar todos os campi da UNICAMP.<\/em><em><br \/>\n<\/em>pertence aos demais Institutos, Faculdades e \u00d3rg\u00e3os da UNICAMP, exceto IFGW.<\/strong><\/span><span style=\"font-size: 16px\"><strong><em><br \/>\n<\/em><em>\u2013&nbsp;&nbsp;<\/em>Universidades p\u00fablicas ou privadas de pesquisa<\/strong><\/span><span style=\"font-size: 16px\"><strong><em><br \/>\n\u2013&nbsp;&nbsp;<\/em>Empresas p\u00fablicas ou privadas<\/strong><\/span><span style=\"font-size: 24px\"><strong>&nbsp;<\/strong><\/span><\/h4>\n<\/td>\n<\/tr>\n<tr style=\"height: 39px;border-style: none;background-color: #c9c3c3\">\n<td style=\"height: 39px;width: 100.133%\" colspan=\"3\">\n<h4><strong>1) Pesquise qual equipamento <a href=\"https:\/\/sites.ifi.unicamp.br\/lamult\/acervos-de-equipamentos\/acervo-lamult\/\" target=\"_blank\" rel=\"noopener noreferrer\">(Acervo LAMULT)<\/a> que deseja usar<br \/>\n<\/strong><\/h4>\n<\/td>\n<\/tr>\n<tr style=\"height: 62px\">\n<td style=\"height: 62px;width: 100.133%\" colspan=\"3\">Leia toda informa\u00e7\u00e3o espec\u00edfica do equipamento que deseja usar. As regras para uso dever\u00e3o ser atendidas rigorosamente.<\/td>\n<\/tr>\n<tr style=\"background-color: #c9c3c3\">\n<td style=\"width: 100.133%;height: 89px\" colspan=\"3\">\n<h4><strong>2) Primeiro contato com o LAMULT<br \/>\n<\/strong><\/h4>\n<\/td>\n<\/tr>\n<tr style=\"height: 39px\">\n<td style=\"width: 100.133%;height: 19px\" colspan=\"3\">Se desejar, fa\u00e7a o primeiro contato com o LAMULT, atrav\u00e9s dos seguintes procedimentos:<\/p>\n<ul>\n<li>Por email&nbsp; <a href=\"mailto:lamult@ifi.unicamp.br\">lamult@ifi.unicamp.br<\/a><\/li>\n<li>Contato com a Supervis\u00e3o do LAMULT por <a href=\"mailto:lamult@ifi.unicamp.br\">email<\/a> ou <a href=\"https:\/\/sites.ifi.unicamp.br\/lamult\/contato-3\/\">telefone<\/a><\/li>\n<\/ul>\n<p>&nbsp;<\/td>\n<\/tr>\n<tr style=\"height: 39px;background-color: #c9c3c3\">\n<td style=\"height: 39px;width: 100.133%\" colspan=\"3\">\n<h4><strong>3) CADASTRO DO USU\u00c1RIO<\/strong><\/h4>\n<\/td>\n<\/tr>\n<tr style=\"height: 152px\">\n<td style=\"height: 152px;width: 100.133%\" colspan=\"3\">Uma vez realizado o primeiro contato e a defini\u00e7\u00e3o de que o LAMULT poder\u00e1 atender sua solicita\u00e7\u00e3o, realize o Cadastro de Usu\u00e1rio.<\/p>\n<p>Todos usu\u00e1rios, com ou sem v\u00ednculo com o IFGW, dever\u00e3o efetuar o cadastro, realizado uma \u00fanica vez, para utiliza\u00e7\u00e3o de quaisquer das facilidades existentes no LAMULT. O cadastro consiste em:<\/p>\n<p>&#8211; Preenchimento do <a href=\"https:\/\/sites.ifi.unicamp.br\/lamult\/documentos\/formularios\/formularios-usuarios-internos-e-externos-ao-lamult\/formularios-cadastro-de-usuarios\/\"><strong>Formul\u00e1rio de Cadastro de Usu\u00e1rios<\/strong><\/a><br \/>\n&#8211; Preenchimento do <a href=\"https:\/\/sites.ifi.unicamp.br\/lamult\/documentos\/formularios\/formularios-usuarios-internos-e-externos-ao-lamult\/dados-cadastrais-tomador-de-servicos\/\"><strong>Formul\u00e1rio Dados Cadastrais &#8211; Tomador de Servi\u00e7os<\/strong><\/a> &#8211; caso seja usu\u00e1rio pagante<\/td>\n<\/tr>\n<tr style=\"background-color: #c9c3c3\">\n<td style=\"width: 100.133%\" colspan=\"3\">\n<h4><strong>4) Abertura de CHAMADO pelo respons\u00e1vel IFGW<\/strong><\/h4>\n<\/td>\n<\/tr>\n<tr>\n<td style=\"width: 100.133%\" colspan=\"3\">Para uso de qualquer equipamento \u00e9 obrigat\u00f3ria a abertura de um CHAMADO no <a href=\"https:\/\/os.ifi.unicamp.br\/\">Sistema de Chamados<\/a>. Para o usu\u00e1rio EXTERNO, aguarde a abertura do CHAMADO por funcion\u00e1rio respons\u00e1vel.&nbsp;<\/td>\n<\/tr>\n<tr style=\"height: 39px;background-color: #c9c3c3\">\n<td style=\"width: 45.3333%;height: 39px\">\n<h4><strong>5) TREINAMENTO<\/strong><\/h4>\n<\/td>\n<td style=\"width: 16.9333%;height: 39px\">&nbsp;<\/td>\n<td style=\"width: 37.8666%;height: 39px\">&nbsp;<\/td>\n<\/tr>\n<tr style=\"height: 39px\">\n<td style=\"height: 63px;width: 100.133%\" colspan=\"3\">A necessidade de treinamento para utilizar os equipamentos dever\u00e1 ser discutida previamente. O usu\u00e1rio dever\u00e1 entrar em contato com o LAMULT para combinar os detalhes. Caso a utiliza\u00e7\u00e3o se dar\u00e1 por longo per\u00edodo, grande quantidade de amostras e\/ou medi\u00e7\u00f5es, o usu\u00e1rio dever\u00e1 receber o devido treinamento para utilizar o equipamento. Existir\u00e3o situa\u00e7\u00f5es para as quais, os profissionais do LAMULT \u00e9 que realizar\u00e3o as an\u00e1lises, como por exemplo, para uma quantidade pequena de amostras e dependendo do equipamento que ser\u00e1 utilizado.<\/td>\n<\/tr>\n<tr style=\"height: 68px;background-color: #c9c3c3\">\n<td style=\"height: 68px;width: 100.133%\" colspan=\"3\">\n<h4><strong>5) AGENDAMENTO<\/strong><\/h4>\n<\/td>\n<\/tr>\n<tr style=\"height: 131px\">\n<td style=\"height: 131px;width: 100.133%\" colspan=\"3\">Ap\u00f3s cumpridas todas as etapas anteriores, aguarde a resposta ao Chamado aberto, com orienta\u00e7\u00f5es para prosseguimento da solicita\u00e7\u00e3o que conter\u00e1 o respons\u00e1vel pelo equipamento, que orientar\u00e1 quanto a defini\u00e7\u00e3o do cronograma de uso e agendamento.&nbsp;<br \/>\nA consulta&nbsp; dos hor\u00e1rios dispon\u00edveis pode ser feita em <span style=\"text-decoration: underline\"><a href=\"https:\/\/reserva.ifi.unicamp.br\/\">RESERVAS<\/a><\/span>.&nbsp;<\/td>\n<\/tr>\n<\/tbody>\n<\/table>\n","protected":false},"excerpt":{"rendered":"<p>USU\u00c1RIO EXTERNO \u2013&nbsp; UNICAMP&nbsp;\u2013 Considerar todos os campi da UNICAMP. pertence aos demais Institutos, Faculdades e \u00d3rg\u00e3os da UNICAMP, exceto IFGW. \u2013&nbsp;&nbsp;Universidades p\u00fablicas ou privadas de pesquisa \u2013&nbsp;&nbsp;Empresas p\u00fablicas ou privadas&nbsp; 1) Pesquise qual equipamento (Acervo LAMULT) que deseja usar Leia toda informa\u00e7\u00e3o espec\u00edfica do equipamento que deseja usar. As regras para uso dever\u00e3o ser &hellip; <\/p>\n<p><a class=\"more-link btn\" href=\"https:\/\/sites.ifi.unicamp.br\/lamult\/como-usar\/regras-para-uso-acervo-lamult\/como-usar-usuario-externo-ifgw\/\">Continue lendo<\/a><\/p>\n","protected":false},"author":44,"featured_media":0,"parent":578,"menu_order":2,"comment_status":"closed","ping_status":"closed","template":"","meta":{"ngg_post_thumbnail":0,"footnotes":""},"class_list":["post-2079","page","type-page","status-publish","hentry","nodate","item-wrap"],"_links":{"self":[{"href":"https:\/\/sites.ifi.unicamp.br\/lamult\/wp-json\/wp\/v2\/pages\/2079","targetHints":{"allow":["GET"]}}],"collection":[{"href":"https:\/\/sites.ifi.unicamp.br\/lamult\/wp-json\/wp\/v2\/pages"}],"about":[{"href":"https:\/\/sites.ifi.unicamp.br\/lamult\/wp-json\/wp\/v2\/types\/page"}],"author":[{"embeddable":true,"href":"https:\/\/sites.ifi.unicamp.br\/lamult\/wp-json\/wp\/v2\/users\/44"}],"replies":[{"embeddable":true,"href":"https:\/\/sites.ifi.unicamp.br\/lamult\/wp-json\/wp\/v2\/comments?post=2079"}],"version-history":[{"count":2,"href":"https:\/\/sites.ifi.unicamp.br\/lamult\/wp-json\/wp\/v2\/pages\/2079\/revisions"}],"predecessor-version":[{"id":2082,"href":"https:\/\/sites.ifi.unicamp.br\/lamult\/wp-json\/wp\/v2\/pages\/2079\/revisions\/2082"}],"up":[{"embeddable":true,"href":"https:\/\/sites.ifi.unicamp.br\/lamult\/wp-json\/wp\/v2\/pages\/578"}],"wp:attachment":[{"href":"https:\/\/sites.ifi.unicamp.br\/lamult\/wp-json\/wp\/v2\/media?parent=2079"}],"curies":[{"name":"wp","href":"https:\/\/api.w.org\/{rel}","templated":true}]}}