{"id":265,"date":"2012-03-15T10:19:47","date_gmt":"2012-03-15T13:19:47","guid":{"rendered":"https:\/\/sites.ifi.unicamp.br\/lamult\/?page_id=265"},"modified":"2026-05-04T09:55:25","modified_gmt":"2026-05-04T12:55:25","slug":"contato-3","status":"publish","type":"page","link":"https:\/\/sites.ifi.unicamp.br\/lamult\/contato-3\/","title":{"rendered":"Contato"},"content":{"rendered":"<p><strong>LAMULT &#8211; Laborat\u00f3rio Multiusu\u00e1rios<\/strong><br \/>\nAv. Bertrand Russel&nbsp; 1001&nbsp; Cidade Universit\u00e1ria &#8211; Campinas &#8211; SP<br \/>\ne-mail: <a href=\"mailto:lamult@ifi.unicamp.br\">lamult@ifi.unicamp.br<\/a><\/p>\n<ul>\n<li><strong><a href=\"https:\/\/portal.ifi.unicamp.br\/pessoas\/funcionarios\/111-rosane-palissari\">Rosane Palissari<\/a>&nbsp; (Supervisora) &nbsp;<\/strong>ramal 15288<\/li>\n<li><strong>Bruno Camarero Guidi&nbsp;<\/strong>ramal 15287<\/li>\n<li><strong>Marina Vasques Kaminishikawahara<\/strong>&nbsp;ramal 15287<\/li>\n<li><strong>Jorge Luis de Lima <\/strong>ramal 15240<\/li>\n<li>&nbsp;<\/li>\n<\/ul>\n<p><\/p>","protected":false},"excerpt":{"rendered":"<p>LAMULT &#8211; Laborat\u00f3rio Multiusu\u00e1rios Av. Bertrand Russel&nbsp; 1001&nbsp; Cidade Universit\u00e1ria &#8211; Campinas &#8211; SP e-mail: lamult@ifi.unicamp.br Rosane Palissari&nbsp; (Supervisora) &nbsp;ramal 15288 Bruno Camarero Guidi&nbsp;ramal 15287 Marina Vasques Kaminishikawahara&nbsp;ramal 15287 Jorge Luis de Lima ramal 15240 &nbsp;<\/p>\n","protected":false},"author":44,"featured_media":0,"parent":0,"menu_order":13,"comment_status":"closed","ping_status":"closed","template":"","meta":{"ngg_post_thumbnail":0,"footnotes":""},"class_list":["post-265","page","type-page","status-publish","hentry","nodate","item-wrap"],"_links":{"self":[{"href":"https:\/\/sites.ifi.unicamp.br\/lamult\/wp-json\/wp\/v2\/pages\/265","targetHints":{"allow":["GET"]}}],"collection":[{"href":"https:\/\/sites.ifi.unicamp.br\/lamult\/wp-json\/wp\/v2\/pages"}],"about":[{"href":"https:\/\/sites.ifi.unicamp.br\/lamult\/wp-json\/wp\/v2\/types\/page"}],"author":[{"embeddable":true,"href":"https:\/\/sites.ifi.unicamp.br\/lamult\/wp-json\/wp\/v2\/users\/44"}],"replies":[{"embeddable":true,"href":"https:\/\/sites.ifi.unicamp.br\/lamult\/wp-json\/wp\/v2\/comments?post=265"}],"version-history":[{"count":52,"href":"https:\/\/sites.ifi.unicamp.br\/lamult\/wp-json\/wp\/v2\/pages\/265\/revisions"}],"predecessor-version":[{"id":2101,"href":"https:\/\/sites.ifi.unicamp.br\/lamult\/wp-json\/wp\/v2\/pages\/265\/revisions\/2101"}],"wp:attachment":[{"href":"https:\/\/sites.ifi.unicamp.br\/lamult\/wp-json\/wp\/v2\/media?parent=265"}],"curies":[{"name":"wp","href":"https:\/\/api.w.org\/{rel}","templated":true}]}}