{"id":397,"date":"2013-02-27T15:30:11","date_gmt":"2013-02-27T18:30:11","guid":{"rendered":"https:\/\/sites.ifi.unicamp.br\/lamult\/?page_id=397"},"modified":"2019-11-26T15:53:28","modified_gmt":"2019-11-26T18:53:28","slug":"treinamentos","status":"publish","type":"page","link":"https:\/\/sites.ifi.unicamp.br\/lamult\/como-usar\/treinamentos\/","title":{"rendered":"Treinamentos &#8211; equipamentos"},"content":{"rendered":"<h4>&nbsp;Com a finalidade de orientar os interessados na utiliza\u00e7\u00e3o dos equipamentos que pertencem ao LAMULT &#8211; IFGW, s\u00e3o promovidos treinamentos, ministrados pelos profissionais do laborat\u00f3rio, atrav\u00e9s de aulas te\u00f3ricas e pr\u00e1ticas.<\/h4>\n<p>Os treinamentos listados abaixo s\u00e3o oferecidos semestralmente e outros est\u00e3o em prepara\u00e7\u00e3o.<\/p>\n<ul>\n<li><a href=\"https:\/\/sites.ifi.unicamp.br\/lamult\/como-usar\/treinamentos\/treinamento-difratometro-de-raios-x\/\">Difrat\u00f4metro de Raios-X Bruker DR8 Advance<\/a><\/li>\n<li><a href=\"https:\/\/sites.ifi.unicamp.br\/lamult\/como-usar\/treinamentos\/treinamento-microscopio-eletronico-de-varredura-phenom\/\">Microsc\u00f3pio Eletr\u00f4nico de Varredura &#8211; Phenom<\/a><\/li>\n<li><a href=\"https:\/\/sites.ifi.unicamp.br\/lamult\/como-usar\/treinamentos\/treinamento-sistema-de-litografia-a-laser-upg101-heidelberg\/\">Sistema de Litografia a Laser &#8211; uPG101 Heidelberg<\/a><\/li>\n<\/ul>\n<h3>&nbsp;<\/h3>\n<table style=\"width: 750px\">\n<tbody>\n<tr>\n<td style=\"width: 244px\"><img decoding=\"async\" class=\"alignleft wp-image-1177\" src=\"https:\/\/sites.ifi.unicamp.br\/lamult\/files\/2018\/05\/IMG_20170918_153347573.jpg\" alt=\"\" width=\"183\" height=\"137\" srcset=\"https:\/\/sites.ifi.unicamp.br\/lamult\/files\/2018\/05\/IMG_20170918_153347573.jpg 2592w, https:\/\/sites.ifi.unicamp.br\/lamult\/files\/2018\/05\/IMG_20170918_153347573-300x225.jpg 300w, https:\/\/sites.ifi.unicamp.br\/lamult\/files\/2018\/05\/IMG_20170918_153347573-768x576.jpg 768w, https:\/\/sites.ifi.unicamp.br\/lamult\/files\/2018\/05\/IMG_20170918_153347573-1024x768.jpg 1024w\" sizes=\"(max-width: 183px) 100vw, 183px\" \/><\/td>\n<td style=\"width: 259.883px\"><img decoding=\"async\" class=\"alignleft wp-image-1178\" src=\"https:\/\/sites.ifi.unicamp.br\/lamult\/files\/2018\/05\/IMG-20171212-WA0022.jpg\" alt=\"\" width=\"223\" height=\"125\" srcset=\"https:\/\/sites.ifi.unicamp.br\/lamult\/files\/2018\/05\/IMG-20171212-WA0022.jpg 1280w, https:\/\/sites.ifi.unicamp.br\/lamult\/files\/2018\/05\/IMG-20171212-WA0022-300x169.jpg 300w, https:\/\/sites.ifi.unicamp.br\/lamult\/files\/2018\/05\/IMG-20171212-WA0022-768x432.jpg 768w, https:\/\/sites.ifi.unicamp.br\/lamult\/files\/2018\/05\/IMG-20171212-WA0022-1024x576.jpg 1024w\" sizes=\"(max-width: 223px) 100vw, 223px\" \/><\/td>\n<td style=\"width: 242.117px\"><img decoding=\"async\" class=\"alignleft wp-image-1179\" src=\"https:\/\/sites.ifi.unicamp.br\/lamult\/files\/2018\/05\/IMG_20180417_111335694.jpg\" alt=\"\" width=\"183\" height=\"138\" srcset=\"https:\/\/sites.ifi.unicamp.br\/lamult\/files\/2018\/05\/IMG_20180417_111335694.jpg 4632w, https:\/\/sites.ifi.unicamp.br\/lamult\/files\/2018\/05\/IMG_20180417_111335694-300x225.jpg 300w, https:\/\/sites.ifi.unicamp.br\/lamult\/files\/2018\/05\/IMG_20180417_111335694-768x576.jpg 768w, https:\/\/sites.ifi.unicamp.br\/lamult\/files\/2018\/05\/IMG_20180417_111335694-1024x768.jpg 1024w\" sizes=\"(max-width: 183px) 100vw, 183px\" \/><\/td>\n<\/tr>\n<tr>\n<td style=\"width: 244px\"><span style=\"font-size: 12px\">Difrat\u00f4metro Bruker DRX8 Advance<\/span><\/td>\n<td style=\"width: 259.883px\"><span style=\"font-size: 12px\">Microsc\u00f3pio Eletr\u00f4nico de Varredura &#8211; Phenom<\/span><\/td>\n<td style=\"width: 242.117px\"><span style=\"font-size: 12px\">Sistema de Litografia a Laser &#8211; uPG101 Heideilberg<\/span><\/td>\n<\/tr>\n<\/tbody>\n<\/table>\n<p>&nbsp;<\/p>\n<p>&nbsp;<\/p>\n","protected":false},"excerpt":{"rendered":"<p>&nbsp;Com a finalidade de orientar os interessados na utiliza\u00e7\u00e3o dos equipamentos que pertencem ao LAMULT &#8211; IFGW, s\u00e3o promovidos treinamentos, ministrados pelos profissionais do laborat\u00f3rio, atrav\u00e9s de aulas te\u00f3ricas e pr\u00e1ticas. Os treinamentos listados abaixo s\u00e3o oferecidos semestralmente e outros est\u00e3o em prepara\u00e7\u00e3o. Difrat\u00f4metro de Raios-X Bruker DR8 Advance Microsc\u00f3pio Eletr\u00f4nico de Varredura &#8211; Phenom &hellip; <\/p>\n<p><a class=\"more-link btn\" href=\"https:\/\/sites.ifi.unicamp.br\/lamult\/como-usar\/treinamentos\/\">Continue lendo<\/a><\/p>\n","protected":false},"author":21,"featured_media":0,"parent":816,"menu_order":6,"comment_status":"closed","ping_status":"closed","template":"","meta":{"ngg_post_thumbnail":0,"footnotes":""},"class_list":["post-397","page","type-page","status-publish","hentry","nodate","item-wrap"],"_links":{"self":[{"href":"https:\/\/sites.ifi.unicamp.br\/lamult\/wp-json\/wp\/v2\/pages\/397","targetHints":{"allow":["GET"]}}],"collection":[{"href":"https:\/\/sites.ifi.unicamp.br\/lamult\/wp-json\/wp\/v2\/pages"}],"about":[{"href":"https:\/\/sites.ifi.unicamp.br\/lamult\/wp-json\/wp\/v2\/types\/page"}],"author":[{"embeddable":true,"href":"https:\/\/sites.ifi.unicamp.br\/lamult\/wp-json\/wp\/v2\/users\/21"}],"replies":[{"embeddable":true,"href":"https:\/\/sites.ifi.unicamp.br\/lamult\/wp-json\/wp\/v2\/comments?post=397"}],"version-history":[{"count":37,"href":"https:\/\/sites.ifi.unicamp.br\/lamult\/wp-json\/wp\/v2\/pages\/397\/revisions"}],"predecessor-version":[{"id":1538,"href":"https:\/\/sites.ifi.unicamp.br\/lamult\/wp-json\/wp\/v2\/pages\/397\/revisions\/1538"}],"up":[{"embeddable":true,"href":"https:\/\/sites.ifi.unicamp.br\/lamult\/wp-json\/wp\/v2\/pages\/816"}],"wp:attachment":[{"href":"https:\/\/sites.ifi.unicamp.br\/lamult\/wp-json\/wp\/v2\/media?parent=397"}],"curies":[{"name":"wp","href":"https:\/\/api.w.org\/{rel}","templated":true}]}}