{"id":809,"date":"2017-01-04T15:44:38","date_gmt":"2017-01-04T17:44:38","guid":{"rendered":"https:\/\/sites.ifi.unicamp.br\/lamult\/?page_id=809"},"modified":"2022-09-14T08:47:43","modified_gmt":"2022-09-14T11:47:43","slug":"acervo-deq-lab108","status":"publish","type":"page","link":"https:\/\/sites.ifi.unicamp.br\/lamult\/acervos-de-equipamentos\/outros-acervos-ifgw\/acervo-deq-lab108\/","title":{"rendered":"Acervo DEQ"},"content":{"rendered":"<h4><strong>Os grupos <\/strong><\/h4>\n<h4><strong>GPOMS &#8211; (Grupo de Propriedades \u00d3pticas e Magn\u00e9ticas dos S\u00f3lidos &#8211; DEQ-IFGW) , <\/strong><\/h4>\n<h4><strong>LMBT (Laborat\u00f3rio de Materiais e Baixas Temperaturas-DFMC-IFGW) e <\/strong><\/h4>\n<h4><strong>LMD (Laborat\u00f3rios de Materiais e Dispositivos-DFA-IFGW) <\/strong><\/h4>\n<h4><strong>pertencentes ao Projeto Tem\u00e1tico Fapesp 12\/04870-7 adquiriram os seguintes equipamentos de car\u00e1ter multiusu\u00e1rios (EMU):<\/strong><\/h4>\n<h4><strong>Estes&nbsp;equipamentos Multiusu\u00e1rios est\u00e3o instalados no LAB 108 do pr\u00e9dio do Departamento de Eletr\u00f4nica Qu\u00e2ntica (DEQ) &nbsp;&#8211; IFGW.<\/strong><\/h4>\n<p>&nbsp;<\/p>\n<table>\n<tbody>\n<tr>\n<td><a href=\"https:\/\/sites.ifi.unicamp.br\/lamult\/files\/2017\/01\/D2Phaser.jpg\"><img fetchpriority=\"high\" decoding=\"async\" class=\"alignleft size-full wp-image-802\" src=\"https:\/\/sites.ifi.unicamp.br\/lamult\/files\/2017\/01\/D2Phaser.jpg\" alt=\"\" width=\"230\" height=\"262\"><\/a><\/p>\n<h3><a href=\"https:\/\/portal.ifi.unicamp.br\/servicos\/equipamentos-multiusuarios-emus\/difratometro-de-raios-x-d2-phaser-bruker\" target=\"_blank\" rel=\"noopener\"><strong>Difrat\u00f4metro de Raios-X de p\u00f3 de bancada, D2 PHASER &#8211; Bruker<\/strong><\/a><\/h3>\n<h4>&nbsp;<\/h4>\n<\/td>\n<\/tr>\n<tr>\n<td>\n<h4><strong><br \/>\n<a href=\"https:\/\/sites.ifi.unicamp.br\/lamult\/files\/2017\/01\/PaticulasHoriba.jpg\"><img decoding=\"async\" class=\"alignleft wp-image-807\" src=\"https:\/\/sites.ifi.unicamp.br\/lamult\/files\/2017\/01\/PaticulasHoriba.jpg\" alt=\"\" width=\"228\" height=\"171\" srcset=\"https:\/\/sites.ifi.unicamp.br\/lamult\/files\/2017\/01\/PaticulasHoriba.jpg 359w, https:\/\/sites.ifi.unicamp.br\/lamult\/files\/2017\/01\/PaticulasHoriba-300x226.jpg 300w\" sizes=\"(max-width: 228px) 100vw, 228px\" \/><\/a><a href=\"https:\/\/portal.ifi.unicamp.br\/servicos\/equipamentos-multiusuarios-emus\/analisador-de-distribuicao-de-tamanho-de-particulas-horiba-sz-100z\" target=\"_blank\" rel=\"noopener\">Analisador de Distribui\u00e7\u00e3o de Tamanho de Part\u00edculas<\/a><br \/>\npor sistema de luz, com Potencial Zeta e Peso Molecular, Horiba SZ-100Z<\/strong><\/h4>\n<h4><strong>&nbsp;<\/strong><\/h4>\n<\/td>\n<\/tr>\n<tr>\n<td>&nbsp;<\/td>\n<\/tr>\n<\/tbody>\n<\/table>\n","protected":false},"excerpt":{"rendered":"<p>Os grupos GPOMS &#8211; (Grupo de Propriedades \u00d3pticas e Magn\u00e9ticas dos S\u00f3lidos &#8211; DEQ-IFGW) , LMBT (Laborat\u00f3rio de Materiais e Baixas Temperaturas-DFMC-IFGW) e LMD (Laborat\u00f3rios de Materiais e Dispositivos-DFA-IFGW) pertencentes ao Projeto Tem\u00e1tico Fapesp 12\/04870-7 adquiriram os seguintes equipamentos de car\u00e1ter multiusu\u00e1rios (EMU): Estes&nbsp;equipamentos Multiusu\u00e1rios est\u00e3o instalados no LAB 108 do pr\u00e9dio do Departamento de &hellip; <\/p>\n<p><a class=\"more-link btn\" href=\"https:\/\/sites.ifi.unicamp.br\/lamult\/acervos-de-equipamentos\/outros-acervos-ifgw\/acervo-deq-lab108\/\">Continue lendo<\/a><\/p>\n","protected":false},"author":44,"featured_media":0,"parent":1805,"menu_order":1,"comment_status":"closed","ping_status":"closed","template":"","meta":{"ngg_post_thumbnail":0,"footnotes":""},"class_list":["post-809","page","type-page","status-publish","hentry","nodate","item-wrap"],"_links":{"self":[{"href":"https:\/\/sites.ifi.unicamp.br\/lamult\/wp-json\/wp\/v2\/pages\/809","targetHints":{"allow":["GET"]}}],"collection":[{"href":"https:\/\/sites.ifi.unicamp.br\/lamult\/wp-json\/wp\/v2\/pages"}],"about":[{"href":"https:\/\/sites.ifi.unicamp.br\/lamult\/wp-json\/wp\/v2\/types\/page"}],"author":[{"embeddable":true,"href":"https:\/\/sites.ifi.unicamp.br\/lamult\/wp-json\/wp\/v2\/users\/44"}],"replies":[{"embeddable":true,"href":"https:\/\/sites.ifi.unicamp.br\/lamult\/wp-json\/wp\/v2\/comments?post=809"}],"version-history":[{"count":13,"href":"https:\/\/sites.ifi.unicamp.br\/lamult\/wp-json\/wp\/v2\/pages\/809\/revisions"}],"predecessor-version":[{"id":2061,"href":"https:\/\/sites.ifi.unicamp.br\/lamult\/wp-json\/wp\/v2\/pages\/809\/revisions\/2061"}],"up":[{"embeddable":true,"href":"https:\/\/sites.ifi.unicamp.br\/lamult\/wp-json\/wp\/v2\/pages\/1805"}],"wp:attachment":[{"href":"https:\/\/sites.ifi.unicamp.br\/lamult\/wp-json\/wp\/v2\/media?parent=809"}],"curies":[{"name":"wp","href":"https:\/\/api.w.org\/{rel}","templated":true}]}}