{"id":36,"date":"2011-03-12T15:27:17","date_gmt":"2011-03-12T15:27:17","guid":{"rendered":"https:\/\/sites.ifi.unicamp.br\/lcarx\/"},"modified":"2015-01-09T02:09:05","modified_gmt":"2015-01-09T04:09:05","slug":"location","status":"publish","type":"page","link":"https:\/\/sites.ifi.unicamp.br\/lcarx\/location\/","title":{"rendered":"Location"},"content":{"rendered":"<p>This Laboratory is located in the Institute of Physics Gleb Wataghin of the University of Campinas.<\/p>\n<p>&nbsp;<\/p>\n<address>University of\u00a0Campinas &#8211; Institute of Physics Gleb Wataghin<\/address>\n<address>S\u00e9rgio Buarque de Holanda Street, 777<\/address>\n<address>Cidade Universit\u00e1ria Zeferino Vaz<\/address>\n<address>Bar\u00e3o Geraldo<\/address>\n<address>ZIP 13083-859<\/address>\n<address>Campinas SP &#8211; Brazil<\/address>\n<address>\u00a0<\/address>\n<address><a title=\"googlemaps\" href=\"https:\/\/www.google.com\/maps\/place\/Lcarx+-+Laborat%C3%B3rio+de+Cristalografia+Aplicada+e+Raios-X,+IFWG,+UNICAMP\/@-22.8167606,-47.0659821,16z\/data=!4m2!3m1!1s0x0:0x220e0eca29e50d56\" target=\"_blank\">Click here<\/a> to see this adrees on Google Maps.<\/address>\n<p><\/p>","protected":false},"excerpt":{"rendered":"<p>This Laboratory is located in the Institute of Physics Gleb Wataghin of the University of Campinas. &nbsp; University of\u00a0Campinas &#8211; Institute of Physics Gleb Wataghin S\u00e9rgio Buarque de Holanda Street, 777 Cidade Universit\u00e1ria Zeferino Vaz Bar\u00e3o Geraldo ZIP 13083-859 Campinas SP &#8211; Brazil \u00a0 Click here to see this adrees on Google Maps.<\/p>\n","protected":false},"author":125,"featured_media":0,"parent":0,"menu_order":0,"comment_status":"closed","ping_status":"closed","template":"","meta":{"ngg_post_thumbnail":0,"footnotes":""},"class_list":["post-36","page","type-page","status-publish","hentry","nodate","item-wrap"],"_links":{"self":[{"href":"https:\/\/sites.ifi.unicamp.br\/lcarx\/wp-json\/wp\/v2\/pages\/36","targetHints":{"allow":["GET"]}}],"collection":[{"href":"https:\/\/sites.ifi.unicamp.br\/lcarx\/wp-json\/wp\/v2\/pages"}],"about":[{"href":"https:\/\/sites.ifi.unicamp.br\/lcarx\/wp-json\/wp\/v2\/types\/page"}],"author":[{"embeddable":true,"href":"https:\/\/sites.ifi.unicamp.br\/lcarx\/wp-json\/wp\/v2\/users\/125"}],"replies":[{"embeddable":true,"href":"https:\/\/sites.ifi.unicamp.br\/lcarx\/wp-json\/wp\/v2\/comments?post=36"}],"version-history":[{"count":16,"href":"https:\/\/sites.ifi.unicamp.br\/lcarx\/wp-json\/wp\/v2\/pages\/36\/revisions"}],"predecessor-version":[{"id":284,"href":"https:\/\/sites.ifi.unicamp.br\/lcarx\/wp-json\/wp\/v2\/pages\/36\/revisions\/284"}],"wp:attachment":[{"href":"https:\/\/sites.ifi.unicamp.br\/lcarx\/wp-json\/wp\/v2\/media?parent=36"}],"curies":[{"name":"wp","href":"https:\/\/api.w.org\/{rel}","templated":true}]}}