{"id":195,"date":"2014-09-25T19:35:58","date_gmt":"2014-09-25T19:35:58","guid":{"rendered":"https:\/\/sites.ifi.unicamp.br\/lfmedica\/?page_id=195"},"modified":"2023-02-07T12:01:28","modified_gmt":"2023-02-07T12:01:28","slug":"formularios","status":"publish","type":"page","link":"https:\/\/sites.ifi.unicamp.br\/lfmedica\/formularios\/","title":{"rendered":"Formul\u00e1rios"},"content":{"rendered":"<p><a href=\"https:\/\/forms.gle\/EAJjQQVWaZHvSRU8A\">Formul\u00e1rio de Registro de Usu\u00e1rio<\/a><\/p>\n<p><a href=\"https:\/\/sites.ifi.unicamp.br\/lfmedica\/files\/2014\/09\/Formul\u00e1rio-para-uso-de-material-radioativo.pdf\">Formul\u00e1rio para Uso de Material Radioativo (FUMR)<\/a><\/p>\n<p><a style=\"color: #9538c5\" href=\"https:\/\/forms.gle\/voZyTWHtMMYYAyms6\">Declara\u00e7\u00e3o Volunt\u00e1ria de Gravidez<\/a><\/p>","protected":false},"excerpt":{"rendered":"<p>Formul\u00e1rio de Registro de Usu\u00e1rio Formul\u00e1rio para Uso de Material Radioativo (FUMR) Declara\u00e7\u00e3o Volunt\u00e1ria de Gravidez<\/p>\n","protected":false},"author":127,"featured_media":0,"parent":0,"menu_order":0,"comment_status":"open","ping_status":"open","template":"","meta":{"ngg_post_thumbnail":0,"footnotes":""},"class_list":["post-195","page","type-page","status-publish","hentry","nodate","item-wrap"],"_links":{"self":[{"href":"https:\/\/sites.ifi.unicamp.br\/lfmedica\/wp-json\/wp\/v2\/pages\/195","targetHints":{"allow":["GET"]}}],"collection":[{"href":"https:\/\/sites.ifi.unicamp.br\/lfmedica\/wp-json\/wp\/v2\/pages"}],"about":[{"href":"https:\/\/sites.ifi.unicamp.br\/lfmedica\/wp-json\/wp\/v2\/types\/page"}],"author":[{"embeddable":true,"href":"https:\/\/sites.ifi.unicamp.br\/lfmedica\/wp-json\/wp\/v2\/users\/127"}],"replies":[{"embeddable":true,"href":"https:\/\/sites.ifi.unicamp.br\/lfmedica\/wp-json\/wp\/v2\/comments?post=195"}],"version-history":[{"count":8,"href":"https:\/\/sites.ifi.unicamp.br\/lfmedica\/wp-json\/wp\/v2\/pages\/195\/revisions"}],"predecessor-version":[{"id":346,"href":"https:\/\/sites.ifi.unicamp.br\/lfmedica\/wp-json\/wp\/v2\/pages\/195\/revisions\/346"}],"wp:attachment":[{"href":"https:\/\/sites.ifi.unicamp.br\/lfmedica\/wp-json\/wp\/v2\/media?parent=195"}],"curies":[{"name":"wp","href":"https:\/\/api.w.org\/{rel}","templated":true}]}}