{"id":147,"date":"2015-02-20T20:05:08","date_gmt":"2015-02-20T20:05:08","guid":{"rendered":"https:\/\/sites.ifi.unicamp.br\/lief\/?page_id=147"},"modified":"2024-10-02T14:20:36","modified_gmt":"2024-10-02T14:20:36","slug":"inicio","status":"publish","type":"page","link":"https:\/\/sites.ifi.unicamp.br\/lief\/","title":{"rendered":"F\u00edsica aberta ao p\u00fablico"},"content":{"rendered":"<p><span style=\"font-family: georgia, palatino, serif\"><span style=\"color: #000000\"><span style=\"font-size: large\">Bem vindos ao site do Laborat\u00f3rio de f\u00edsica aberto ao p\u00fablico o LIEF- Laborat\u00f3rio de Instrumenta\u00e7\u00e3o para Ensino de F\u00edsica.<\/span><\/span><\/span><\/p>\n<p><span style=\"font-family: georgia, palatino, serif\"><span style=\"color: #000000\"><span style=\"font-size: large\"> Aqui voc\u00ea poder\u00e1 encontrar informa\u00e7\u00f5es sobre o <a href=\"https:\/\/sites.ifi.unicamp.br\/lief\/experimentos\/\">empr\u00e9stimo de equipamentos<\/a>, que realizamos para o p\u00fablico geral, e como <a href=\"https:\/\/sites.ifi.unicamp.br\/lief\/atendimento\/\">agendar sua visita<\/a><\/span><\/span><span style=\"color: #000000\">. <\/span><\/span><\/p>\n<p><span style=\"font-family: georgia, palatino, serif\"><span style=\"color: #000000\"><span style=\"color: #000000;font-family: georgia, palatino, serif\">Esperamos que gostem desse espa\u00e7o possam se divertir e aprender conosco!<\/span> &nbsp;<\/span><\/span><\/p>\n<p><span style=\"color: #000000;font-family: georgia, palatino, serif\">Equipe do LIEF. &nbsp;<\/span><\/p>\n","protected":false},"excerpt":{"rendered":"<p>Bem vindos ao site do Laborat\u00f3rio de f\u00edsica aberto ao p\u00fablico o LIEF- Laborat\u00f3rio de Instrumenta\u00e7\u00e3o para Ensino de F\u00edsica. Aqui voc\u00ea poder\u00e1 encontrar informa\u00e7\u00f5es sobre o empr\u00e9stimo de equipamentos, que realizamos para o p\u00fablico geral, e como agendar sua visita. Esperamos que gostem desse espa\u00e7o possam se divertir e aprender conosco! &nbsp; Equipe do &hellip; <\/p>\n<p><a class=\"more-link btn\" href=\"https:\/\/sites.ifi.unicamp.br\/lief\/\">Continue lendo<\/a><\/p>\n","protected":false},"author":19,"featured_media":0,"parent":0,"menu_order":0,"comment_status":"closed","ping_status":"closed","template":"","meta":{"ngg_post_thumbnail":0,"footnotes":""},"class_list":["post-147","page","type-page","status-publish","hentry","nodate","item-wrap"],"_links":{"self":[{"href":"https:\/\/sites.ifi.unicamp.br\/lief\/wp-json\/wp\/v2\/pages\/147","targetHints":{"allow":["GET"]}}],"collection":[{"href":"https:\/\/sites.ifi.unicamp.br\/lief\/wp-json\/wp\/v2\/pages"}],"about":[{"href":"https:\/\/sites.ifi.unicamp.br\/lief\/wp-json\/wp\/v2\/types\/page"}],"author":[{"embeddable":true,"href":"https:\/\/sites.ifi.unicamp.br\/lief\/wp-json\/wp\/v2\/users\/19"}],"replies":[{"embeddable":true,"href":"https:\/\/sites.ifi.unicamp.br\/lief\/wp-json\/wp\/v2\/comments?post=147"}],"version-history":[{"count":14,"href":"https:\/\/sites.ifi.unicamp.br\/lief\/wp-json\/wp\/v2\/pages\/147\/revisions"}],"predecessor-version":[{"id":1728,"href":"https:\/\/sites.ifi.unicamp.br\/lief\/wp-json\/wp\/v2\/pages\/147\/revisions\/1728"}],"wp:attachment":[{"href":"https:\/\/sites.ifi.unicamp.br\/lief\/wp-json\/wp\/v2\/media?parent=147"}],"curies":[{"name":"wp","href":"https:\/\/api.w.org\/{rel}","templated":true}]}}