{"id":1531,"date":"2022-08-05T20:50:14","date_gmt":"2022-08-05T20:50:14","guid":{"rendered":"https:\/\/sites.ifi.unicamp.br\/lief\/?page_id=1531"},"modified":"2023-05-26T13:57:04","modified_gmt":"2023-05-26T13:57:04","slug":"projeto-lavina","status":"publish","type":"page","link":"https:\/\/sites.ifi.unicamp.br\/lief\/projeto-lavina\/","title":{"rendered":"Projeto Lavina"},"content":{"rendered":"<p style=\"text-align: justify\">Projeto de extens\u00e3o feito por bolsistas de gradua\u00e7\u00e3o e p\u00f3s gradua\u00e7\u00e3o, onde esta projeto tem como objetivo fornecer&nbsp; &nbsp;apoio ao aprendizado de f\u00edsica atrav\u00e9s da simula\u00e7\u00e3o de experimentos por meio de plataforma online. Essas simula\u00e7\u00f5es ser\u00e3o feitas atrav\u00e9s de applets como os physlets e ser\u00e3o fortemente baseados neles.&nbsp;&nbsp;<\/p>\n<h1 style=\"text-align: center\"><a href=\"https:\/\/lief-ifgw.github.io\/Lavina\/index.html\">Projeto LAVINA<\/a><\/h1>\n<p><strong>Bolsistas de extens\u00e3o<\/strong><\/p>\n<p>Pedro Ribeiro de Oliveira, Graduando em Licenciatura em F\u00edsica.&nbsp;<\/p>\n<p>Mateus Corradini Lopes, Mestrado em F\u00edsica.<\/p>\n<p><strong>Colaborador<\/strong><\/p>\n<p>Paulo Henrique de Moura, Doutorado em F\u00edsica.<\/p>\n<div>&nbsp;<\/div>\n<div><strong>Ex- bolsistas Projeto LAVINA:&nbsp;<\/strong><\/div>\n<div><span class=\"gD\" role=\"gridcell\" data-hovercard-id=\"e196229@dac.unicamp.br\">Eduarda Nicoletto Ayres De Oliveira<\/span><\/div>\n<div><span class=\"gD\" role=\"gridcell\" data-hovercard-id=\"e196229@dac.unicamp.br\">Igor Camargo Pedroso<\/span><\/div>\n","protected":false},"excerpt":{"rendered":"<p>Projeto de extens\u00e3o feito por bolsistas de gradua\u00e7\u00e3o e p\u00f3s gradua\u00e7\u00e3o, onde esta projeto tem como objetivo fornecer&nbsp; &nbsp;apoio ao aprendizado de f\u00edsica atrav\u00e9s da simula\u00e7\u00e3o de experimentos por meio de plataforma online. Essas simula\u00e7\u00f5es ser\u00e3o feitas atrav\u00e9s de applets como os physlets e ser\u00e3o fortemente baseados neles.&nbsp;&nbsp; Projeto LAVINA Bolsistas de extens\u00e3o Pedro Ribeiro &hellip; <\/p>\n<p><a class=\"more-link btn\" href=\"https:\/\/sites.ifi.unicamp.br\/lief\/projeto-lavina\/\">Continue lendo<\/a><\/p>\n","protected":false},"author":225,"featured_media":0,"parent":0,"menu_order":0,"comment_status":"closed","ping_status":"closed","template":"","meta":{"ngg_post_thumbnail":0,"footnotes":""},"class_list":["post-1531","page","type-page","status-publish","hentry","nodate","item-wrap"],"_links":{"self":[{"href":"https:\/\/sites.ifi.unicamp.br\/lief\/wp-json\/wp\/v2\/pages\/1531","targetHints":{"allow":["GET"]}}],"collection":[{"href":"https:\/\/sites.ifi.unicamp.br\/lief\/wp-json\/wp\/v2\/pages"}],"about":[{"href":"https:\/\/sites.ifi.unicamp.br\/lief\/wp-json\/wp\/v2\/types\/page"}],"author":[{"embeddable":true,"href":"https:\/\/sites.ifi.unicamp.br\/lief\/wp-json\/wp\/v2\/users\/225"}],"replies":[{"embeddable":true,"href":"https:\/\/sites.ifi.unicamp.br\/lief\/wp-json\/wp\/v2\/comments?post=1531"}],"version-history":[{"count":8,"href":"https:\/\/sites.ifi.unicamp.br\/lief\/wp-json\/wp\/v2\/pages\/1531\/revisions"}],"predecessor-version":[{"id":1571,"href":"https:\/\/sites.ifi.unicamp.br\/lief\/wp-json\/wp\/v2\/pages\/1531\/revisions\/1571"}],"wp:attachment":[{"href":"https:\/\/sites.ifi.unicamp.br\/lief\/wp-json\/wp\/v2\/media?parent=1531"}],"curies":[{"name":"wp","href":"https:\/\/api.w.org\/{rel}","templated":true}]}}