{"id":569,"date":"2016-11-05T16:44:47","date_gmt":"2016-11-05T16:44:47","guid":{"rendered":"https:\/\/sites.ifi.unicamp.br\/lief\/?page_id=569"},"modified":"2016-11-09T12:47:52","modified_gmt":"2016-11-09T12:47:52","slug":"vetores","status":"publish","type":"page","link":"https:\/\/sites.ifi.unicamp.br\/lief\/experimentos-2\/kits-fisica1\/vetores\/","title":{"rendered":"Vetores"},"content":{"rendered":"<h1>Vetores<\/h1>\n<hr>\n<div>&nbsp;<\/div>\n<div><a href=\"https:\/\/sites.ifi.unicamp.br\/lief\/files\/2016\/11\/Sem-t\u00edtulo.png\"><img fetchpriority=\"high\" decoding=\"async\" class=\" wp-image-574 alignleft\" src=\"https:\/\/sites.ifi.unicamp.br\/lief\/files\/2016\/11\/Sem-t\u00edtulo-300x194.png\" alt=\"sem-titulo\" width=\"419\" height=\"271\" srcset=\"https:\/\/sites.ifi.unicamp.br\/lief\/files\/2016\/11\/Sem-t\u00edtulo-300x194.png 300w, https:\/\/sites.ifi.unicamp.br\/lief\/files\/2016\/11\/Sem-t\u00edtulo.png 595w\" sizes=\"(max-width: 419px) 100vw, 419px\" \/><\/a>-3 kits<\/div>\n<div>-Localiza\u00e7\u00e3o: LIEF<\/div>\n<div>&nbsp;<\/div>\n<div>\n<div><strong>Objetivo:<\/strong>Apresentar ao estudante de forma clara como \u00e9 feita a representa\u00e7\u00e3o de vetores entrando e saindo de um plano (ou seja, n\u00e3o contidos neste plano) e as origens desta representa\u00e7\u00e3o.<\/div>\n<div>&nbsp;<\/div>\n<\/div>\n<div>\n<div><strong>Material:<\/strong>Conjunto de setas de dimens\u00f5es que facilitem a visualiza\u00e7\u00e3o.<\/div>\n<div>&nbsp;<\/div>\n<\/div>\n<div>\n<div><strong>Experimento:<\/strong> Nestas setas s\u00e3o bem determinados a base, em formato de X, pintado de preto, e a ponta da seta, circular, tamb\u00e9m pintada de preto. Dessa forma, podemos apresentar aos estudantes o motivo da representa\u00e7\u00e3o de vetores entrando e saindo do &#8216;plano da p\u00e1gina&#8217; respectivamente por um X e um ponto.<a href=\"https:\/\/sites.ifi.unicamp.br\/lief\/files\/2016\/11\/vetores.png\"><img decoding=\"async\" class=\" wp-image-575 alignright\" src=\"https:\/\/sites.ifi.unicamp.br\/lief\/files\/2016\/11\/vetores-300x187.png\" alt=\"vetores\" width=\"387\" height=\"241\" srcset=\"https:\/\/sites.ifi.unicamp.br\/lief\/files\/2016\/11\/vetores-300x187.png 300w, https:\/\/sites.ifi.unicamp.br\/lief\/files\/2016\/11\/vetores.png 661w\" sizes=\"(max-width: 387px) 100vw, 387px\" \/><\/a><\/div>\n<\/div>\n<div>&nbsp;<\/div>\n<div>&nbsp;<\/div>\n<div>&nbsp;<\/div>\n<div>&nbsp;<\/div>\n<div>&nbsp;<\/div>\n<div>&nbsp;<\/div>\n<div>&nbsp;<\/div>\n<div>&nbsp;<\/div>\n<div>&nbsp;<\/div>\n<div>&nbsp;<\/div>\n<div>&nbsp;<\/div>\n<div>\n<div>\n<hr>\n<\/div>\n<div>&nbsp;<a href=\"https:\/\/docs.google.com\/forms\/d\/e\/1FAIpQLScEFU9mHt2irOIFHZVmznhoJTTGxlba28VAAvh-V_8CIAXtZA\/viewform\">formulario de retirada<\/a><\/div>\n<\/div>\n","protected":false},"excerpt":{"rendered":"<p>Vetores &nbsp; -3 kits -Localiza\u00e7\u00e3o: LIEF &nbsp; Objetivo:Apresentar ao estudante de forma clara como \u00e9 feita a representa\u00e7\u00e3o de vetores entrando e saindo de um plano (ou seja, n\u00e3o contidos neste plano) e as origens desta representa\u00e7\u00e3o. &nbsp; Material:Conjunto de setas de dimens\u00f5es que facilitem a visualiza\u00e7\u00e3o. &nbsp; Experimento: Nestas setas s\u00e3o bem determinados a &hellip; <\/p>\n<p><a class=\"more-link btn\" href=\"https:\/\/sites.ifi.unicamp.br\/lief\/experimentos-2\/kits-fisica1\/vetores\/\">Continue lendo<\/a><\/p>\n","protected":false},"author":156,"featured_media":0,"parent":564,"menu_order":0,"comment_status":"closed","ping_status":"closed","template":"","meta":{"ngg_post_thumbnail":0,"footnotes":""},"class_list":["post-569","page","type-page","status-publish","hentry","nodate","item-wrap"],"_links":{"self":[{"href":"https:\/\/sites.ifi.unicamp.br\/lief\/wp-json\/wp\/v2\/pages\/569","targetHints":{"allow":["GET"]}}],"collection":[{"href":"https:\/\/sites.ifi.unicamp.br\/lief\/wp-json\/wp\/v2\/pages"}],"about":[{"href":"https:\/\/sites.ifi.unicamp.br\/lief\/wp-json\/wp\/v2\/types\/page"}],"author":[{"embeddable":true,"href":"https:\/\/sites.ifi.unicamp.br\/lief\/wp-json\/wp\/v2\/users\/156"}],"replies":[{"embeddable":true,"href":"https:\/\/sites.ifi.unicamp.br\/lief\/wp-json\/wp\/v2\/comments?post=569"}],"version-history":[{"count":4,"href":"https:\/\/sites.ifi.unicamp.br\/lief\/wp-json\/wp\/v2\/pages\/569\/revisions"}],"predecessor-version":[{"id":640,"href":"https:\/\/sites.ifi.unicamp.br\/lief\/wp-json\/wp\/v2\/pages\/569\/revisions\/640"}],"up":[{"embeddable":true,"href":"https:\/\/sites.ifi.unicamp.br\/lief\/wp-json\/wp\/v2\/pages\/564"}],"wp:attachment":[{"href":"https:\/\/sites.ifi.unicamp.br\/lief\/wp-json\/wp\/v2\/media?parent=569"}],"curies":[{"name":"wp","href":"https:\/\/api.w.org\/{rel}","templated":true}]}}