{"id":78,"date":"2014-03-17T13:53:26","date_gmt":"2014-03-17T13:53:26","guid":{"rendered":"https:\/\/sites.ifi.unicamp.br\/modelogrupo\/?page_id=27"},"modified":"2024-10-02T14:30:21","modified_gmt":"2024-10-02T14:30:21","slug":"atendimento","status":"publish","type":"page","link":"https:\/\/sites.ifi.unicamp.br\/lief\/atendimento\/","title":{"rendered":"Atendimento"},"content":{"rendered":"<p>O LIEF est\u00e1 aberto a visitas de escolas, professores, alunos e etc. O LIEF \u00e9 um espa\u00e7o de divers\u00e3o e aprendizado no mundo da f\u00edsica.<\/p>\n<p>Agende logo sua visita ao laborat\u00f3rio atrav\u00e9s <a href=\"https:\/\/docs.google.com\/forms\/d\/e\/1FAIpQLSeed9xeQZAlvjP9gqIpa6dYYcLB87WmZb34bJxCfC33iGv-ug\/viewform?usp=sf_link\">deste formul\u00e1rio<\/a>.&nbsp;&nbsp;<\/p>\n<p>&nbsp;<\/p>\n<p><strong>Al\u00e9m disso, para empr\u00e9stimos de experimentos e outras quest\u00f5es, estamos abertos nos seguintes hor\u00e1rios:<\/strong><\/p>\n<table dir=\"ltr\" style=\"width: 95.5156%;height: 370px\" border=\"1\" cellspacing=\"0\" cellpadding=\"0\">\n<colgroup>\n<col width=\"150\">\n<col width=\"150\">\n<col width=\"150\">\n<col width=\"150\">\n<col width=\"150\">\n<col width=\"150\"><\/colgroup>\n<tbody>\n<tr style=\"height: 24px\">\n<td style=\"height: 24px;width: 15.2932%;text-align: center\">&nbsp;<\/td>\n<td style=\"height: 24px;width: 17.4056%;text-align: center\" data-sheets-value=\"{&quot;1&quot;:2,&quot;2&quot;:&quot;Segunda&quot;}\"><strong><span style=\"color: #0000ff\">Segunda<\/span><\/strong><\/td>\n<td style=\"height: 24px;width: 16.8472%;text-align: center\" data-sheets-value=\"{&quot;1&quot;:2,&quot;2&quot;:&quot;Ter\u00e7a&quot;}\"><strong><span style=\"color: #0000ff\">Ter\u00e7a<\/span><\/strong><\/td>\n<td style=\"height: 24px;width: 15.9533%;text-align: center\" data-sheets-value=\"{&quot;1&quot;:2,&quot;2&quot;:&quot;Quarta&quot;}\"><strong><span style=\"color: #0000ff\">Quarta<\/span><\/strong><\/td>\n<td style=\"height: 24px;width: 15.7263%;text-align: center\" data-sheets-value=\"{&quot;1&quot;:2,&quot;2&quot;:&quot;Quinta &quot;}\"><strong><span style=\"color: #0000ff\">Quinta<\/span><\/strong><\/td>\n<td style=\"height: 24px;width: 23.2528%;text-align: center\" data-sheets-value=\"{&quot;1&quot;:2,&quot;2&quot;:&quot;Sexta &quot;}\"><strong><span style=\"color: #0000ff\">Sexta<\/span><\/strong><\/td>\n<\/tr>\n<tr style=\"height: 24px\">\n<td style=\"width: 15.2932%;height: 24px;text-align: center\"><strong><span style=\"color: #0000ff\">8h-9h<\/span><\/strong><\/td>\n<td style=\"width: 17.4056%;height: 24px;text-align: center\">&nbsp;<\/td>\n<td style=\"width: 16.8472%;height: 24px;text-align: center\">&nbsp;<\/td>\n<td style=\"width: 15.9533%;height: 24px;text-align: center\">&nbsp;<\/td>\n<td style=\"width: 15.7263%;height: 24px;text-align: center\" data-sheets-value=\"{&quot;1&quot;:2,&quot;2&quot;:&quot;Mateus&quot;}\">&nbsp;<\/td>\n<td style=\"width: 23.2528%;height: 24px;text-align: center\">&nbsp;<\/td>\n<\/tr>\n<tr style=\"height: 24px\">\n<td style=\"width: 15.2932%;height: 24px;text-align: center\"><strong><span style=\"color: #0000ff\">9h-10h<\/span><\/strong><\/td>\n<td style=\"width: 17.4056%;height: 24px;text-align: center\">&nbsp;<\/td>\n<td style=\"width: 16.8472%;height: 24px;text-align: center\">&nbsp;<\/td>\n<td style=\"width: 15.9533%;height: 24px;text-align: center\">&nbsp;<\/td>\n<td style=\"width: 15.7263%;height: 24px;text-align: center\" data-sheets-value=\"{&quot;1&quot;:2,&quot;2&quot;:&quot;Mateus&quot;}\">&nbsp;<\/td>\n<td style=\"width: 23.2528%;height: 24px;text-align: center\">&nbsp;<\/td>\n<\/tr>\n<tr style=\"height: 24px\">\n<td style=\"height: 24px;width: 15.2932%;text-align: center\" data-sheets-value=\"{&quot;1&quot;:2,&quot;2&quot;:&quot;10h - 11h &quot;}\" data-sheets-numberformat=\"{&quot;1&quot;:1}\"><strong><span style=\"color: #0000ff\">10h &#8211; 11h<\/span><\/strong><\/td>\n<td style=\"width: 17.4056%;height: 24px;text-align: center\" data-sheets-value=\"{&quot;1&quot;:2,&quot;2&quot;:&quot;Lucas&quot;}\">Rubiana<\/td>\n<td style=\"width: 16.8472%;height: 24px;text-align: center\" data-sheets-value=\"{&quot;1&quot;:2,&quot;2&quot;:&quot;Gabriel&quot;}\">&nbsp;<\/td>\n<td style=\"height: 24px;width: 15.9533%;text-align: center\" data-sheets-value=\"{&quot;1&quot;:2,&quot;2&quot;:&quot;Giovana&quot;}\">Lucas<\/td>\n<td style=\"width: 15.7263%;height: 24px;text-align: center\" data-sheets-value=\"{&quot;1&quot;:2,&quot;2&quot;:&quot;Mateus&quot;}\">Lucas<\/td>\n<td style=\"width: 23.2528%;height: 24px;text-align: center\" data-sheets-value=\"{&quot;1&quot;:2,&quot;2&quot;:&quot;Lucas&quot;}\">&nbsp;<\/td>\n<\/tr>\n<tr style=\"height: 24px\">\n<td style=\"height: 24px;width: 15.2932%;text-align: center\" data-sheets-value=\"{&quot;1&quot;:2,&quot;2&quot;:&quot;11h - 12h&quot;}\" data-sheets-numberformat=\"{&quot;1&quot;:1}\"><strong><span style=\"color: #0000ff\">11h &#8211; 12h<\/span><\/strong><\/td>\n<td style=\"width: 17.4056%;height: 24px;text-align: center\" data-sheets-value=\"{&quot;1&quot;:2,&quot;2&quot;:&quot;Lucas&quot;}\">Rubiana<\/td>\n<td style=\"width: 16.8472%;height: 24px;text-align: center\" data-sheets-value=\"{&quot;1&quot;:2,&quot;2&quot;:&quot;Gabriel&quot;}\">&nbsp;<\/td>\n<td style=\"height: 24px;width: 15.9533%;text-align: center\" data-sheets-value=\"{&quot;1&quot;:2,&quot;2&quot;:&quot;Giovana &quot;}\">Lucas<\/td>\n<td style=\"width: 15.7263%;height: 24px;text-align: center\" data-sheets-value=\"{&quot;1&quot;:2,&quot;2&quot;:&quot;Mateus&quot;}\">Lucas<\/td>\n<td style=\"width: 23.2528%;height: 24px;text-align: center\" data-sheets-value=\"{&quot;1&quot;:2,&quot;2&quot;:&quot;Lucas&quot;}\">&nbsp;<\/td>\n<\/tr>\n<tr style=\"height: 24px\">\n<td style=\"height: 24px;width: 15.2932%;text-align: center\" data-sheets-value=\"{&quot;1&quot;:2,&quot;2&quot;:&quot;12h - 13h&quot;}\"><strong><span style=\"color: #0000ff\">12h &#8211; 13h<\/span><\/strong><\/td>\n<td style=\"width: 17.4056%;height: 24px;text-align: center\">Rubiana<\/td>\n<td style=\"width: 16.8472%;height: 24px;text-align: center\">&nbsp;<\/td>\n<td style=\"height: 24px;width: 15.9533%;text-align: center\">Lucas<\/td>\n<td style=\"width: 15.7263%;height: 24px;text-align: center\">Lucas<\/td>\n<td style=\"width: 23.2528%;height: 24px;text-align: center\">&nbsp;<\/td>\n<\/tr>\n<tr style=\"height: 24px\">\n<td style=\"height: 24px;width: 15.2932%;text-align: center\" data-sheets-value=\"{&quot;1&quot;:2,&quot;2&quot;:&quot;13h - 14h &quot;}\"><strong><span style=\"color: #0000ff\">13h &#8211; 14h<\/span><\/strong><\/td>\n<td style=\"width: 17.4056%;height: 24px;text-align: center\" data-sheets-value=\"{&quot;1&quot;:2,&quot;2&quot;:&quot;Lucas&quot;}\">&nbsp;<\/td>\n<td style=\"width: 16.8472%;height: 24px;text-align: center\" data-sheets-value=\"{&quot;1&quot;:2,&quot;2&quot;:&quot;Pedro-LAVINA&quot;}\">&nbsp;<\/td>\n<td style=\"width: 15.9533%;height: 24px;text-align: center\" data-sheets-value=\"{&quot;1&quot;:2,&quot;2&quot;:&quot;Giovana&quot;}\">Gabriel<\/td>\n<td style=\"width: 15.7263%;height: 24px;text-align: center\" data-sheets-value=\"{&quot;1&quot;:2,&quot;2&quot;:&quot;Gabriel&quot;}\">Gabriel<\/td>\n<td style=\"width: 23.2528%;height: 24px;text-align: center\" data-sheets-value=\"{&quot;1&quot;:2,&quot;2&quot;:&quot;Lucas\/Pedro-LAVINA&quot;}\">Gabriel<\/td>\n<\/tr>\n<tr style=\"height: 24px\">\n<td style=\"height: 24px;width: 15.2932%;text-align: center\" data-sheets-value=\"{&quot;1&quot;:2,&quot;2&quot;:&quot;14h - 15h&quot;}\"><strong><span style=\"color: #0000ff\">14h &#8211; 15h<\/span><\/strong><\/td>\n<td style=\"width: 17.4056%;height: 24px;text-align: center\" data-sheets-value=\"{&quot;1&quot;:2,&quot;2&quot;:&quot;Lucas\/Gabriel&quot;}\">Rubiana<\/td>\n<td style=\"width: 16.8472%;height: 24px;text-align: center\" data-sheets-value=\"{&quot;1&quot;:2,&quot;2&quot;:&quot;Pedro-LAVINA&quot;}\">Rubiana<\/td>\n<td style=\"width: 15.9533%;height: 24px;text-align: center\" data-sheets-value=\"{&quot;1&quot;:2,&quot;2&quot;:&quot;Giovana&quot;}\">Lucas\/Gustavo<\/td>\n<td style=\"width: 15.7263%;height: 24px;text-align: center\" data-sheets-value=\"{&quot;1&quot;:2,&quot;2&quot;:&quot;Gabriel&quot;}\">&nbsp;<\/td>\n<td style=\"width: 23.2528%;height: 24px;text-align: center\" data-sheets-value=\"{&quot;1&quot;:2,&quot;2&quot;:&quot;Mateus\/Lucas\/Pedro-LAVINA&quot;}\">&nbsp;<\/td>\n<\/tr>\n<tr style=\"height: 24px\">\n<td style=\"height: 24px;width: 15.2932%;text-align: center\" data-sheets-value=\"{&quot;1&quot;:2,&quot;2&quot;:&quot;15h - 16h &quot;}\"><strong><span style=\"color: #0000ff\">15h &#8211; 16h<\/span><\/strong><\/td>\n<td style=\"width: 17.4056%;height: 24px;text-align: center\" data-sheets-value=\"{&quot;1&quot;:2,&quot;2&quot;:&quot;Lucas\/Gabriel&quot;}\">&nbsp;<\/td>\n<td style=\"width: 16.8472%;height: 24px;text-align: center\" data-sheets-value=\"{&quot;1&quot;:2,&quot;2&quot;:&quot;Pedro-LAVINA&quot;}\">Rubiana<\/td>\n<td style=\"width: 15.9533%;height: 24px;text-align: center\" data-sheets-value=\"{&quot;1&quot;:2,&quot;2&quot;:&quot;Giovana&quot;}\">Lucas\/Gustavo<\/td>\n<td style=\"width: 15.7263%;height: 24px;text-align: center\" data-sheets-value=\"{&quot;1&quot;:2,&quot;2&quot;:&quot;Gabriel&quot;}\">&nbsp;<\/td>\n<td style=\"width: 23.2528%;height: 24px;text-align: center\" data-sheets-value=\"{&quot;1&quot;:2,&quot;2&quot;:&quot;Mateus\/Lucas\/Pedro-LAVINA&quot;}\">&nbsp;<\/td>\n<\/tr>\n<tr style=\"height: 24px\">\n<td style=\"height: 24px;width: 15.2932%;text-align: center\" data-sheets-value=\"{&quot;1&quot;:2,&quot;2&quot;:&quot;16h - 17h&quot;}\"><strong><span style=\"color: #0000ff\">16h &#8211; 17h<\/span><\/strong><\/td>\n<td style=\"width: 17.4056%;height: 24px;text-align: center\" data-sheets-value=\"{&quot;1&quot;:2,&quot;2&quot;:&quot;Giovana\/Gabriel&quot;}\">Gustavo<\/td>\n<td style=\"width: 16.8472%;height: 24px;text-align: center\" data-sheets-value=\"{&quot;1&quot;:2,&quot;2&quot;:&quot;Giovana \/Pedro-LAVINA&quot;}\">Gustavo<\/td>\n<td style=\"width: 15.9533%;height: 24px;text-align: center\" data-sheets-value=\"{&quot;1&quot;:2,&quot;2&quot;:&quot;Giovana&quot;}\">Gustavo<\/td>\n<td style=\"width: 15.7263%;height: 24px;text-align: center\" data-sheets-value=\"{&quot;1&quot;:2,&quot;2&quot;:&quot;Mateus&quot;}\">&nbsp;<\/td>\n<td style=\"width: 23.2528%;height: 24px;text-align: center\" data-sheets-value=\"{&quot;1&quot;:2,&quot;2&quot;:&quot;Mateus\/Pedro-LAVINA&quot;}\">Gabriel<\/td>\n<\/tr>\n<tr style=\"height: 24px\">\n<td style=\"height: 24px;width: 15.2932%;text-align: center\" data-sheets-value=\"{&quot;1&quot;:2,&quot;2&quot;:&quot;17h - 18h&quot;}\"><strong><span style=\"color: #0000ff\">17h &#8211; 18h<\/span><\/strong><\/td>\n<td style=\"width: 17.4056%;height: 24px;text-align: center\" data-sheets-value=\"{&quot;1&quot;:2,&quot;2&quot;:&quot;Giovana\/Gabriel&quot;}\">Gustavo<\/td>\n<td style=\"width: 16.8472%;height: 24px;text-align: center\" data-sheets-value=\"{&quot;1&quot;:2,&quot;2&quot;:&quot;Giovana \/Pedro-LAVINA&quot;}\">Gustavo<\/td>\n<td style=\"width: 15.9533%;height: 24px;text-align: center\" data-sheets-value=\"{&quot;1&quot;:2,&quot;2&quot;:&quot;Giovana&quot;}\">Gustavo<\/td>\n<td style=\"width: 15.7263%;height: 24px;text-align: center\" data-sheets-value=\"{&quot;1&quot;:2,&quot;2&quot;:&quot;Mateus&quot;}\">&nbsp;<\/td>\n<td style=\"width: 23.2528%;height: 24px;text-align: center\" data-sheets-value=\"{&quot;1&quot;:2,&quot;2&quot;:&quot;Mateus\/Pedro-LAVINA&quot;}\">Gabriel<\/td>\n<\/tr>\n<tr style=\"height: 24px\">\n<td style=\"height: 24px;width: 15.2932%;text-align: center\" data-sheets-value=\"{&quot;1&quot;:2,&quot;2&quot;:&quot;18h - 19h&quot;}\"><strong><span style=\"color: #0000ff\">18h &#8211; 19h<\/span><\/strong><\/td>\n<td style=\"width: 17.4056%;height: 24px;text-align: center\" data-sheets-value=\"{&quot;1&quot;:2,&quot;2&quot;:&quot;Giovana &quot;}\">&nbsp;<\/td>\n<td style=\"width: 16.8472%;height: 24px;text-align: center\" data-sheets-value=\"{&quot;1&quot;:2,&quot;2&quot;:&quot;Pedro-LAVINA&quot;}\">&nbsp;<\/td>\n<td style=\"width: 15.9533%;height: 24px;text-align: center\">&nbsp;<\/td>\n<td style=\"width: 15.7263%;height: 24px;text-align: center\">&nbsp;<\/td>\n<td style=\"width: 23.2528%;height: 24px;text-align: center\" data-sheets-value=\"{&quot;1&quot;:2,&quot;2&quot;:&quot;Pedro-LAVINA&quot;}\">Gabriel<\/td>\n<\/tr>\n<tr style=\"height: 24px\">\n<td style=\"height: 24px;width: 15.2932%;text-align: center\" data-sheets-value=\"{&quot;1&quot;:2,&quot;2&quot;:&quot;19h - 20h&quot;}\"><strong><span style=\"color: #0000ff\">19h &#8211; 20h<\/span><\/strong><\/td>\n<td style=\"width: 17.4056%;height: 24px;text-align: center\" data-sheets-value=\"{&quot;1&quot;:2,&quot;2&quot;:&quot;Paulo Lavina&quot;}\">&nbsp;<\/td>\n<td style=\"width: 16.8472%;height: 24px;text-align: center\" data-sheets-value=\"{&quot;1&quot;:2,&quot;2&quot;:&quot;Paulo Lavina&quot;}\">&nbsp;<\/td>\n<td style=\"width: 15.9533%;height: 24px;text-align: center\" data-sheets-value=\"{&quot;1&quot;:2,&quot;2&quot;:&quot;Paulo Lavina&quot;}\">&nbsp;<\/td>\n<td style=\"width: 15.7263%;height: 24px;text-align: center\" data-sheets-value=\"{&quot;1&quot;:2,&quot;2&quot;:&quot;Paulo Lavina\/Gabriel&quot;}\">Gabriel<\/td>\n<td style=\"width: 23.2528%;height: 24px;text-align: center\" data-sheets-value=\"{&quot;1&quot;:2,&quot;2&quot;:&quot;Mateus\/Paulo Lavina&quot;}\">&nbsp;<\/td>\n<\/tr>\n<tr style=\"height: 24px\">\n<td style=\"height: 10px;width: 15.2932%;text-align: center\" data-sheets-value=\"{&quot;1&quot;:2,&quot;2&quot;:&quot;20h - 21h&quot;}\"><strong><span style=\"color: #0000ff\">20h &#8211; 21h<\/span><\/strong><\/td>\n<td style=\"width: 17.4056%;height: 10px;text-align: center\" data-sheets-value=\"{&quot;1&quot;:2,&quot;2&quot;:&quot;Paulo Lavina&quot;}\">&nbsp;<\/td>\n<td style=\"width: 16.8472%;height: 10px;text-align: center\" data-sheets-value=\"{&quot;1&quot;:2,&quot;2&quot;:&quot;Paulo Lavina&quot;}\">&nbsp;<\/td>\n<td style=\"width: 15.9533%;height: 10px;text-align: center\" data-sheets-value=\"{&quot;1&quot;:2,&quot;2&quot;:&quot;Paulo Lavina&quot;}\">&nbsp;<\/td>\n<td style=\"width: 15.7263%;height: 10px;text-align: center\" data-sheets-value=\"{&quot;1&quot;:2,&quot;2&quot;:&quot;Paulo Lavina&quot;}\">Gabriel<\/td>\n<td style=\"width: 23.2528%;height: 10px;text-align: center\" data-sheets-value=\"{&quot;1&quot;:2,&quot;2&quot;:&quot;Mateus\/Paulo Lavina&quot;}\">&nbsp;<\/td>\n<\/tr>\n<tr style=\"height: 24px\">\n<td style=\"width: 15.2932%;height: 24px;text-align: center\"><strong><span style=\"color: #0000ff\">21h &#8211; 22h<\/span><\/strong><\/td>\n<td style=\"width: 17.4056%;height: 24px;text-align: center\" data-sheets-value=\"{&quot;1&quot;:2,&quot;2&quot;:&quot;Paulo Lavina&quot;}\">&nbsp;<\/td>\n<td style=\"width: 16.8472%;height: 24px;text-align: center\" data-sheets-value=\"{&quot;1&quot;:2,&quot;2&quot;:&quot;Paulo Lavina&quot;}\">&nbsp;<\/td>\n<td style=\"width: 15.9533%;height: 24px;text-align: center\" data-sheets-value=\"{&quot;1&quot;:2,&quot;2&quot;:&quot;Paulo Lavina&quot;}\">&nbsp;<\/td>\n<td style=\"width: 15.7263%;height: 24px;text-align: center\" data-sheets-value=\"{&quot;1&quot;:2,&quot;2&quot;:&quot;Paulo Lavina&quot;}\">&nbsp;<\/td>\n<td style=\"width: 23.2528%;height: 24px;text-align: center\" data-sheets-value=\"{&quot;1&quot;:2,&quot;2&quot;:&quot;Mateus\/Paulo Lavina&quot;}\">&nbsp;<\/td>\n<\/tr>\n<tr style=\"height: 24px\">\n<td style=\"width: 15.2932%;height: 24px;text-align: center\"><strong><span style=\"color: #0000ff\">&nbsp;22h &#8211; 23h&nbsp;<\/span><\/strong><\/td>\n<td style=\"width: 17.4056%;height: 24px;text-align: center\">&nbsp;<\/td>\n<td style=\"width: 16.8472%;height: 24px;text-align: center\">&nbsp;<\/td>\n<td style=\"width: 15.9533%;height: 24px;text-align: center\">&nbsp;<\/td>\n<td style=\"width: 15.7263%;height: 24px;text-align: center\">&nbsp;<\/td>\n<td style=\"width: 23.2528%;height: 24px;text-align: center\">&nbsp;<\/td>\n<\/tr>\n<\/tbody>\n<\/table>\n<p><em>OBS: bolsistas do projeto LAVINA* poder\u00e3o fazer, somente, a entrega e devolu\u00e7\u00e3o de equipamentos do laborat\u00f3rio, n\u00e3o estando aptos para a apresenta\u00e7\u00e3o destes experimentos.&nbsp;<\/em><\/p>","protected":false},"excerpt":{"rendered":"<p>O LIEF est\u00e1 aberto a visitas de escolas, professores, alunos e etc. O LIEF \u00e9 um espa\u00e7o de divers\u00e3o e aprendizado no mundo da f\u00edsica. Agende logo sua visita ao laborat\u00f3rio atrav\u00e9s deste formul\u00e1rio.&nbsp;&nbsp; &nbsp; Al\u00e9m disso, para empr\u00e9stimos de experimentos e outras quest\u00f5es, estamos abertos nos seguintes hor\u00e1rios: &nbsp; Segunda Ter\u00e7a Quarta Quinta Sexta &hellip; <\/p>\n<p><a class=\"more-link btn\" href=\"https:\/\/sites.ifi.unicamp.br\/lief\/atendimento\/\">Continue lendo<\/a><\/p>\n","protected":false},"author":19,"featured_media":0,"parent":0,"menu_order":2,"comment_status":"closed","ping_status":"closed","template":"","meta":{"ngg_post_thumbnail":0,"footnotes":""},"class_list":["post-78","page","type-page","status-publish","hentry","nodate","item-wrap"],"_links":{"self":[{"href":"https:\/\/sites.ifi.unicamp.br\/lief\/wp-json\/wp\/v2\/pages\/78","targetHints":{"allow":["GET"]}}],"collection":[{"href":"https:\/\/sites.ifi.unicamp.br\/lief\/wp-json\/wp\/v2\/pages"}],"about":[{"href":"https:\/\/sites.ifi.unicamp.br\/lief\/wp-json\/wp\/v2\/types\/page"}],"author":[{"embeddable":true,"href":"https:\/\/sites.ifi.unicamp.br\/lief\/wp-json\/wp\/v2\/users\/19"}],"replies":[{"embeddable":true,"href":"https:\/\/sites.ifi.unicamp.br\/lief\/wp-json\/wp\/v2\/comments?post=78"}],"version-history":[{"count":74,"href":"https:\/\/sites.ifi.unicamp.br\/lief\/wp-json\/wp\/v2\/pages\/78\/revisions"}],"predecessor-version":[{"id":1664,"href":"https:\/\/sites.ifi.unicamp.br\/lief\/wp-json\/wp\/v2\/pages\/78\/revisions\/1664"}],"wp:attachment":[{"href":"https:\/\/sites.ifi.unicamp.br\/lief\/wp-json\/wp\/v2\/media?parent=78"}],"curies":[{"name":"wp","href":"https:\/\/api.w.org\/{rel}","templated":true}]}}