{"id":27,"date":"2014-03-17T13:53:26","date_gmt":"2014-03-17T13:53:26","guid":{"rendered":"https:\/\/sites.ifi.unicamp.br\/modelogrupo\/?page_id=27"},"modified":"2019-08-28T16:10:02","modified_gmt":"2019-08-28T19:10:02","slug":"laboratorios","status":"publish","type":"page","link":"https:\/\/sites.ifi.unicamp.br\/lmd\/laboratorios\/","title":{"rendered":"Laborat\u00f3rios"},"content":{"rendered":"<p><strong>Lista de equipamentos do LMD<\/strong><\/p>\n<ol>\n<li>Criostatos de He-4, modelo 9VSRD, fabricante: Janis (faixa de temperatura: 2K a 300K, campo magn\u00e9tico: \u20139T at\u00e9 9T).<\/li>\n<li>Criostato de He-3, modelo: HE-3-SSV, fabricante: Janis (faixa de temperatura: T \u00b3 50 mK, campo magn\u00e9tico: \u20139T at\u00e9 9T).<\/li>\n<li>Refrigerador Ciclo Fechado, modelo SHI-4, fabricante: Janis (faixa de temperatura: 5K a 300K).<\/li>\n<\/ol>\n<ol start=\"4\">\n<li>Fornos el\u00e9tricos da Lindberg: (total de 7 fornos)<\/li>\n<\/ol>\n<p>Temperaturas m\u00e1ximas de trabalho: 1500\u00b0C (2 fornos para crescimento de cristais), 1200\u00b0C, 1700\u00b0C (forno de cadinho), 1200\u00b0C (forno tubular), 1700\u00b0C, 1000\u00baC.<\/p>\n<p>5. Microsc\u00f3pico \u00f3ptico de luz polarizada da Nikon, modelo Eclipse E400 Pol.<\/p>\n<p>6. Sistema de \u201cMagnetron Sputtering\u201d para crescimento de filmes finos.<\/p>\n<ol start=\"7\">\n<li>Probe Station, modelo TTPX da LakeShore. Plataforma usada para medir as propriedades el\u00e9tricas, eletro-\u00f3pticas, param\u00e9tricas, alta imped\u00e2ncia, DC, radio-frequ\u00eancia e propriedades de microondas de materiais e dispositivos numa faixa de temperatura de 4.2 K a 475 K.<\/li>\n<\/ol>\n<p>&nbsp;<\/p>\n<p><strong>Lista de Equipamentos dispon\u00edveis para uso do LMD dentro do Projeto Tem\u00e1tico-FAPESP<\/strong><\/p>\n<ol>\n<li>Sistema de Medidas de Propriedades F\u00edsicas (modelo PPMS-9 da Quantum Design com campo magn\u00e9tico: \u20139T at\u00e9 9T e T \u00b3 2 K).<\/li>\n<\/ol>\n<p>2. Sistema de Medidas de Propriedades F\u00edsicas, modelo PPMS-14 (campo magn\u00e9tico at\u00e9 14T e T &gt; 50 mK) da Quantum Design, com refrigerador de dilui\u00e7\u00e3o (temperaturas t\u00e3o baixas quanto 50 mK).<\/p>\n<p>3. Magnet\u00f4metro SQUID (campo magn\u00e9tico: \u20137T at\u00e9 7T e T &gt; 2K) da Quantum Design.<\/p>\n<p>&nbsp;<\/p>","protected":false},"excerpt":{"rendered":"<p>Lista de equipamentos do LMD Criostatos de He-4, modelo 9VSRD, fabricante: Janis (faixa de temperatura: 2K a 300K, campo magn\u00e9tico: \u20139T at\u00e9 9T). Criostato de He-3, modelo: HE-3-SSV, fabricante: Janis (faixa de temperatura: T \u00b3 50 mK, campo magn\u00e9tico: \u20139T at\u00e9 9T). Refrigerador Ciclo Fechado, modelo SHI-4, fabricante: Janis (faixa de temperatura: 5K a 300K). &hellip; <\/p>\n<p><a class=\"more-link btn\" href=\"https:\/\/sites.ifi.unicamp.br\/lmd\/laboratorios\/\">Continue lendo<\/a><\/p>\n","protected":false},"author":7,"featured_media":0,"parent":0,"menu_order":0,"comment_status":"closed","ping_status":"closed","template":"","meta":{"footnotes":""},"class_list":["post-27","page","type-page","status-publish","hentry","nodate","item-wrap"],"_links":{"self":[{"href":"https:\/\/sites.ifi.unicamp.br\/lmd\/wp-json\/wp\/v2\/pages\/27","targetHints":{"allow":["GET"]}}],"collection":[{"href":"https:\/\/sites.ifi.unicamp.br\/lmd\/wp-json\/wp\/v2\/pages"}],"about":[{"href":"https:\/\/sites.ifi.unicamp.br\/lmd\/wp-json\/wp\/v2\/types\/page"}],"author":[{"embeddable":true,"href":"https:\/\/sites.ifi.unicamp.br\/lmd\/wp-json\/wp\/v2\/users\/7"}],"replies":[{"embeddable":true,"href":"https:\/\/sites.ifi.unicamp.br\/lmd\/wp-json\/wp\/v2\/comments?post=27"}],"version-history":[{"count":5,"href":"https:\/\/sites.ifi.unicamp.br\/lmd\/wp-json\/wp\/v2\/pages\/27\/revisions"}],"predecessor-version":[{"id":178,"href":"https:\/\/sites.ifi.unicamp.br\/lmd\/wp-json\/wp\/v2\/pages\/27\/revisions\/178"}],"wp:attachment":[{"href":"https:\/\/sites.ifi.unicamp.br\/lmd\/wp-json\/wp\/v2\/media?parent=27"}],"curies":[{"name":"wp","href":"https:\/\/api.w.org\/{rel}","templated":true}]}}