{"id":235,"date":"2014-03-27T18:30:30","date_gmt":"2014-03-27T18:30:30","guid":{"rendered":"https:\/\/sites.ifi.unicamp.br\/lni\/?page_id=235"},"modified":"2015-11-26T18:29:29","modified_gmt":"2015-11-26T18:29:29","slug":"imagens","status":"publish","type":"page","link":"https:\/\/sites.ifi.unicamp.br\/lni\/imagens\/","title":{"rendered":"M\u00e9todos para Caracteriza\u00e7\u00e3o"},"content":{"rendered":"<p><p>no images were found<\/p><\/p>","protected":false},"excerpt":{"rendered":"<p>no images were found<\/p>\n","protected":false},"author":117,"featured_media":0,"parent":0,"menu_order":0,"comment_status":"open","ping_status":"open","template":"","meta":{"ngg_post_thumbnail":0,"footnotes":""},"class_list":["post-235","page","type-page","status-publish","hentry","nodate","item-wrap"],"_links":{"self":[{"href":"https:\/\/sites.ifi.unicamp.br\/lni\/wp-json\/wp\/v2\/pages\/235","targetHints":{"allow":["GET"]}}],"collection":[{"href":"https:\/\/sites.ifi.unicamp.br\/lni\/wp-json\/wp\/v2\/pages"}],"about":[{"href":"https:\/\/sites.ifi.unicamp.br\/lni\/wp-json\/wp\/v2\/types\/page"}],"author":[{"embeddable":true,"href":"https:\/\/sites.ifi.unicamp.br\/lni\/wp-json\/wp\/v2\/users\/117"}],"replies":[{"embeddable":true,"href":"https:\/\/sites.ifi.unicamp.br\/lni\/wp-json\/wp\/v2\/comments?post=235"}],"version-history":[{"count":32,"href":"https:\/\/sites.ifi.unicamp.br\/lni\/wp-json\/wp\/v2\/pages\/235\/revisions"}],"predecessor-version":[{"id":694,"href":"https:\/\/sites.ifi.unicamp.br\/lni\/wp-json\/wp\/v2\/pages\/235\/revisions\/694"}],"wp:attachment":[{"href":"https:\/\/sites.ifi.unicamp.br\/lni\/wp-json\/wp\/v2\/media?parent=235"}],"curies":[{"name":"wp","href":"https:\/\/api.w.org\/{rel}","templated":true}]}}