{"id":79,"date":"2014-03-17T13:53:39","date_gmt":"2014-03-17T13:53:39","guid":{"rendered":"https:\/\/sites.ifi.unicamp.br\/modelogrupo\/?page_id=29"},"modified":"2015-11-24T12:20:05","modified_gmt":"2015-11-24T12:20:05","slug":"pesquisa","status":"publish","type":"page","link":"https:\/\/sites.ifi.unicamp.br\/lni\/","title":{"rendered":"Pesquisa"},"content":{"rendered":"<p>&nbsp;<\/p>\n<table style=\"background-color: #050000\" border=\"0\">\n<tbody>\n<tr>\n<td style=\"background-color: #000000\">\n<h1 style=\"text-align: center\" align=\"left\"><span style=\"color: #ffffff\"><strong>\u00c1reas de Pesquisa<\/strong><\/span><\/h1>\n<h3 align=\"left\"><span style=\"color: #ffffff\"><strong>As linhas de pesquisa do laboratorio englobam as areas f\u00edsica, qu\u00edmica e biol\u00f3gica com parcerias com biologos e quimicos com enfase na area de nanotecnologica .<br \/>\nPrepara\u00e7\u00e3o e caracteriza\u00e7\u00e3o de amostras usando Sputtering, Microscopia , Espectroscopia e QCM.<\/strong><\/span><\/h3>\n<h1 align=\"left\"><strong>\u00a0 \u00a0 \u00a0 \u00a0\u00a0<img loading=\"lazy\" decoding=\"async\" class=\"alignnone wp-image-670\" src=\"https:\/\/sites.ifi.unicamp.br\/lni\/files\/2014\/03\/Image4-300x205.jpg\" alt=\"Image4\" width=\"185\" height=\"127\" srcset=\"https:\/\/sites.ifi.unicamp.br\/lni\/files\/2014\/03\/Image4-300x205.jpg 300w, https:\/\/sites.ifi.unicamp.br\/lni\/files\/2014\/03\/Image4.jpg 640w\" sizes=\"auto, (max-width: 185px) 100vw, 185px\" \/>\u00a0 \u00a0 \u00a0 \u00a0 \u00a0 \u00a0 \u00a0<a href=\"https:\/\/sites.ifi.unicamp.br\/lni\/files\/2014\/04\/dna.jpg\"><img loading=\"lazy\" decoding=\"async\" class=\"alignnone wp-image-348\" src=\"https:\/\/sites.ifi.unicamp.br\/lni\/files\/2014\/04\/euca-raman-300x145.jpg\" alt=\"euca raman\" width=\"241\" height=\"117\" srcset=\"https:\/\/sites.ifi.unicamp.br\/lni\/files\/2014\/04\/euca-raman-300x145.jpg 300w, https:\/\/sites.ifi.unicamp.br\/lni\/files\/2014\/04\/euca-raman.jpg 810w\" sizes=\"auto, (max-width: 241px) 100vw, 241px\" \/><img loading=\"lazy\" decoding=\"async\" class=\"alignnone wp-image-650\" src=\"https:\/\/sites.ifi.unicamp.br\/lni\/files\/2014\/03\/Image15-300x189.jpg\" alt=\"Image15\" width=\"174\" height=\"110\" srcset=\"https:\/\/sites.ifi.unicamp.br\/lni\/files\/2014\/03\/Image15-300x189.jpg 300w, https:\/\/sites.ifi.unicamp.br\/lni\/files\/2014\/03\/Image15.jpg 486w\" sizes=\"auto, (max-width: 174px) 100vw, 174px\" \/><img loading=\"lazy\" decoding=\"async\" class=\"alignnone wp-image-364\" src=\"https:\/\/sites.ifi.unicamp.br\/lni\/files\/2014\/04\/si111-300x223.jpg\" alt=\"si111\" width=\"181\" height=\"135\" srcset=\"https:\/\/sites.ifi.unicamp.br\/lni\/files\/2014\/04\/si111-300x223.jpg 300w, https:\/\/sites.ifi.unicamp.br\/lni\/files\/2014\/04\/si111.jpg 637w\" sizes=\"auto, (max-width: 181px) 100vw, 181px\" \/>\u00a0\u00a0\u00a0<img loading=\"lazy\" decoding=\"async\" class=\"alignnone wp-image-342\" src=\"https:\/\/sites.ifi.unicamp.br\/lni\/files\/2014\/04\/dna-300x225.jpg\" alt=\"dna\" width=\"174\" height=\"130\" srcset=\"https:\/\/sites.ifi.unicamp.br\/lni\/files\/2014\/04\/dna-300x225.jpg 300w, https:\/\/sites.ifi.unicamp.br\/lni\/files\/2014\/04\/dna.jpg 625w\" sizes=\"auto, (max-width: 174px) 100vw, 174px\" \/><\/a>\u00a0 \u00a0\u00a0<\/strong><\/h1>\n<h1 align=\"left\"><\/h1>\n<\/td>\n<\/tr>\n<tr>\n<td style=\"background-color: #000000\">\n<h3 style=\"text-align: center\"><span style=\"color: #ffffff\"><strong>\u00c1reas de Pesquisa<\/strong><\/span><\/h3>\n<\/td>\n<\/tr>\n<tr>\n<td style=\"background-color: #000000\">\n<h3><span style=\"color: #ffffff\"><strong>Nanoestruturas<\/strong><\/span><\/h3>\n<\/td>\n<\/tr>\n<tr>\n<td style=\"background-color: #000000\">\n<h3><span style=\"color: #ffffff\"><strong>Interfaces S\u00f3lido\/liquido<\/strong><\/span><\/h3>\n<\/td>\n<\/tr>\n<tr>\n<td style=\"background-color: #000000\">\n<h3><span style=\"color: #ffffff\"><strong>Estrutura da \u00e1gua<\/strong><\/span><\/h3>\n<\/td>\n<\/tr>\n<tr>\n<td style=\"background-color: #000000\">\n<h3><span style=\"color: #ffffff\"><strong>Silicio Poroso<\/strong><\/span><\/h3>\n<\/td>\n<\/tr>\n<tr>\n<td style=\"background-color: #000000\">\n<h3 style=\"text-align: center\"><span style=\"color: #ffffff\"><strong>M\u00e9todos para Caracteriza\u00e7\u00e3o<\/strong><\/span><\/h3>\n<\/td>\n<\/tr>\n<tr>\n<td style=\"background-color: #000000\">\n<h3><span style=\"color: #ffffff\"><strong>Microscopia Raman Confocal<\/strong><\/span><\/h3>\n<\/td>\n<\/tr>\n<tr>\n<td style=\"background-color: #000000\">\n<h3><span style=\"color: #ffffff\"><strong>Microscopia por AFM<\/strong><\/span><\/h3>\n<\/td>\n<\/tr>\n<tr>\n<td style=\"background-color: #000000\">\n<h3><span style=\"color: #ffffff\"><strong>Microscopia \u00d3tica<\/strong><\/span><\/h3>\n<\/td>\n<\/tr>\n<tr>\n<td style=\"background-color: #000000\">\n<h3><span style=\"color: #ffffff\"><strong>Micro Balan\u00e7a de Quartzo<\/strong><\/span><\/h3>\n<\/td>\n<\/tr>\n<tr>\n<td><\/td>\n<\/tr>\n<\/tbody>\n<\/table>\n<p>&nbsp;<\/p>","protected":false},"excerpt":{"rendered":"<p>&nbsp; \u00c1reas de Pesquisa As linhas de pesquisa do laboratorio englobam as areas f\u00edsica, qu\u00edmica e biol\u00f3gica com parcerias com biologos e quimicos com enfase na area de nanotecnologica . Prepara\u00e7\u00e3o e caracteriza\u00e7\u00e3o de amostras usando Sputtering, Microscopia , Espectroscopia e QCM. \u00a0 \u00a0 \u00a0 \u00a0\u00a0\u00a0 \u00a0 \u00a0 \u00a0 \u00a0 \u00a0 \u00a0\u00a0\u00a0\u00a0\u00a0 \u00a0\u00a0 \u00c1reas de &hellip; <\/p>\n<p><a class=\"more-link btn\" href=\"https:\/\/sites.ifi.unicamp.br\/lni\/\">Continue lendo<\/a><\/p>\n","protected":false},"author":74,"featured_media":0,"parent":0,"menu_order":0,"comment_status":"open","ping_status":"open","template":"","meta":{"ngg_post_thumbnail":0,"footnotes":""},"class_list":["post-79","page","type-page","status-publish","hentry","nodate","item-wrap"],"_links":{"self":[{"href":"https:\/\/sites.ifi.unicamp.br\/lni\/wp-json\/wp\/v2\/pages\/79","targetHints":{"allow":["GET"]}}],"collection":[{"href":"https:\/\/sites.ifi.unicamp.br\/lni\/wp-json\/wp\/v2\/pages"}],"about":[{"href":"https:\/\/sites.ifi.unicamp.br\/lni\/wp-json\/wp\/v2\/types\/page"}],"author":[{"embeddable":true,"href":"https:\/\/sites.ifi.unicamp.br\/lni\/wp-json\/wp\/v2\/users\/74"}],"replies":[{"embeddable":true,"href":"https:\/\/sites.ifi.unicamp.br\/lni\/wp-json\/wp\/v2\/comments?post=79"}],"version-history":[{"count":31,"href":"https:\/\/sites.ifi.unicamp.br\/lni\/wp-json\/wp\/v2\/pages\/79\/revisions"}],"predecessor-version":[{"id":695,"href":"https:\/\/sites.ifi.unicamp.br\/lni\/wp-json\/wp\/v2\/pages\/79\/revisions\/695"}],"wp:attachment":[{"href":"https:\/\/sites.ifi.unicamp.br\/lni\/wp-json\/wp\/v2\/media?parent=79"}],"curies":[{"name":"wp","href":"https:\/\/api.w.org\/{rel}","templated":true}]}}