{"id":233,"date":"2019-09-26T00:24:38","date_gmt":"2019-09-26T00:24:38","guid":{"rendered":"https:\/\/sites.ifi.unicamp.br\/lpcm\/?page_id=233"},"modified":"2019-09-27T00:20:59","modified_gmt":"2019-09-27T00:20:59","slug":"oportunidades","status":"publish","type":"page","link":"https:\/\/sites.ifi.unicamp.br\/lpcm\/oportunidades\/","title":{"rendered":"Opportunities"},"content":{"rendered":"<p><div id=\"attachment_247\" style=\"width: 216px\" class=\"wp-caption alignleft\"><a href=\"https:\/\/sites.ifi.unicamp.br\/lpcm\/files\/2019\/09\/phd042701s.jpg\"><img fetchpriority=\"high\" decoding=\"async\" aria-describedby=\"caption-attachment-247\" class=\"size-medium wp-image-247\" src=\"https:\/\/sites.ifi.unicamp.br\/lpcm\/files\/2019\/09\/phd042701s-216x300.jpg\" alt=\"\" width=\"216\" height=\"300\" srcset=\"https:\/\/sites.ifi.unicamp.br\/lpcm\/files\/2019\/09\/phd042701s-216x300.jpg 216w, https:\/\/sites.ifi.unicamp.br\/lpcm\/files\/2019\/09\/phd042701s.jpg 267w\" sizes=\"(max-width: 216px) 100vw, 216px\" \/><\/a><p id=\"caption-attachment-247\" class=\"wp-caption-text\">(c) by PhD comics<\/p><\/div><\/p>\n<p>The LPCM offers a nice academic working environment ideal for any kind of interdisciplinary research or science project. We are &nbsp; constantly looking for interested persons to join the group.<\/p>\n<p>If you like to work in one of our<a href=\"https:\/\/sites.ifi.unicamp.br\/lpcm\/pesquisa\/\"> research lines<\/a>, please fill free to contact us &#8211; either by <a href=\"https:\/\/sites.ifi.unicamp.br\/lpcm\/contato\/\">e-mail<\/a> or talking to one of the group members directly.<\/p>\n<p>We are open for undergrad research projects (Inicia\u00e7\u00e3o Cient\u00edfica), Master or PhD thesis as well as opportunities for PostDocs. We participate at the PIBIC program of Unicamp and are members of the Post-Graduation of the IFGW being part of the Physics or Applied Physics program.<\/p>\n<p>We also are happy to receive international students for internships or a joined thesis.&nbsp;<\/p>\n<!-- AddThis Advanced Settings generic via filter on the_content --><!-- AddThis Share Buttons generic via filter on the_content -->","protected":false},"excerpt":{"rendered":"<p>The LPCM offers a nice academic working environment ideal for any kind of interdisciplinary research or science project. We are &nbsp; constantly looking for interested persons to join the group. If you like to work in one of our research lines, please fill free to contact us &#8211; either by e-mail or talking to one &hellip; <\/p>\n<p><a class=\"more-link btn\" href=\"https:\/\/sites.ifi.unicamp.br\/lpcm\/oportunidades\/\">Continue reading<\/a><!-- AddThis Advanced Settings generic via filter on get_the_excerpt --><!-- AddThis Share Buttons generic via filter on get_the_excerpt --><\/p>\n","protected":false},"author":169,"featured_media":0,"parent":0,"menu_order":0,"comment_status":"closed","ping_status":"closed","template":"","meta":{"ngg_post_thumbnail":0,"footnotes":""},"class_list":["post-233","page","type-page","status-publish","hentry","nodate","item-wrap"],"_links":{"self":[{"href":"https:\/\/sites.ifi.unicamp.br\/lpcm\/wp-json\/wp\/v2\/pages\/233","targetHints":{"allow":["GET"]}}],"collection":[{"href":"https:\/\/sites.ifi.unicamp.br\/lpcm\/wp-json\/wp\/v2\/pages"}],"about":[{"href":"https:\/\/sites.ifi.unicamp.br\/lpcm\/wp-json\/wp\/v2\/types\/page"}],"author":[{"embeddable":true,"href":"https:\/\/sites.ifi.unicamp.br\/lpcm\/wp-json\/wp\/v2\/users\/169"}],"replies":[{"embeddable":true,"href":"https:\/\/sites.ifi.unicamp.br\/lpcm\/wp-json\/wp\/v2\/comments?post=233"}],"version-history":[{"count":8,"href":"https:\/\/sites.ifi.unicamp.br\/lpcm\/wp-json\/wp\/v2\/pages\/233\/revisions"}],"predecessor-version":[{"id":249,"href":"https:\/\/sites.ifi.unicamp.br\/lpcm\/wp-json\/wp\/v2\/pages\/233\/revisions\/249"}],"wp:attachment":[{"href":"https:\/\/sites.ifi.unicamp.br\/lpcm\/wp-json\/wp\/v2\/media?parent=233"}],"curies":[{"name":"wp","href":"https:\/\/api.w.org\/{rel}","templated":true}]}}