{"id":9,"date":"2012-10-02T21:36:25","date_gmt":"2012-10-02T21:36:25","guid":{"rendered":"https:\/\/sites.ifi.unicamp.br\/lpd\/?page_id=9"},"modified":"2020-07-07T14:41:32","modified_gmt":"2020-07-07T14:41:32","slug":"people","status":"publish","type":"page","link":"https:\/\/sites.ifi.unicamp.br\/lpd\/people\/","title":{"rendered":"People"},"content":{"rendered":"<p><\/p>\n<table style=\"width: 100%;border-collapse: collapse\" border=\"0\">\n<tbody>\n<tr>\n<td style=\"width: 50%\">ngg_shortcode_0_placeholder<\/td>\n<\/tr>\n<tr>\n<td style=\"width: 50%;text-align: center\">Chill out time&#8230;<\/td>\n<\/tr>\n<\/tbody>\n<\/table>\n<h3><strong>Professors<\/strong><\/h3>\n<hr>\n<h4>&nbsp;<\/h4>\n<table style=\"height: 523px;width: 100%;border-collapse: collapse\" border=\"0\">\n<tbody>\n<tr style=\"height: 39px\">\n<td style=\"width: 18.133333333333333%;height: 53px\"><img decoding=\"async\" class=\"ngg-singlepic ngg-none alignleft\" src=\"\/lpd\/wp-content\/blogs.dir\/41\/files\/people\/thumbs\/thumbs_image18.jpg\" alt=\"\"><\/td>\n<td style=\"width: 81.86666666666667%;height: 53px\">Prof. Newton Frateschi<\/td>\n<\/tr>\n<tr style=\"height: 100px\">\n<td style=\"width: 18.133333333333333%;height: 100px\"><a href=\"https:\/\/sites.ifi.unicamp.br\/lpd\/people\/thiago-alegre\/\"><img loading=\"lazy\" decoding=\"async\" class=\"aligncenter wp-image-1409 \" src=\"https:\/\/sites.ifi.unicamp.br\/lpd\/files\/2020\/07\/Regular_square-300x300.png\" alt=\"\" width=\"100\" height=\"100\" srcset=\"https:\/\/sites.ifi.unicamp.br\/lpd\/files\/2020\/07\/Regular_square-300x300.png 300w, https:\/\/sites.ifi.unicamp.br\/lpd\/files\/2020\/07\/Regular_square-150x150.png 150w, https:\/\/sites.ifi.unicamp.br\/lpd\/files\/2020\/07\/Regular_square.png 600w\" sizes=\"auto, (max-width: 100px) 100vw, 100px\" \/><\/a><\/td>\n<td style=\"width: 81.86666666666667%;height: 100px\"><a href=\"https:\/\/sites.ifi.unicamp.br\/lpd\/people\/thiago-alegre\/\">Prof. Thiago Alegre<\/a><\/td>\n<\/tr>\n<tr style=\"height: 92px\">\n<td style=\"width: 18.133333333333333%;height: 92px\"><img decoding=\"async\" class=\"ngg-singlepic ngg-none\" src=\"\/lpd\/wp-content\/blogs.dir\/41\/files\/people\/thumbs\/thumbs_image28.jpg\" alt=\"\"><\/td>\n<td style=\"width: 81.86666666666667%;height: 92px\">Prof. Gustavo Wiederhecker<\/td>\n<\/tr>\n<tr style=\"height: 139px\">\n<td style=\"width: 18.133333333333333%;height: 139px\"><img loading=\"lazy\" decoding=\"async\" class=\"alignleft wp-image-1051\" src=\"https:\/\/sites.ifi.unicamp.br\/lpd\/files\/2012\/10\/photo.jpg\" alt=\"\" width=\"90\" height=\"90\" srcset=\"https:\/\/sites.ifi.unicamp.br\/lpd\/files\/2012\/10\/photo.jpg 128w, https:\/\/sites.ifi.unicamp.br\/lpd\/files\/2012\/10\/photo-96x96.jpg 96w, https:\/\/sites.ifi.unicamp.br\/lpd\/files\/2012\/10\/photo-24x24.jpg 24w, https:\/\/sites.ifi.unicamp.br\/lpd\/files\/2012\/10\/photo-36x36.jpg 36w, https:\/\/sites.ifi.unicamp.br\/lpd\/files\/2012\/10\/photo-48x48.jpg 48w, https:\/\/sites.ifi.unicamp.br\/lpd\/files\/2012\/10\/photo-64x64.jpg 64w\" sizes=\"auto, (max-width: 90px) 100vw, 90px\" \/><\/td>\n<td style=\"width: 81.86666666666667%;height: 139px\">Prof. Felippe Barbosa<\/td>\n<\/tr>\n<tr style=\"height: 139px\">\n<td style=\"width: 18.133333333333333%;height: 139px\"><a href=\"https:\/\/sites.ifi.unicamp.br\/lpd\/files\/2018\/06\/pierre_png.png\"><img loading=\"lazy\" decoding=\"async\" class=\"alignleft wp-image-1147\" src=\"https:\/\/sites.ifi.unicamp.br\/lpd\/files\/2018\/06\/pierre_png.png\" alt=\"\" width=\"91\" height=\"89\" srcset=\"https:\/\/sites.ifi.unicamp.br\/lpd\/files\/2018\/06\/pierre_png.png 486w, https:\/\/sites.ifi.unicamp.br\/lpd\/files\/2018\/06\/pierre_png-300x296.png 300w\" sizes=\"auto, (max-width: 91px) 100vw, 91px\" \/><\/a><\/td>\n<td style=\"width: 81.86666666666667%;height: 139px\">Prof. Pierre Louis<\/td>\n<\/tr>\n<\/tbody>\n<\/table>\n<h3><strong>Staff<\/strong><\/h3>\n<hr>\n<table style=\"width: 100%;border-collapse: collapse\" border=\"0\">\n<tbody>\n<tr>\n<td style=\"width: 18.666666666666664%\"><a title=\"Ant\u00f4nio Augusto von Zuben\" href=\"https:\/\/sites.ifi.unicamp.br\/lpd\/people\/antonio-von-zuben\/\"><img decoding=\"async\" class=\"ngg-singlepic ngg-none\" src=\"\/lpd\/wp-content\/blogs.dir\/41\/files\/people\/thumbs\/thumbs_image21.jpg\" alt=\"\"><\/a><\/td>\n<td style=\"width: 81.33333333333334%\">Ant\u00f4nio von Zuben<\/td>\n<\/tr>\n<\/tbody>\n<\/table>\n<h3><strong>Postdocs<\/strong><\/h3>\n<hr>\n<p>\u200b<\/p>\n<table style=\"width: 100%;border-collapse: collapse\" border=\"0\">\n<tbody>\n<tr>\n<td style=\"width: 18.666666666666664%\">&nbsp;<a class=\"shutterset_\" title=\" \" href=\"https:\/\/sites.ifi.unicamp.br\/lpd\/wp-content\/blogs.dir\/41\/files\/people\/IMG_20160816_133558667.jpg\"><img decoding=\"async\" class=\"ngg-singlepic ngg-none\" src=\"https:\/\/sites.ifi.unicamp.br\/lpd\/wp-content\/blogs.dir\/41\/files\/people\/thumbs\/thumbs_IMG_20160816_133558667.jpg\" alt=\"IMG_20160816_133558667\"><\/a><\/td>\n<td style=\"width: 81.33333333333334%\">Emerson Gon\u00e7alves de Melo<\/td>\n<\/tr>\n<tr>\n<td style=\"width: 18.666666666666664%\"><a href=\"https:\/\/sites.ifi.unicamp.br\/lpd\/files\/2018\/06\/natalia_Carvalho.png\"><img loading=\"lazy\" decoding=\"async\" class=\"alignleft wp-image-1152\" src=\"https:\/\/sites.ifi.unicamp.br\/lpd\/files\/2018\/06\/natalia_Carvalho.png\" alt=\"\" width=\"102\" height=\"117\"><\/a><\/td>\n<td style=\"width: 81.33333333333334%\">Nat\u00e1lia Carvalho<\/td>\n<\/tr>\n<\/tbody>\n<\/table>\n<h3><strong>Students<\/strong><\/h3>\n<hr>\n<table style=\"width: 100%;border-collapse: collapse\" border=\"0\">\n<tbody>\n<tr>\n<td style=\"width: 139.828125px\"><a href=\"https:\/\/sites.ifi.unicamp.br\/lpd\/files\/2018\/06\/ana_luisa.png\"><img loading=\"lazy\" decoding=\"async\" class=\"alignleft wp-image-1149\" src=\"https:\/\/sites.ifi.unicamp.br\/lpd\/files\/2018\/06\/ana_luisa.png\" alt=\"\" width=\"101\" height=\"79\" srcset=\"https:\/\/sites.ifi.unicamp.br\/lpd\/files\/2018\/06\/ana_luisa.png 380w, https:\/\/sites.ifi.unicamp.br\/lpd\/files\/2018\/06\/ana_luisa-300x234.png 300w\" sizes=\"auto, (max-width: 101px) 100vw, 101px\" \/><\/a><\/td>\n<td style=\"width: 609.1875px\">Ana Luisa Ribeiro &#8211; Msc. student<\/td>\n<\/tr>\n<tr>\n<td style=\"width: 139.828125px\"><a href=\".\/lpd\/lais-fuji\"><img decoding=\"async\" class=\"ngg-singlepic ngg-none\" src=\"\/lpd\/wp-content\/blogs.dir\/41\/files\/people\/thumbs\/thumbs_image29.png\" alt=\"\"><\/a><\/td>\n<td style=\"width: 609.1875px\">La\u00eds Fujii &#8211; PhD candidate<\/td>\n<\/tr>\n<tr>\n<td style=\"width: 139.828125px\"><a class=\"shutterset_\" title=\" \" href=\"https:\/\/sites.ifi.unicamp.br\/lpd\/wp-content\/blogs.dir\/41\/files\/people\/acue.png\"><img decoding=\"async\" class=\"ngg-singlepic ngg-none\" src=\"https:\/\/sites.ifi.unicamp.br\/lpd\/wp-content\/blogs.dir\/41\/files\/people\/thumbs\/thumbs_acue.png\" alt=\"Cau\u00ea\"><\/a><\/td>\n<td style=\"width: 609.1875px\">Cau\u00ea Kersul &#8211; MsC student<\/td>\n<\/tr>\n<tr>\n<td style=\"width: 139.828125px\"><img decoding=\"async\" class=\"ngg-singlepic ngg-none\" src=\"https:\/\/sites.ifi.unicamp.br\/lpd\/wp-content\/blogs.dir\/41\/files\/people\/thumbs\/thumbs_Guilherme.jpg\" alt=\"Guilherme\"><\/td>\n<td style=\"width: 609.1875px\">Guilherme Rezende &#8211; PhD candidate<\/td>\n<\/tr>\n<tr>\n<td style=\"width: 139.828125px\"><img decoding=\"async\" class=\"ngg-singlepic ngg-none\" src=\"\/lpd\/wp-content\/blogs.dir\/41\/files\/people\/thumbs\/thumbs_image20.jpg\" alt=\"\"><\/td>\n<td style=\"width: 609.1875px\">Paulo Jarschel- PhD candidate<\/td>\n<\/tr>\n<tr>\n<td style=\"width: 139.828125px\"><img decoding=\"async\" class=\"ngg-singlepic ngg-none\" src=\"https:\/\/sites.ifi.unicamp.br\/lpd\/wp-content\/blogs.dir\/41\/files\/people\/thumbs\/thumbs_IMG_20140905_195616-1.jpg\" alt=\"IMG_20140905_195616-1\"><\/td>\n<td style=\"width: 609.1875px\">Jorge H. Soares &#8211; MsC student<\/td>\n<\/tr>\n<tr>\n<td style=\"width: 139.828125px\"><a class=\"shutterset_\" title=\"Rodrigo Benevides\" href=\"https:\/\/sites.ifi.unicamp.br\/lpd\/en\/people\/rodrigo-benevides\/\"><img decoding=\"async\" class=\"ngg-singlepic ngg-none\" src=\"https:\/\/sites.ifi.unicamp.br\/lpd\/wp-content\/blogs.dir\/41\/files\/people\/thumbs\/thumbs_Rodrigo.jpg\" alt=\"Rodrigo\"><\/a><\/td>\n<td style=\"width: 609.1875px\">Rodrigo Benevides &#8211; PhD Candidate<\/td>\n<\/tr>\n<tr>\n<td style=\"width: 139.828125px\"><img decoding=\"async\" class=\"ngg-singlepic ngg-none\" src=\"https:\/\/sites.ifi.unicamp.br\/lpd\/wp-content\/blogs.dir\/41\/files\/people\/thumbs\/thumbs_Sem-t\u00edtulo.png\" alt=\"andre-moras\"><\/td>\n<td style=\"width: 609.1875px\">Andr\u00e9 Moras &#8211; PhD candidate<\/td>\n<\/tr>\n<tr>\n<td style=\"width: 139.828125px\"><a href=\"https:\/\/sites.ifi.unicamp.br\/lpd\/files\/2018\/06\/marvyn.png\"><img loading=\"lazy\" decoding=\"async\" class=\"alignleft wp-image-1151\" src=\"https:\/\/sites.ifi.unicamp.br\/lpd\/files\/2018\/06\/marvyn.png\" alt=\"\" width=\"105\" height=\"79\" srcset=\"https:\/\/sites.ifi.unicamp.br\/lpd\/files\/2018\/06\/marvyn.png 378w, https:\/\/sites.ifi.unicamp.br\/lpd\/files\/2018\/06\/marvyn-300x225.png 300w\" sizes=\"auto, (max-width: 105px) 100vw, 105px\" \/><\/a><\/td>\n<td style=\"width: 609.1875px\">Marvyn Inga &#8211; PhD candidate<\/td>\n<\/tr>\n<tr>\n<td style=\"width: 139.828125px\"><a class=\"shutterset_\" title=\" \" href=\"https:\/\/sites.ifi.unicamp.br\/lpd\/wp-content\/blogs.dir\/41\/files\/people\/andre_primo.png\"><img decoding=\"async\" class=\"ngg-singlepic ngg-none\" src=\"https:\/\/sites.ifi.unicamp.br\/lpd\/wp-content\/blogs.dir\/41\/files\/people\/thumbs\/thumbs_andre_primo.png\" alt=\"andre_primo\"><\/a><\/td>\n<td style=\"width: 609.1875px\">Andr\u00e9 Primo &#8211; PhD candidate<\/td>\n<\/tr>\n<tr>\n<td style=\"width: 139.828125px\"><a class=\"shutterset_\" title=\" \" href=\"https:\/\/sites.ifi.unicamp.br\/lpd\/wp-content\/blogs.dir\/41\/files\/people\/caique.png\"><img decoding=\"async\" class=\"ngg-singlepic ngg-none\" src=\"https:\/\/sites.ifi.unicamp.br\/lpd\/wp-content\/blogs.dir\/41\/files\/people\/thumbs\/thumbs_caique.png\" alt=\"caique\"><\/a><\/td>\n<td style=\"width: 609.1875px\">Caique Conde &#8211; PhD candidate<\/td>\n<\/tr>\n<tr>\n<td style=\"width: 139.828125px\"><a class=\"shutterset_\" title=\" \" href=\"https:\/\/sites.ifi.unicamp.br\/lpd\/wp-content\/blogs.dir\/41\/files\/people\/bellec.png\"><img decoding=\"async\" class=\"ngg-singlepic ngg-none\" src=\"https:\/\/sites.ifi.unicamp.br\/lpd\/wp-content\/blogs.dir\/41\/files\/people\/thumbs\/thumbs_bellec.png\" alt=\"bellec\"><\/a><\/td>\n<td style=\"width: 609.1875px\">David Bellec &#8211; Undergraduate internship<\/td>\n<\/tr>\n<\/tbody>\n<\/table>\n<p>&nbsp;<\/p>\n<h3><strong>Alumni<\/strong><\/h3>\n<hr>\n<ol>\n<li><span style=\"font-size: 10pt\"><strong>Louise Trivizol<\/strong>&nbsp;(UG)- Joined her second undergraduate at Physics education<\/span><\/li>\n<li><span style=\"font-size: 10pt\"><strong>D\u00e9bora Princepe (UG,PhD) &#8211; Posdoctoral<\/strong> researcher at Marcus Aguiar&#8217;s group at &nbsp;Unicamp, Campinas<\/span><\/li>\n<li><span style=\"font-size: 10pt\"><strong>Yovanny Espinel (PhD) &#8211; Posdoctoral<\/strong> researcher at &nbsp; Unicamp, Campinas<\/span><\/li>\n<li><span style=\"font-size: 10pt\"><b>Mario Souza ( PhD)<\/b>\u2013 Researcher at a Stealth-mode startup in the Bay Area, California;<\/span><\/li>\n<li><span style=\"font-size: 10pt\"><b>Gustavo Luiz (MsC, PhD)<\/b>\u2013 now a post-doc at Paul Barclay&#8217;s group in Calgary\/Alberta;<\/span><\/li>\n<li><span style=\"font-size: 10pt\"><b>Luis Barea (UG,MsC,PhD)<\/b>\u2013Assistant Professor at UFSCAR, S\u00e3o Carlos, Brazil;<\/span><\/li>\n<li><span style=\"font-size: 10pt\"><b>Felipe Santos (PhD)<\/b>\u2013 Data Scientist at SERASA\/Experian;<\/span><\/li>\n<li style=\"text-align: justify\"><span style=\"font-size: 10pt\"><strong>Felipe Vallini<\/strong>&nbsp;(UG,MSC,PhD)\u2013 Researcher at Intel Oregon;<\/span><\/li>\n<li><span style=\"font-size: 10pt\"><strong>Carlos Gois<\/strong>&nbsp;(UG)\u2013undergraduate student at Unicamp;<\/span><\/li>\n<li><span style=\"font-size: 10pt\"><strong>Natasha Tomm<\/strong>&nbsp;(UG)\u2013 PhD candidate ETH Zurich;<\/span><\/li>\n<li style=\"text-align: justify\"><span style=\"font-size: 10pt\"><strong>Adenir da Silva Filho<\/strong> \u2013 now an assistant at the Laboratory of Optronics and Sensors (LOS) at the <a href=\"http:\/\/www.ctex.eb.br\/\">Army Technological Center (CTEx)<\/a>, Rio de Janeiro, RJ \u2013 Brasil;<\/span><\/li>\n<li style=\"text-align: justify\"><span style=\"font-size: 10pt\"><strong>David da Silva Leocadio Figueira<\/strong> \u2013 Founder and CEO of a LAMAS brewshop, Campinas, SP \u2013 Brasil;<\/span><\/li>\n<li style=\"text-align: justify\"><span style=\"font-size: 10pt\"><strong>Segundo Nilo Mestanza Mu\u00f1oz<\/strong> \u2013 Associate professor at the <a href=\"http:\/\/www.ufabc.edu.br\/\">ABC Federal University (UFABC)<\/a>, Santo Andre, SP \u2013 Brasil;<\/span><\/li>\n<li style=\"text-align: justify\"><span style=\"font-size: 10pt\"><strong>Maria Priscila Pessanha de Castro<\/strong> \u2013 Associate professor at <a href=\"http:\/\/www.uenf.br\/portal\/index.php\/br\/\">UENF<\/a>, RJ \u2013 Brasil;<\/span><\/li>\n<li style=\"text-align: justify\"><span style=\"font-size: 10pt\"><strong>Rossano Lang<\/strong>&nbsp;(Posdoc)\u2013 Associate professor at the <a href=\"http:\/\/www.sjc.unifesp.br\/portal\/\">Institute of Science and Technology of UNIFESP<\/a>, S\u00e3o Jos\u00e9 dos Campos, SP \u2013 Brasil;<\/span><\/li>\n<li style=\"text-align: justify\"><span style=\"font-size: 10pt\"><strong>Rodrigo Cardoso Leon (UG)<\/strong> \u2013 undergraduate student in the <a href=\"http:\/\/portal.ifi.unicamp.br\/\">Institute of Physics Gleb Wataghin (IFGW)<\/a> at UNICAMP, Campinas, SP \u2013 Brasil;<\/span><\/li>\n<li style=\"text-align: justify\"><span style=\"font-size: 10pt\"><strong>Arthur Vieira de Oliveira<\/strong> \u2013 now a master student in the <a href=\"http:\/\/www.fem.unicamp.br\/\">Faculty of Mechanical Engineering (FEM)<\/a> at UNICAMP, Campinas, SP \u2013 Brasil;<\/span><\/li>\n<li style=\"text-align: justify\"><span style=\"font-size: 10pt\"><strong>Aeliton Fernando de Souza<\/strong> \u2013 undergraduate student in the <a href=\"http:\/\/portal.ifi.unicamp.br\/\">Institute of Physics Gleb Wataghin (IFGW)<\/a> at UNICAMP, Campinas, SP \u2013 Brasil;<\/span><\/li>\n<li style=\"text-align: justify\"><span style=\"font-size: 10pt\"><strong>Elohin Fonseca dos Reis<\/strong> \u2013 now a master student in the <a href=\"http:\/\/portal.ifi.unicamp.br\/\">Institute of Physics Gleb Wataghin (IFGW)<\/a> at UNICAMP, Campinas, SP \u2013 Brasil;<\/span><\/li>\n<li style=\"text-align: justify\"><span style=\"font-size: 10pt\"><strong>Julio Cezar Bertin<\/strong> \u2013 now an engineer at Prysmian Telecomunicac\u00f5es Cabos e Sistemas do Brasil, Sorocaba, SP \u2013 Brasil;<\/span><\/li>\n<li style=\"text-align: justify\"><span style=\"font-size: 10pt\"><strong>Tacita Ansanello Ramos<\/strong> \u2013 now a government employee at Secretaria de Estado da Educa\u00e7\u00e3o de S\u00e3o Paulo, SEE-SP, Brasil;<\/span><\/li>\n<li style=\"text-align: justify\"><span style=\"font-size: 10pt\"><strong>Denise Basso Nakabayashi<\/strong> \u2013 now a post-doc in the <a href=\"http:\/\/www.if.sc.usp.br\/english\/\">Institute of Physics of S\u00e3o Carlos (IFSC)<\/a> at USP, S\u00e3o Carlos, SP \u2013 Brasil;<\/span><\/li>\n<li style=\"text-align: justify\"><span style=\"font-size: 10pt\"><strong>Rodrigo Andr\u00e9 Caetano<\/strong> \u2013 now an associate professor at the <a href=\"http:\/\/fisica.ufpr.br\/\">Phisics department of UFPR<\/a>, Curitiba, PR \u2013 Brasil;<\/span><\/li>\n<li style=\"text-align: justify\"><span style=\"font-size: 10pt\"><strong>Gilliard Nardel Malheiros Silveira<\/strong> \u2013 now a PhD student in the <a href=\"http:\/\/www.fee.unicamp.br\/\">School of Electrical and Computer Engineering (FEEC)<\/a> at UNICAMP, Campinas, SP \u2013 Brasil;<\/span><\/li>\n<\/ol>\n<h3>&nbsp;<\/h3>\n<h3><strong>LPD Discussion List<\/strong><\/h3>\n<hr>\n<p>To subscribe&nbsp;access:&nbsp;<a href=\"http:\/\/listas.ifi.unicamp.br\/cgi-bin\/mailman\/listinfo\/nanophoton-l\">http:\/\/listas.ifi.unicamp.br\/cgi-bin\/mailman\/listinfo\/nanophoton-l<\/a>. Subscription will be analyzed by the lists&#8217; managers.<\/p>\n<h3>&nbsp;<\/h3>\n<p><\/p>","protected":false},"excerpt":{"rendered":"<p>&#8221; order_by=&#8221;sortorder&#8221; order_direction=&#8221;ASC&#8221; returns=&#8221;included&#8221; maximum_entity_count=&#8221;500&#8243;] Chill out time&#8230; Professors &nbsp; Prof. Newton Frateschi Prof. Thiago Alegre Prof. Gustavo Wiederhecker Prof. Felippe Barbosa Prof. Pierre Louis Staff Ant\u00f4nio von Zuben Postdocs \u200b &nbsp; Emerson Gon\u00e7alves de Melo Nat\u00e1lia Carvalho Students Ana Luisa Ribeiro &#8211; Msc. student La\u00eds Fujii &#8211; PhD candidate Cau\u00ea Kersul &#8211; MsC student &hellip; <\/p>\n<p><a class=\"more-link btn\" href=\"https:\/\/sites.ifi.unicamp.br\/lpd\/people\/\">Continue reading<\/a><\/p>\n","protected":false},"author":19,"featured_media":0,"parent":0,"menu_order":0,"comment_status":"closed","ping_status":"closed","template":"","meta":{"ngg_post_thumbnail":0,"footnotes":""},"class_list":["post-9","page","type-page","status-publish","hentry","nodate","item-wrap"],"_links":{"self":[{"href":"https:\/\/sites.ifi.unicamp.br\/lpd\/wp-json\/wp\/v2\/pages\/9","targetHints":{"allow":["GET"]}}],"collection":[{"href":"https:\/\/sites.ifi.unicamp.br\/lpd\/wp-json\/wp\/v2\/pages"}],"about":[{"href":"https:\/\/sites.ifi.unicamp.br\/lpd\/wp-json\/wp\/v2\/types\/page"}],"author":[{"embeddable":true,"href":"https:\/\/sites.ifi.unicamp.br\/lpd\/wp-json\/wp\/v2\/users\/19"}],"replies":[{"embeddable":true,"href":"https:\/\/sites.ifi.unicamp.br\/lpd\/wp-json\/wp\/v2\/comments?post=9"}],"version-history":[{"count":139,"href":"https:\/\/sites.ifi.unicamp.br\/lpd\/wp-json\/wp\/v2\/pages\/9\/revisions"}],"predecessor-version":[{"id":1412,"href":"https:\/\/sites.ifi.unicamp.br\/lpd\/wp-json\/wp\/v2\/pages\/9\/revisions\/1412"}],"wp:attachment":[{"href":"https:\/\/sites.ifi.unicamp.br\/lpd\/wp-json\/wp\/v2\/media?parent=9"}],"curies":[{"name":"wp","href":"https:\/\/api.w.org\/{rel}","templated":true}]}}