{"id":291,"date":"2018-09-22T20:18:57","date_gmt":"2018-09-22T23:18:57","guid":{"rendered":"https:\/\/sites.ifi.unicamp.br\/lpf\/?page_id=291"},"modified":"2018-09-26T10:03:14","modified_gmt":"2018-09-26T13:03:14","slug":"stm-scanning-tuneling-microscope","status":"publish","type":"page","link":"https:\/\/sites.ifi.unicamp.br\/lpf\/laboratorios\/stm-scanning-tuneling-microscope\/","title":{"rendered":"STM &#8211; Scanning Tuneling Microscope"},"content":{"rendered":"<p>A microscopia de varredura de tunelamento (STM)&nbsp; \u00e9 uma t\u00e9cnica de microscopia baseada no efeito t\u00fanel. Nessa t\u00e9cnica uma ponta atomicamente afiada \u00e9 aproximada de uma amostra s\u00f3lida e pela aplica\u00e7\u00e3o de uma diferen\u00e7a de potencial entre a amostra e a ponta \u00e9 gerada uma corrente de tunelamento entre ambas. Movendo-se a ponta sobre a superf\u00edcie da amostra e mantendo a corrente de tunelamento constante \u00e9 poss\u00edvel determinar a topografia da amostra com resolu\u00e7\u00e3o at\u00f4mica.<\/p>\n<p><a href=\"https:\/\/sites.ifi.unicamp.br\/zagonel\/files\/2015\/10\/STM1.png\"><img loading=\"lazy\" decoding=\"async\" class=\"size-medium wp-image-272 alignleft\" src=\"https:\/\/sites.ifi.unicamp.br\/zagonel\/files\/2015\/10\/STM1-300x209.png\" alt=\"STM1\" width=\"300\" height=\"209\"><\/a><\/p>\n<p>&nbsp;<\/p>\n<p>O movimento da ponta \u00e9 realizado variando-se a tens\u00e3o aplicada em cristais piezoel\u00e9tricos que s\u00e3o montados, por exemplo, na base da amostra, como mostra a figura. 4 cristais fazem os movimentos laterais (plano XY da amostra) e um quinto cristal piezoel\u00e9trico faz o movimento vertical. Nessa ilustra\u00e7\u00e3o a ponta permanece fixa e a amostra \u00e9 movimentada.<\/p>\n<p>&nbsp;<\/p>\n<p><a href=\"https:\/\/sites.ifi.unicamp.br\/zagonel\/files\/2015\/10\/STM2.png\"><img loading=\"lazy\" decoding=\"async\" class=\"size-medium wp-image-271 alignright\" src=\"https:\/\/sites.ifi.unicamp.br\/zagonel\/files\/2015\/10\/STM2-300x200.png\" alt=\"STM2\" width=\"300\" height=\"200\"><\/a>As imagens podem ser obtidas variando-se a altura da amostra (lembrado que a ponta \u00e9 fixa) para manter a dist\u00e2ncia entre o \u00e1pice da ponta e a superf\u00edcie da amostra constante. Assim, o movimento da amostra poder\u00e1 ser utilizado para reconstruir a topografia da superf\u00edcie. Dependendo das condi\u00e7\u00f5es, \u00e9 poss\u00edvel se obter at\u00e9 imagens de resolu\u00e7\u00e3o at\u00f4mica.<\/p>\n<p>&nbsp;<\/p>\n<p>Al\u00e9m disso, ajustando a tens\u00e3o entre a ponta e a amostra, \u00e9 poss\u00edvel injetar portadores de carga e gerar luminesc\u00eancia local. Ao se recuperar a luz emitida, \u00e9 poss\u00edvel estudar o espectro de luminesc\u00eancia local de amostras complexas.<\/p>\n<p>&nbsp;<\/p>\n<p><a href=\"https:\/\/sites.ifi.unicamp.br\/zagonel\/files\/2015\/10\/STM-L.png\"><img loading=\"lazy\" decoding=\"async\" class=\"size-medium wp-image-270 alignleft\" src=\"https:\/\/sites.ifi.unicamp.br\/zagonel\/files\/2015\/10\/STM-L-300x192.png\" alt=\"STM-L\" width=\"300\" height=\"192\"><\/a><\/p>\n<p>Na figura ao lado uma lente \u00e9 aproximada da regi\u00e3o entre a ponta e a amostra. Essa lente pode coletar a luz emitida pela amostra e, atrav\u00e9s de uma \u00f3tica de transfer\u00eancia, injetar a luz em um espectr\u00f4metro. Assim \u00e9 poss\u00edvel mapear a emiss\u00e3o de luz pela amostra com resolu\u00e7\u00e3o nanom\u00e9trica. Ao mesmo tempo, \u00e9 poss\u00edvel coletar espectros com resolu\u00e7\u00e3o espectral melhor que 1 nm no vis\u00edvel.<\/p>\n<p>&nbsp;<\/p>\n<p>Recentemente, um projeto foi aprovado para o desenvolvimento dessas atividades. Mais informa\u00e7\u00f5es ser\u00e3o disponibilizadas em breve. Veja mais informa\u00e7\u00f5es sobre o projeto no site da FAPESP seguindo&nbsp;<a href=\"http:\/\/www.bv.fapesp.br\/pt\/auxilios\/91012\/heteroestruturas-em-nanofios-semicondutores-emissores-de-luz-nanometricos-estudados-por-microscopia\/\">este link<\/a>.<\/p>\n<p>&nbsp;&nbsp;&nbsp;&nbsp;&nbsp;<a href=\"https:\/\/sites.ifi.unicamp.br\/zagonel\/files\/2018\/04\/IMG_1456.jpg\"><img loading=\"lazy\" decoding=\"async\" class=\"alignnone wp-image-448 size-large\" src=\"https:\/\/sites.ifi.unicamp.br\/zagonel\/files\/2018\/04\/IMG_1456-1024x683.jpg\" alt=\"\" width=\"750\" height=\"500\"><\/a><\/p>\n<p>Foto do Microsc\u00f3pio de Varredura de Tunelamento (STM) que opera em ultra alto v\u00e1cuo (UHV) e em baixas temperaturas (LT), atingindo abaixo de 12 K.<\/p>\n<p><a href=\"https:\/\/sites.ifi.unicamp.br\/zagonel\/files\/2018\/04\/IMG_1358.jpg\"><img loading=\"lazy\" decoding=\"async\" class=\"alignnone wp-image-452 size-medium\" src=\"https:\/\/sites.ifi.unicamp.br\/zagonel\/files\/2018\/04\/IMG_1358-300x200.jpg\" alt=\"\" width=\"300\" height=\"200\"><\/a>&nbsp;<a href=\"https:\/\/sites.ifi.unicamp.br\/zagonel\/files\/2018\/04\/IMG_1420.jpg\">&nbsp;&nbsp;&nbsp;<img loading=\"lazy\" decoding=\"async\" class=\"alignnone wp-image-453 size-medium\" src=\"https:\/\/sites.ifi.unicamp.br\/zagonel\/files\/2018\/04\/IMG_1420-300x200.jpg\" alt=\"\" width=\"300\" height=\"200\"><\/a><\/p>\n<p>Fotos o microsc\u00f3pio dentro do duplo escudo que faz a isola\u00e7\u00e3o t\u00e9rmica. Do lado direito est\u00e1 um suporte com v\u00e1rias amostras e do lado esquerdo um suporte com v\u00e1rias pontas.<\/p>\n<p><a href=\"https:\/\/sites.ifi.unicamp.br\/zagonel\/files\/2018\/04\/Si-111-7x7.png\"><img loading=\"lazy\" decoding=\"async\" class=\"alignnone wp-image-446 size-full\" src=\"https:\/\/sites.ifi.unicamp.br\/zagonel\/files\/2018\/04\/Si-111-7x7.png\" alt=\"\" width=\"483\" height=\"469\"><\/a><\/p>\n<p>Imagem da reconstru\u00e7\u00e3o 7&#215;7 da superf\u00edcie de sil\u00edcio 111, observada a baixa temperatura. As regi\u00f5es escuras tem relevo mais baixo que as mais claras. Cada regi\u00e3o redonda em tom claro corresponde a um \u00e1tomo individual.&nbsp;<\/p>\n<p>&nbsp;<\/p>","protected":false},"excerpt":{"rendered":"<p>A microscopia de varredura de tunelamento (STM)&nbsp; \u00e9 uma t\u00e9cnica de microscopia baseada no efeito t\u00fanel. Nessa t\u00e9cnica uma ponta atomicamente afiada \u00e9 aproximada de uma amostra s\u00f3lida e pela aplica\u00e7\u00e3o de uma diferen\u00e7a de potencial entre a amostra e a ponta \u00e9 gerada uma corrente de tunelamento entre ambas. Movendo-se a ponta sobre a &hellip; <\/p>\n<p><a class=\"more-link btn\" href=\"https:\/\/sites.ifi.unicamp.br\/lpf\/laboratorios\/stm-scanning-tuneling-microscope\/\">Continue lendo<\/a><\/p>\n","protected":false},"author":145,"featured_media":0,"parent":52,"menu_order":0,"comment_status":"closed","ping_status":"closed","template":"","meta":{"ngg_post_thumbnail":0,"footnotes":""},"class_list":["post-291","page","type-page","status-publish","hentry","nodate","item-wrap"],"_links":{"self":[{"href":"https:\/\/sites.ifi.unicamp.br\/lpf\/wp-json\/wp\/v2\/pages\/291","targetHints":{"allow":["GET"]}}],"collection":[{"href":"https:\/\/sites.ifi.unicamp.br\/lpf\/wp-json\/wp\/v2\/pages"}],"about":[{"href":"https:\/\/sites.ifi.unicamp.br\/lpf\/wp-json\/wp\/v2\/types\/page"}],"author":[{"embeddable":true,"href":"https:\/\/sites.ifi.unicamp.br\/lpf\/wp-json\/wp\/v2\/users\/145"}],"replies":[{"embeddable":true,"href":"https:\/\/sites.ifi.unicamp.br\/lpf\/wp-json\/wp\/v2\/comments?post=291"}],"version-history":[{"count":2,"href":"https:\/\/sites.ifi.unicamp.br\/lpf\/wp-json\/wp\/v2\/pages\/291\/revisions"}],"predecessor-version":[{"id":336,"href":"https:\/\/sites.ifi.unicamp.br\/lpf\/wp-json\/wp\/v2\/pages\/291\/revisions\/336"}],"up":[{"embeddable":true,"href":"https:\/\/sites.ifi.unicamp.br\/lpf\/wp-json\/wp\/v2\/pages\/52"}],"wp:attachment":[{"href":"https:\/\/sites.ifi.unicamp.br\/lpf\/wp-json\/wp\/v2\/media?parent=291"}],"curies":[{"name":"wp","href":"https:\/\/api.w.org\/{rel}","templated":true}]}}