{"id":51,"date":"2014-03-17T13:53:09","date_gmt":"2014-03-17T13:53:09","guid":{"rendered":"https:\/\/sites.ifi.unicamp.br\/modelogrupo\/?page_id=25"},"modified":"2018-09-05T13:11:07","modified_gmt":"2018-09-05T16:11:07","slug":"o-grupo","status":"publish","type":"page","link":"https:\/\/sites.ifi.unicamp.br\/lpf\/","title":{"rendered":"Sobre"},"content":{"rendered":"<p>O Laborat\u00f3rio de Pesquisas Fotovoltaicas possui basicamente tr\u00eas linhas de pesquisas: convers\u00e3o fotovoltaica (dispositivos que transformam energia luminosa em energia el\u00e9trica, como os pain\u00e9is solares), fot\u00f4nica (utiliza\u00e7\u00e3o da luz para transmiss\u00e3o de informa\u00e7\u00e3o, como nos dispositivos usados nas comunica\u00e7\u00f5es \u00f3pticas) e pesquisas sobre novos materiais para a ind\u00fastria metal-mec\u00e2nica.<\/p>","protected":false},"excerpt":{"rendered":"<p>O Laborat\u00f3rio de Pesquisas Fotovoltaicas possui basicamente tr\u00eas linhas de pesquisas: convers\u00e3o fotovoltaica (dispositivos que transformam energia luminosa em energia el\u00e9trica, como os pain\u00e9is solares), fot\u00f4nica (utiliza\u00e7\u00e3o da luz para transmiss\u00e3o de informa\u00e7\u00e3o, como nos dispositivos usados nas comunica\u00e7\u00f5es \u00f3pticas) e pesquisas sobre novos materiais para a ind\u00fastria metal-mec\u00e2nica.<\/p>\n","protected":false},"author":7,"featured_media":0,"parent":0,"menu_order":0,"comment_status":"open","ping_status":"open","template":"","meta":{"ngg_post_thumbnail":0,"footnotes":""},"class_list":["post-51","page","type-page","status-publish","hentry","nodate","item-wrap"],"_links":{"self":[{"href":"https:\/\/sites.ifi.unicamp.br\/lpf\/wp-json\/wp\/v2\/pages\/51","targetHints":{"allow":["GET"]}}],"collection":[{"href":"https:\/\/sites.ifi.unicamp.br\/lpf\/wp-json\/wp\/v2\/pages"}],"about":[{"href":"https:\/\/sites.ifi.unicamp.br\/lpf\/wp-json\/wp\/v2\/types\/page"}],"author":[{"embeddable":true,"href":"https:\/\/sites.ifi.unicamp.br\/lpf\/wp-json\/wp\/v2\/users\/7"}],"replies":[{"embeddable":true,"href":"https:\/\/sites.ifi.unicamp.br\/lpf\/wp-json\/wp\/v2\/comments?post=51"}],"version-history":[{"count":3,"href":"https:\/\/sites.ifi.unicamp.br\/lpf\/wp-json\/wp\/v2\/pages\/51\/revisions"}],"predecessor-version":[{"id":139,"href":"https:\/\/sites.ifi.unicamp.br\/lpf\/wp-json\/wp\/v2\/pages\/51\/revisions\/139"}],"wp:attachment":[{"href":"https:\/\/sites.ifi.unicamp.br\/lpf\/wp-json\/wp\/v2\/media?parent=51"}],"curies":[{"name":"wp","href":"https:\/\/api.w.org\/{rel}","templated":true}]}}