{"id":86,"date":"2013-12-06T12:24:32","date_gmt":"2013-12-06T12:24:32","guid":{"rendered":"https:\/\/sites.ifi.unicamp.br\/modelo\/?page_id=28"},"modified":"2016-08-15T01:21:13","modified_gmt":"2016-08-15T01:21:13","slug":"ensino","status":"publish","type":"page","link":"https:\/\/sites.ifi.unicamp.br\/mabernal\/ensino\/","title":{"rendered":"Ensino"},"content":{"rendered":"<p><strong>Cursos ministrados.<\/strong><\/p>\n<p>Instituto de F\u00edsica Gleb Wataghin. Universidade Estadual de Campinas. SP, Brazil. First semester\/2011. Physics of Radiology (<a title=\"F\u00edsica da Radiologia (F852)\" href=\"https:\/\/sites.ifi.unicamp.br\/mabernal\/fisica-da-radiologia-f852\/\">F852\/2014 <\/a>in Portuguese), Radiation interaction and detection (<a title=\"Intera\u00e7\u00e3o da Radia\u00e7\u00e3o e Detec\u00e7\u00e3o (F550)\" href=\"https:\/\/sites.ifi.unicamp.br\/mabernal\/interacao-da-radiacao-e-deteccao-f550\/\">F550\/2014<\/a>, in Portuguese), The Monte Carlo Method in Radiation Transport (<a title=\"(English) The Monte Carlo Method in Radiation Transport (FI227)\" href=\"https:\/\/sites.ifi.unicamp.br\/mabernal\/english-the-monte-carlo-method-in-radiation-transport-fi227\/\">FI227\/2015<\/a>, in English), F\u00edsica para Biologia (<a href=\"https:\/\/sites.ifi.unicamp.br\/mabernal\/ensino\/f-107-fisica-para-biologos\/\">F107<\/a>, in Portuguese), F\u00edsica da Radioterapia (<a href=\"https:\/\/sites.ifi.unicamp.br\/mabernal\/ensino\/fisica-da-radioterapia-f-854\/\">F854<\/a>, in Portuguese)<\/p>\n<p>Laborat\u00f3rio de Ci\u00eancias Radiol\u00f3gicas (LCR). Universidade do Estado do Rio de Janeiro. Rio de Janeiro, Brazil. February, 2010-January,2011. Taught course: Postgraduate course on Monte Carlo in Radiation Transport (MCRT, in Portuguese).<\/p>\n<p>Professor of Physics, Department of Physics, Simon Bolivar University, Caracas, Venezuela. September, 2007-February, 2011. Taught courses: Basic courses on Mechanics (FS1111,FS1112), Electricity and Magnetism (FS2211, FS2212), Thermodynamics (FS1112) and Nuclear Physics (FS5511). Postgraduate course on Monte Carlo in Radiation Transport.<\/p>\n<p>School of Physics, Central University of Venezuela. 2006-2007. Taught courses: Waves and Optic, Monte Carlo in Medical Physics, Radiation Therapy Physics.<\/p>\n<p>Academic Assistant, Department of Physics, Simon Bolivar University, Caracas, Venezuela. September 30th, 2002-September 15th, 2006.Taught courses: Mechanics (FS1111,FS1112), Electromagnetism (FS2211, FS2212), Physics Labs.<\/p>\n<p>Invited professor. MSc in Medical Physics program at the Venezuelan Institute for Scientific Research. 2003.Taught course: Radiation Therapy Physics.<\/p>\n<p><strong>Supervis\u00e3o de estudantes.<\/strong><\/p>\n<p>&nbsp;<\/p>\n<p>Doutorado<\/p>\n<ul>\n<li>Rodrigo Seraide. UNICAMP. 2014- . Em andamento.<\/li>\n<li>Liset de la Fuente. UNICAMP. 2014- . Em andamento.<\/li>\n<\/ul>\n<p>Mestrado<\/p>\n<ul>\n<li>Felix Pino. MSc em F\u00edsica. Universidad Sim\u00f3n Bol\u00edvar. 2009-2011. Conclu\u00eddo.<\/li>\n<li>Eder Aguirre. MSc em F\u00edsica. UNICAMP. 2014- Em andamento.<\/li>\n<li>John Tello. MSc em F\u00edsica. UNICAMP. 2014- Em andamento.<\/li>\n<\/ul>\n<p>Inicia\u00e7\u00e3o Cient\u00edfica<\/p>\n<ul>\n<li>Camilla Sampaio. Universidade do Estado do Rio de Janeiro. 2010. Conclu\u00eddo.<\/li>\n<li>Felipe Cavalcante.\u00a0UNICAMP, 2012. Conclu\u00eddo.<\/li>\n<li>D\u00e9borah Sikansi. UNICAMP, 2012. Conclu\u00eddo.<\/li>\n<li>Rodrigo Haeitmann. UNICAMP, 2014. Conclu\u00eddo.<\/li>\n<li>Rafael Silveira. UNICAMP, 2014- . Em andamento.<\/li>\n<\/ul>\n<p><\/p>\n<!-- AddThis Advanced Settings generic via filter on the_content --><!-- AddThis Share Buttons generic via filter on the_content -->","protected":false},"excerpt":{"rendered":"<p>Cursos ministrados. Instituto de F\u00edsica Gleb Wataghin. Universidade Estadual de Campinas. SP, Brazil. First semester\/2011. Physics of Radiology (F852\/2014 in Portuguese), Radiation interaction and detection (F550\/2014, in Portuguese), The Monte Carlo Method in Radiation Transport (FI227\/2015, in English), F\u00edsica para Biologia (F107, in Portuguese), F\u00edsica da Radioterapia (F854, in Portuguese) Laborat\u00f3rio de Ci\u00eancias Radiol\u00f3gicas (LCR). &hellip; <\/p>\n<p><a class=\"more-link btn\" href=\"https:\/\/sites.ifi.unicamp.br\/mabernal\/ensino\/\">Continue lendo<\/a><!-- AddThis Advanced Settings generic via filter on get_the_excerpt --><!-- AddThis Share Buttons generic via filter on get_the_excerpt --><\/p>\n","protected":false},"author":74,"featured_media":0,"parent":0,"menu_order":2,"comment_status":"open","ping_status":"closed","template":"","meta":{"ngg_post_thumbnail":0,"footnotes":""},"class_list":["post-86","page","type-page","status-publish","hentry","nodate","item-wrap"],"_links":{"self":[{"href":"https:\/\/sites.ifi.unicamp.br\/mabernal\/wp-json\/wp\/v2\/pages\/86","targetHints":{"allow":["GET"]}}],"collection":[{"href":"https:\/\/sites.ifi.unicamp.br\/mabernal\/wp-json\/wp\/v2\/pages"}],"about":[{"href":"https:\/\/sites.ifi.unicamp.br\/mabernal\/wp-json\/wp\/v2\/types\/page"}],"author":[{"embeddable":true,"href":"https:\/\/sites.ifi.unicamp.br\/mabernal\/wp-json\/wp\/v2\/users\/74"}],"replies":[{"embeddable":true,"href":"https:\/\/sites.ifi.unicamp.br\/mabernal\/wp-json\/wp\/v2\/comments?post=86"}],"version-history":[{"count":12,"href":"https:\/\/sites.ifi.unicamp.br\/mabernal\/wp-json\/wp\/v2\/pages\/86\/revisions"}],"predecessor-version":[{"id":396,"href":"https:\/\/sites.ifi.unicamp.br\/mabernal\/wp-json\/wp\/v2\/pages\/86\/revisions\/396"}],"wp:attachment":[{"href":"https:\/\/sites.ifi.unicamp.br\/mabernal\/wp-json\/wp\/v2\/media?parent=86"}],"curies":[{"name":"wp","href":"https:\/\/api.w.org\/{rel}","templated":true}]}}