{"id":95,"date":"2014-01-06T16:08:16","date_gmt":"2014-01-06T16:08:16","guid":{"rendered":"https:\/\/sites.ifi.unicamp.br\/modelodocente\/?page_id=77"},"modified":"2024-11-24T14:47:29","modified_gmt":"2024-11-24T17:47:29","slug":"quem-sou","status":"publish","type":"page","link":"https:\/\/sites.ifi.unicamp.br\/machado\/","title":{"rendered":"Quem sou"},"content":{"rendered":"<p><img loading=\"lazy\" decoding=\"async\" class=\"alignnone wp-image-134 \" src=\"https:\/\/sites.ifi.unicamp.br\/machado\/files\/2024\/11\/20241016_130241-scaled-e1732467020427-254x300.jpg\" alt=\"\" width=\"156\" height=\"184\" srcset=\"https:\/\/sites.ifi.unicamp.br\/machado\/files\/2024\/11\/20241016_130241-scaled-e1732467020427-254x300.jpg 254w, https:\/\/sites.ifi.unicamp.br\/machado\/files\/2024\/11\/20241016_130241-scaled-e1732467020427-865x1024.jpg 865w, https:\/\/sites.ifi.unicamp.br\/machado\/files\/2024\/11\/20241016_130241-scaled-e1732467020427-768x909.jpg 768w, https:\/\/sites.ifi.unicamp.br\/machado\/files\/2024\/11\/20241016_130241-scaled-e1732467020427-1298x1536.jpg 1298w, https:\/\/sites.ifi.unicamp.br\/machado\/files\/2024\/11\/20241016_130241-scaled-e1732467020427-1731x2048.jpg 1731w, https:\/\/sites.ifi.unicamp.br\/machado\/files\/2024\/11\/20241016_130241-scaled-e1732467020427-750x888.jpg 750w, https:\/\/sites.ifi.unicamp.br\/machado\/files\/2024\/11\/20241016_130241-scaled-e1732467020427.jpg 1745w\" sizes=\"auto, (max-width: 156px) 100vw, 156px\" \/><\/p>\n<p>Ana Am\u00e9lia Bergamini Machado \u00e9 professora do Instituto de F\u00edsica Gleb Wataghin da UNICAMP.&nbsp; Trabalha na \u00e1rea de f\u00edsica de part\u00edculas, mais especificamente em instrumenta\u00e7\u00e3o cientifica na constru\u00e7\u00e3o de detectores de part\u00edculas. Sua forma\u00e7\u00e3o&nbsp; acad\u00eamica&nbsp; \u00e9 abrangente compreendendo desde no\u00e7\u00f5es de astronomia, teoria de campos, fisica experimental hadr\u00f4nica em experimento de alvo fixo, fisica experimental de neutrinos e dark matter. Obteve seu doutorado no Centro Brasileiro de Pesquisas F\u00edsicas (CBPF) e trabalhou em importantes institui\u00e7\u00f5es de pesquisa internacionais, como o Laboratori Nazionali del Gran Sasso, na It\u00e1lia, e o Max Planck Institute de Heidelberg na Alemanha.<\/p>\n<p>Suas contribui\u00e7\u00f5es de pesquisa s\u00e3o not\u00e1veis no desenvolvimento de sistemas avan\u00e7ados de f\u00f3ton detec\u00e7\u00e3o para f\u00edsica de neutrinos, com foco em detectores do tipo camera de proje\u00e7\u00e3o temporal em arg\u00f4nio liquido (LArTPC), al\u00e9m de detectores que usam liquido cintilador e detectores de estado solido.<\/p>\n<p>Juntamente com seu colaborador Ettore Segreto, ela co-inventou o dispositivo &#8220;Arapuca&#8221;, um detector de f\u00f3tons utilizado em experimentos de grande escala como o DUNE. Essa inova\u00e7\u00e3o foi reconhecida com o prestigioso Pr\u00eamio de Instrumenta\u00e7\u00e3o para Carreiras Iniciais da American Physical Society, em 2019\u200b.<\/p>\n<p>Participa atualmente dos experimentos de oscila\u00e7\u00e3o de neutrinos a longo e curto alcance: DUNE e SBND no Fermilab e protoDUNE no CERN. Faz parte tamb\u00e9m dos projetos PULArC, projeto destinado \u00e0 purifica\u00e7\u00e3o de arg\u00f4nio liquido e C-ARAPUCA que pretende utilizar a tecnologia ARAPUCA para detectar f\u00f3tons Cerenkov produzidos pela passagem de raios c\u00f3smicos em \u00e1gua.<\/p>","protected":false},"excerpt":{"rendered":"<p>Ana Am\u00e9lia Bergamini Machado \u00e9 professora do Instituto de F\u00edsica Gleb Wataghin da UNICAMP.&nbsp; Trabalha na \u00e1rea de f\u00edsica de part\u00edculas, mais especificamente em instrumenta\u00e7\u00e3o cientifica na constru\u00e7\u00e3o de detectores de part\u00edculas. Sua forma\u00e7\u00e3o&nbsp; acad\u00eamica&nbsp; \u00e9 abrangente compreendendo desde no\u00e7\u00f5es de astronomia, teoria de campos, fisica experimental hadr\u00f4nica em experimento de alvo fixo, fisica experimental &hellip; <\/p>\n<p><a class=\"more-link btn\" href=\"https:\/\/sites.ifi.unicamp.br\/machado\/\">Continue lendo<\/a><\/p>\n","protected":false},"author":7,"featured_media":0,"parent":0,"menu_order":0,"comment_status":"closed","ping_status":"closed","template":"","meta":{"ngg_post_thumbnail":0,"footnotes":""},"class_list":["post-95","page","type-page","status-publish","hentry","nodate","item-wrap"],"_links":{"self":[{"href":"https:\/\/sites.ifi.unicamp.br\/machado\/wp-json\/wp\/v2\/pages\/95","targetHints":{"allow":["GET"]}}],"collection":[{"href":"https:\/\/sites.ifi.unicamp.br\/machado\/wp-json\/wp\/v2\/pages"}],"about":[{"href":"https:\/\/sites.ifi.unicamp.br\/machado\/wp-json\/wp\/v2\/types\/page"}],"author":[{"embeddable":true,"href":"https:\/\/sites.ifi.unicamp.br\/machado\/wp-json\/wp\/v2\/users\/7"}],"replies":[{"embeddable":true,"href":"https:\/\/sites.ifi.unicamp.br\/machado\/wp-json\/wp\/v2\/comments?post=95"}],"version-history":[{"count":5,"href":"https:\/\/sites.ifi.unicamp.br\/machado\/wp-json\/wp\/v2\/pages\/95\/revisions"}],"predecessor-version":[{"id":140,"href":"https:\/\/sites.ifi.unicamp.br\/machado\/wp-json\/wp\/v2\/pages\/95\/revisions\/140"}],"wp:attachment":[{"href":"https:\/\/sites.ifi.unicamp.br\/machado\/wp-json\/wp\/v2\/media?parent=95"}],"curies":[{"name":"wp","href":"https:\/\/api.w.org\/{rel}","templated":true}]}}