{"id":307,"date":"2014-04-25T16:50:01","date_gmt":"2014-04-25T16:50:01","guid":{"rendered":"https:\/\/sites.ifi.unicamp.br\/maplima\/?page_id=307"},"modified":"2026-04-15T08:49:44","modified_gmt":"2026-04-15T11:49:44","slug":"palestras","status":"publish","type":"page","link":"https:\/\/sites.ifi.unicamp.br\/maplima\/en\/palestras\/","title":{"rendered":"Recent invited talks"},"content":{"rendered":"<p><\/p>\n<ol>\n<li><strong><a href=\"http:\/\/www.ifi.unicamp.br\/%7Emaplima\/maplima-posmol2013.pdf\">Posmol (Kanazawa, Japan, July 2013)<\/a><\/strong><\/li>\n<li><strong><a href=\"http:\/\/www.ifi.unicamp.br\/%7Emaplima\/maplima-xiwfme2013.pdf\">XI WFME (Feira de Santana, Bahia, December 2013)<\/a><\/strong><\/li>\n<li><strong>Colloquiumat <a href=\"http:\/\/www.ifi.unicamp.br\/%7Emaplima\/maplima-IFT2014.pdf\">IFT joint to ICTP\/SAIFR (S\u00e3o Paulo, SP, april 2014)<\/a><\/strong><\/li>\n<li><strong>At the Interface between Physics and Biology, (Fapesp, S\u00e3o Paulo, 2014). \u201c<a href=\"http:\/\/www.ifi.unicamp.br\/%7Emaplima\/maplima-intphysbio2014.pdf\">Challenges for Competitive Synthetic Biology in Brazil<\/a>\u201d<\/strong><\/li>\n<li><strong><a href=\"http:\/\/www.ifi.unicamp.br\/%7Emaplima\/maplima-XXXVII-ENFMC.pdf\">XXXVIII ENFMC (Costa do Sau\u00edpe, Bahia, May 2014)<\/a><\/strong><\/li>\n<li><strong>Colloquiumat IFGW\/UNICAMP (Campinas, Maio de 2014)<\/strong><\/li>\n<li><strong><a href=\"http:\/\/www.ifi.unicamp.br\/%7Emaplima\/maplima-IAEA-ITAMP.pdf\">Joint Workshop with ITAMP\/IAEA on \u201cUncertainty Assessment for Atomic and Molecular Data\u201d (Cambridge, July 2014)<\/a><\/strong><\/li>\n<li><strong><a href=\"http:\/\/www.ifi.unicamp.br\/%7Emaplima\/maplima-MP2-UFAM.pdf\">1st International Conference on Molecules and Polymers and Material Physics (Manaus, UFAM, August 2014)<\/a><\/strong><\/li>\n<li><b><strong><a href=\"http:\/\/www.ifi.unicamp.br\/%7Emaplima\/maplima-UFJF-IVWPGF.pdf\">IV-WPGF \u201cEspalhamento de el\u00e9trons por fragmentos moleculares da biomassa\u201d (Juiz de Fora, UFJF, September 2015)<\/a>&nbsp;<\/strong><\/b><\/li>\n<li><strong><a href=\"http:\/\/www.ifi.unicamp.br\/%7Emaplima\/maplima-GEC-Honolulu.pdf\">Gaseous Electronic Conference (GEC) \u201cElectron Scattering by biomass molecular fragments\u201d (Honolulu, October 2015)<\/a>. An joint meeting organized by the American Physical Society with ICRP and SPP.<\/strong><\/li>\n<li><strong><a href=\"http:\/\/www.ifi.unicamp.br\/%7Emaplima\/maplima-Curitiba.pdf\">Workshop&nbsp;on Molecular&nbsp;Physics&nbsp;Applied to&nbsp;Medical&nbsp;Science &#8220;Electronic excitation of molecules by electron&nbsp;impact with the Schwinger Multichannel Method&nbsp;with Pseudopotentials (SMCPP):&nbsp;how far has it gone?&#8221; (Curitiba, &nbsp;Dezembro de 2019)<\/a>.<\/strong><\/li>\n<li><a href=\"http:\/\/www.ifi.unicamp.br\/%7Emaplima\/maplima-FpC.pdf\"><strong>F\u00edsica para Curiosos &#8220;Mist\u00e9rios da Mec\u00e2nica Qu\u00e2ntica&#8221; (IFGW, Unicamp, Campinas, SP, junho de 2021).<\/strong><\/a><\/li>\n<li><a href=\"https:\/\/www.youtube.com\/watch?v=c0UxSgPePck\"><strong>Youtube: F\u00edsica para Curiosos &#8220;Mist\u00e9rios da Mec\u00e2nica Qu\u00e2ntica&#8221; (IFGW, Unicamp, Campinas, SP, junho de 2021).<\/strong><\/a><\/li>\n<li><strong><a href=\"http:\/\/www.ifi.unicamp.br\/%7Emaplima\/maplima-HIDS-CCUS-20210617.pdf\">Aula na Disciplina PP590, Carbon Capture Use and Storage &#8220;International Hub for Sustainable Development (HIDS)&#8221;, (Campinas, junho de 2021)<\/a>.<\/strong><\/li>\n<li><a href=\"http:\/\/www.ifi.unicamp.br\/~maplima\/maplima-EMS2021.pdf\"><strong>Electronic Excitation of Molecules by Electron Impact: The Theoretical and Experimental Situatio<\/strong>n<\/a>, <strong>EMS2021, Virtual Meeting July 29-30 (Notre Dame University &#8211; IN, USA).<\/strong><\/li>\n<\/ol>\n<p><\/p>","protected":false},"excerpt":{"rendered":"<p>Posmol (Kanazawa, Japan, July 2013) XI WFME (Feira de Santana, Bahia, December 2013) Colloquiumat IFT joint to ICTP\/SAIFR (S\u00e3o Paulo, SP, april 2014) At the Interface between Physics and Biology, (Fapesp, S\u00e3o Paulo, 2014). \u201cChallenges for Competitive Synthetic Biology in Brazil\u201d XXXVIII ENFMC (Costa do Sau\u00edpe, Bahia, May 2014) Colloquiumat IFGW\/UNICAMP (Campinas, Maio de 2014) &hellip; <\/p>\n<p><a class=\"more-link btn\" href=\"https:\/\/sites.ifi.unicamp.br\/maplima\/en\/palestras\/\">Continue reading<\/a><\/p>\n","protected":false},"author":106,"featured_media":0,"parent":0,"menu_order":0,"comment_status":"closed","ping_status":"closed","template":"","meta":{"ngg_post_thumbnail":0,"footnotes":""},"class_list":["post-307","page","type-page","status-publish","hentry","nodate","item-wrap"],"_links":{"self":[{"href":"https:\/\/sites.ifi.unicamp.br\/maplima\/en\/wp-json\/wp\/v2\/pages\/307","targetHints":{"allow":["GET"]}}],"collection":[{"href":"https:\/\/sites.ifi.unicamp.br\/maplima\/en\/wp-json\/wp\/v2\/pages"}],"about":[{"href":"https:\/\/sites.ifi.unicamp.br\/maplima\/en\/wp-json\/wp\/v2\/types\/page"}],"author":[{"embeddable":true,"href":"https:\/\/sites.ifi.unicamp.br\/maplima\/en\/wp-json\/wp\/v2\/users\/106"}],"replies":[{"embeddable":true,"href":"https:\/\/sites.ifi.unicamp.br\/maplima\/en\/wp-json\/wp\/v2\/comments?post=307"}],"version-history":[{"count":27,"href":"https:\/\/sites.ifi.unicamp.br\/maplima\/en\/wp-json\/wp\/v2\/pages\/307\/revisions"}],"predecessor-version":[{"id":3890,"href":"https:\/\/sites.ifi.unicamp.br\/maplima\/en\/wp-json\/wp\/v2\/pages\/307\/revisions\/3890"}],"wp:attachment":[{"href":"https:\/\/sites.ifi.unicamp.br\/maplima\/en\/wp-json\/wp\/v2\/media?parent=307"}],"curies":[{"name":"wp","href":"https:\/\/api.w.org\/{rel}","templated":true}]}}